{"id":15024,"date":"2024-08-05T19:09:38","date_gmt":"2024-08-05T17:09:38","guid":{"rendered":"https:\/\/www.puertaacorazada.es\/mauer-cylinders\/"},"modified":"2024-09-23T17:49:28","modified_gmt":"2024-09-23T15:49:28","slug":"mauer-cylinders","status":"publish","type":"page","link":"https:\/\/www.puertaacorazada.es\/en\/mauer-cylinders\/","title":{"rendered":"Mauer cylinders"},"content":{"rendered":"\t\t<div data-elementor-type=\"wp-page\" data-elementor-id=\"15024\" class=\"elementor elementor-15024\">\n\t\t\t\t<div class=\"elementor-element elementor-element-7faa252 e-flex e-con-boxed e-con e-parent\" data-id=\"7faa252\" data-element_type=\"container\">\n\t\t\t\t\t<div class=\"e-con-inner\">\n\t\t\t\t<div class=\"elementor-element elementor-element-77d1918 elementor-tabs-view-horizontal elementor-widget elementor-widget-tabs\" data-id=\"77d1918\" data-element_type=\"widget\" data-widget_type=\"tabs.default\">\n\t\t\t\t<div class=\"elementor-widget-container\">\n\t\t\t\t\t\t\t<div class=\"elementor-tabs\">\n\t\t\t<div class=\"elementor-tabs-wrapper\" role=\"tablist\" >\n\t\t\t\t\t\t\t\t\t<div id=\"elementor-tab-title-1251\" class=\"elementor-tab-title elementor-tab-desktop-title\" aria-selected=\"true\" data-tab=\"1\" role=\"tab\" tabindex=\"0\" aria-controls=\"elementor-tab-content-1251\" aria-expanded=\"false\">NW5<\/div>\n\t\t\t\t\t\t\t\t\t<div id=\"elementor-tab-title-1252\" class=\"elementor-tab-title elementor-tab-desktop-title\" aria-selected=\"false\" data-tab=\"2\" role=\"tab\" tabindex=\"-1\" aria-controls=\"elementor-tab-content-1252\" aria-expanded=\"false\">NW4-CABMA<\/div>\n\t\t\t\t\t\t\t\t\t<div id=\"elementor-tab-title-1253\" class=\"elementor-tab-title elementor-tab-desktop-title\" aria-selected=\"false\" data-tab=\"3\" role=\"tab\" tabindex=\"-1\" aria-controls=\"elementor-tab-content-1253\" aria-expanded=\"false\">\u00c9lite 3 Red Line<\/div>\n\t\t\t\t\t\t\t<\/div>\n\t\t\t<div class=\"elementor-tabs-content-wrapper\" role=\"tablist\" aria-orientation=\"vertical\">\n\t\t\t\t\t\t\t\t\t<div class=\"elementor-tab-title elementor-tab-mobile-title\" aria-selected=\"true\" data-tab=\"1\" role=\"tab\" tabindex=\"0\" aria-controls=\"elementor-tab-content-1251\" aria-expanded=\"false\">NW5<\/div>\n\t\t\t\t\t<div id=\"elementor-tab-content-1251\" class=\"elementor-tab-content elementor-clearfix\" data-tab=\"1\" role=\"tabpanel\" aria-labelledby=\"elementor-tab-title-1251\" tabindex=\"0\" hidden=\"false\"><div class=\"listapr\">\n<div class=\"lista-imagen galeria-listapr\">\n              <a href=\"https:\/\/www.cabma.es\/wp-content\/uploads\/2023\/06\/NW5-01.jpg\" rel=\"lightbox\"><br \/>\n                <img fetchpriority=\"high\" decoding=\"async\" class=\"alignleft\" src=\"https:\/\/www.cabma.es\/wp-content\/uploads\/2023\/06\/NW5-01.jpg\" alt=\"High security cylinder\" width=\"435\" height=\"373\"><br \/>\n              <\/a>\n            <\/div>\n<div class=\"lista-imagen galeria-listapr\">\n              <a href=\"https:\/\/www.cabma.es\/imagenes\/bombillo-nw5\/nw5-964x682.jpg\" rel=\"lightbox\"><br \/>\n                <img decoding=\"async\" class=\"alignright\" src=\"https:\/\/www.cabma.es\/imagenes\/bombillo-nw5\/nw5-714x505.jpg\" alt=\"High security cylinder\" width=\"537\" height=\"379\"><br \/>\n              <\/a>\n            <\/div>\n<\/p><\/div>\n<ul class=\"lista-puerta-detalle\">\n<li>Created according to the newest and most innovative technologies.<\/li>\n<li>Resistencia &gt; 1500 Kg a la extracci\u00f3n seg\u00fan la normativa europea m\u00e1s exigente.<\/li>\n<li>Fire resistance + 400\u00b0C.<\/li>\n<li>Patented key construction.<\/li>\n<li>More than 20,000,000 permutations.<\/li>\n<li>Anti-extraction cam achieving extreme resistance.<\/li>\n<li>Hardened inserts on the front and multiple anti-drill steel bolts.<\/li>\n<li>Security code card to avoid illegal key duplicates, achieving full control of the copies.<\/li>\n<li>High resistance of materials with more than 100,000 opening cycles (nickel silver pins and keys).<\/li>\n<li>Possibility of training and equalization.<\/li>\n<\/ul>\n<\/div>\n\t\t\t\t\t\t\t\t\t<div class=\"elementor-tab-title elementor-tab-mobile-title\" aria-selected=\"false\" data-tab=\"2\" role=\"tab\" tabindex=\"-1\" aria-controls=\"elementor-tab-content-1252\" aria-expanded=\"false\">NW4-CABMA<\/div>\n\t\t\t\t\t<div id=\"elementor-tab-content-1252\" class=\"elementor-tab-content elementor-clearfix\" data-tab=\"2\" role=\"tabpanel\" aria-labelledby=\"elementor-tab-title-1252\" tabindex=\"0\" hidden=\"hidden\"><div class=\"listapr\">\n<div class=\"lista-imagen galeria-listapr\">\n              <a href=\"https:\/\/www.cabma.es\/wp-content\/uploads\/2024\/07\/Mauer-NW4.jpg\" rel=\"lightbox\"><br \/>\n                <img decoding=\"async\" class=\"alignleft\" src=\"https:\/\/www.cabma.es\/wp-content\/uploads\/2024\/07\/Mauer-NW4.jpg\" alt=\"High security cylinder\" width=\"422\" height=\"363\"><br \/>\n              <\/a>\n            <\/div>\n<div class=\"lista-imagen galeria-listapr\">\n              <a href=\"https:\/\/www.cabma.es\/wp-content\/uploads\/2024\/07\/Mauer-NW4-Interior.jpg\" rel=\"lightbox\"><br \/>\n                <img loading=\"lazy\" decoding=\"async\" class=\"\" src=\"https:\/\/www.cabma.es\/wp-content\/uploads\/2024\/07\/Mauer-NW4-Interior.jpg\" alt=\"High security cylinder\" width=\"449\" height=\"349\"><br \/>\n              <\/a>\n            <\/div>\n<\/p><\/div>\n<div> <\/div>\n<div> <\/div>\n<ul class=\"lista-puerta-detalle\">\n<li style=\"list-style-type: none;\">\n<ul class=\"lista-puerta-detalle\">\n<li>Standard on our Thor 20, Thor 20 PLUS and iDOM models.<\/li>\n<li>Created according to the newest and most innovative technologies.<\/li>\n<li> <\/li>\n<\/ul>\n<\/li>\n<\/ul>\n<div class=\"listapr\">\n<div class=\"lista-imagen galeria-listapr\">\n              <a href=\"https:\/\/www.cabma.es\/wp-content\/uploads\/2024\/07\/Mauer-NW4-Llave.jpg\" rel=\"lightbox\"><br \/>\n                <img loading=\"lazy\" decoding=\"async\" src=\"https:\/\/www.cabma.es\/wp-content\/uploads\/2024\/07\/Mauer-NW4-Llave.jpg\" alt=\"High security cylinder\" width=\"500\" height=\"505\"><br \/>\n              <\/a>\n            <\/div>\n<div> <\/div>\n<\/p><\/div>\n<ul class=\"lista-puerta-detalle\">\n<li>Patented key construction, with moving pin and regatta for optimal control of duplicates.<\/li>\n<li>Anti-drilling, anti-bumping, anti-pulling, anti-impressioning, anti-picking.<\/li>\n<li>Security code card to avoid illegal key duplicates, achieving full control of the copies.<\/li>\n<li>Possibility of training and equalization.<\/li>\n<\/ul>\n<\/div>\n\t\t\t\t\t\t\t\t\t<div class=\"elementor-tab-title elementor-tab-mobile-title\" aria-selected=\"false\" data-tab=\"3\" role=\"tab\" tabindex=\"-1\" aria-controls=\"elementor-tab-content-1253\" aria-expanded=\"false\">\u00c9lite 3 Red Line<\/div>\n\t\t\t\t\t<div id=\"elementor-tab-content-1253\" class=\"elementor-tab-content elementor-clearfix\" data-tab=\"3\" role=\"tabpanel\" aria-labelledby=\"elementor-tab-title-1253\" tabindex=\"0\" hidden=\"hidden\"><div class=\"listapr\">\n<div class=\"lista-imagen galeria-listapr\">\n              <a href=\"https:\/\/www.cabma.es\/wp-content\/uploads\/2023\/06\/Red-line-01.jpg\" rel=\"lightbox\"><br \/>\n                <img loading=\"lazy\" decoding=\"async\" class=\"alignleft\" src=\"https:\/\/www.cabma.es\/wp-content\/uploads\/2023\/06\/Red-line-01.jpg\" alt=\"High security cylinder\" width=\"394\" height=\"339\"><br \/>\n              <\/a>\n            <\/div>\n<div class=\"lista-imagen galeria-listapr\">\n              <a href=\"https:\/\/www.cabma.es\/wp-content\/uploads\/2023\/06\/Red-line-02_Seccion.jpg\" rel=\"lightbox\"><br \/>\n                <img loading=\"lazy\" decoding=\"async\" class=\"\" src=\"https:\/\/www.cabma.es\/wp-content\/uploads\/2023\/06\/Red-line-02_Seccion.jpg\" alt=\"High security cylinder\" width=\"388\" height=\"381\"><br \/>\n              <\/a>\n            <\/div>\n<\/p><\/div>\n<ul class=\"lista-puerta-detalle\">\n<li>Standard on our Eco-Thor and Segur-T models.<\/li>\n<li>Created according to the newest and most innovative technologies.<\/li>\n<li>Patented key construction.<\/li>\n<li>Anti-drill, anti-bumping, anti-pull, anti-pick.<\/li>\n<li>Security code card to avoid illegal key duplicates, achieving full control of the copies.<\/li>\n<li>Possibility of training and equalization.<\/li>\n<\/ul>\n<\/div>\n\t\t\t\t\t\t\t<\/div>\n\t\t<\/div>\n\t\t\t\t\t\t<\/div>\n\t\t\t\t<\/div>\n\t\t\t\t\t<\/div>\n\t\t\t\t<\/div>\n\t\t\t\t<\/div>\n\t\t","protected":false},"excerpt":{"rendered":"<p>NW5 NW4-CABMA \u00c9lite 3 Red Line NW5 Created according to the newest and most innovative technologies. Resistencia &gt; 1500 Kg a la extracci\u00f3n seg\u00fan la normativa europea m\u00e1s exigente. Fire resistance + 400\u00b0C. Patented key construction. More than 20,000,000 permutations. Anti-extraction cam achieving extreme resistance. Hardened inserts on the front and multiple anti-drill steel bolts&#8230;.<\/p>\n","protected":false},"author":1,"featured_media":0,"parent":0,"menu_order":0,"comment_status":"closed","ping_status":"closed","template":"","meta":{"footnotes":""},"class_list":["post-15024","page","type-page","status-publish","hentry"],"yoast_head":"<!-- This site is optimized with the Yoast SEO plugin v25.0 - https:\/\/yoast.com\/wordpress\/plugins\/seo\/ -->\n<title>Mauer cylinders - PuertaAcorazada.es<\/title>\n<meta name=\"robots\" content=\"index, follow, max-snippet:-1, max-image-preview:large, max-video-preview:-1\" \/>\n<link rel=\"canonical\" href=\"https:\/\/www.puertaacorazada.es\/cilindros-mauer\/\" \/>\n<meta property=\"og:locale\" content=\"en_US\" \/>\n<meta property=\"og:type\" content=\"article\" \/>\n<meta property=\"og:title\" content=\"Mauer cylinders - PuertaAcorazada.es\" \/>\n<meta property=\"og:description\" content=\"NW5 NW4-CABMA \u00c9lite 3 Red Line NW5 Created according to the newest and most innovative technologies. Resistencia &gt; 1500 Kg a la extracci\u00f3n seg\u00fan la normativa europea m\u00e1s exigente. Fire resistance + 400\u00b0C. Patented key construction. More than 20,000,000 permutations. Anti-extraction cam achieving extreme resistance. Hardened inserts on the front and multiple anti-drill steel bolts....\" \/>\n<meta property=\"og:url\" content=\"https:\/\/www.puertaacorazada.es\/cilindros-mauer\/\" \/>\n<meta property=\"og:site_name\" content=\"PuertaAcorazada.es\" \/>\n<meta property=\"article:modified_time\" content=\"2024-09-23T15:49:28+00:00\" \/>\n<meta property=\"og:image\" content=\"https:\/\/www.cabma.es\/wp-content\/uploads\/2023\/06\/NW5-01.jpg\" \/>\n<meta name=\"twitter:card\" content=\"summary_large_image\" \/>\n<meta name=\"twitter:label1\" content=\"Est. reading time\" \/>\n\t<meta name=\"twitter:data1\" content=\"1 minute\" \/>\n<script type=\"application\/ld+json\" class=\"yoast-schema-graph\">{\"@context\":\"https:\/\/schema.org\",\"@graph\":[{\"@type\":\"WebPage\",\"@id\":\"https:\/\/www.puertaacorazada.es\/cilindros-mauer\/\",\"url\":\"https:\/\/www.puertaacorazada.es\/cilindros-mauer\/\",\"name\":\"Mauer cylinders - PuertaAcorazada.es\",\"isPartOf\":{\"@id\":\"https:\/\/www.puertaacorazada.es\/#website\"},\"primaryImageOfPage\":{\"@id\":\"https:\/\/www.puertaacorazada.es\/cilindros-mauer\/#primaryimage\"},\"image\":{\"@id\":\"https:\/\/www.puertaacorazada.es\/cilindros-mauer\/#primaryimage\"},\"thumbnailUrl\":\"https:\/\/www.cabma.es\/wp-content\/uploads\/2023\/06\/NW5-01.jpg\",\"datePublished\":\"2024-08-05T17:09:38+00:00\",\"dateModified\":\"2024-09-23T15:49:28+00:00\",\"breadcrumb\":{\"@id\":\"https:\/\/www.puertaacorazada.es\/cilindros-mauer\/#breadcrumb\"},\"inLanguage\":\"en-US\",\"potentialAction\":[{\"@type\":\"ReadAction\",\"target\":[\"https:\/\/www.puertaacorazada.es\/cilindros-mauer\/\"]}]},{\"@type\":\"ImageObject\",\"inLanguage\":\"en-US\",\"@id\":\"https:\/\/www.puertaacorazada.es\/cilindros-mauer\/#primaryimage\",\"url\":\"https:\/\/www.cabma.es\/wp-content\/uploads\/2023\/06\/NW5-01.jpg\",\"contentUrl\":\"https:\/\/www.cabma.es\/wp-content\/uploads\/2023\/06\/NW5-01.jpg\"},{\"@type\":\"BreadcrumbList\",\"@id\":\"https:\/\/www.puertaacorazada.es\/cilindros-mauer\/#breadcrumb\",\"itemListElement\":[{\"@type\":\"ListItem\",\"position\":1,\"name\":\"Portada\",\"item\":\"https:\/\/www.puertaacorazada.es\/\"},{\"@type\":\"ListItem\",\"position\":2,\"name\":\"Mauer cylinders\"}]},{\"@type\":\"WebSite\",\"@id\":\"https:\/\/www.puertaacorazada.es\/#website\",\"url\":\"https:\/\/www.puertaacorazada.es\/\",\"name\":\"PuertaAcorazada.es\",\"description\":\"Puertas acorazadas para la m\u00e1xima seguridad\",\"publisher\":{\"@id\":\"https:\/\/www.puertaacorazada.es\/#organization\"},\"potentialAction\":[{\"@type\":\"SearchAction\",\"target\":{\"@type\":\"EntryPoint\",\"urlTemplate\":\"https:\/\/www.puertaacorazada.es\/?s={search_term_string}\"},\"query-input\":{\"@type\":\"PropertyValueSpecification\",\"valueRequired\":true,\"valueName\":\"search_term_string\"}}],\"inLanguage\":\"en-US\"},{\"@type\":\"Organization\",\"@id\":\"https:\/\/www.puertaacorazada.es\/#organization\",\"name\":\"PuertaAcorazada.es\",\"url\":\"https:\/\/www.puertaacorazada.es\/\",\"logo\":{\"@type\":\"ImageObject\",\"inLanguage\":\"en-US\",\"@id\":\"https:\/\/www.puertaacorazada.es\/#\/schema\/logo\/image\/\",\"url\":\"https:\/\/www.puertaacorazada.es\/wp-content\/uploads\/2024\/08\/cropped-favicon1.png\",\"contentUrl\":\"https:\/\/www.puertaacorazada.es\/wp-content\/uploads\/2024\/08\/cropped-favicon1.png\",\"width\":512,\"height\":512,\"caption\":\"PuertaAcorazada.es\"},\"image\":{\"@id\":\"https:\/\/www.puertaacorazada.es\/#\/schema\/logo\/image\/\"}}]}<\/script>\n<!-- \/ Yoast SEO plugin. -->","yoast_head_json":{"title":"Mauer cylinders - PuertaAcorazada.es","robots":{"index":"index","follow":"follow","max-snippet":"max-snippet:-1","max-image-preview":"max-image-preview:large","max-video-preview":"max-video-preview:-1"},"canonical":"https:\/\/www.puertaacorazada.es\/cilindros-mauer\/","og_locale":"en_US","og_type":"article","og_title":"Mauer cylinders - PuertaAcorazada.es","og_description":"NW5 NW4-CABMA \u00c9lite 3 Red Line NW5 Created according to the newest and most innovative technologies. Resistencia &gt; 1500 Kg a la extracci\u00f3n seg\u00fan la normativa europea m\u00e1s exigente. Fire resistance + 400\u00b0C. Patented key construction. More than 20,000,000 permutations. Anti-extraction cam achieving extreme resistance. Hardened inserts on the front and multiple anti-drill steel bolts....","og_url":"https:\/\/www.puertaacorazada.es\/cilindros-mauer\/","og_site_name":"PuertaAcorazada.es","article_modified_time":"2024-09-23T15:49:28+00:00","og_image":[{"url":"https:\/\/www.cabma.es\/wp-content\/uploads\/2023\/06\/NW5-01.jpg","type":"","width":"","height":""}],"twitter_card":"summary_large_image","twitter_misc":{"Est. reading time":"1 minute"},"schema":{"@context":"https:\/\/schema.org","@graph":[{"@type":"WebPage","@id":"https:\/\/www.puertaacorazada.es\/cilindros-mauer\/","url":"https:\/\/www.puertaacorazada.es\/cilindros-mauer\/","name":"Mauer cylinders - PuertaAcorazada.es","isPartOf":{"@id":"https:\/\/www.puertaacorazada.es\/#website"},"primaryImageOfPage":{"@id":"https:\/\/www.puertaacorazada.es\/cilindros-mauer\/#primaryimage"},"image":{"@id":"https:\/\/www.puertaacorazada.es\/cilindros-mauer\/#primaryimage"},"thumbnailUrl":"https:\/\/www.cabma.es\/wp-content\/uploads\/2023\/06\/NW5-01.jpg","datePublished":"2024-08-05T17:09:38+00:00","dateModified":"2024-09-23T15:49:28+00:00","breadcrumb":{"@id":"https:\/\/www.puertaacorazada.es\/cilindros-mauer\/#breadcrumb"},"inLanguage":"en-US","potentialAction":[{"@type":"ReadAction","target":["https:\/\/www.puertaacorazada.es\/cilindros-mauer\/"]}]},{"@type":"ImageObject","inLanguage":"en-US","@id":"https:\/\/www.puertaacorazada.es\/cilindros-mauer\/#primaryimage","url":"https:\/\/www.cabma.es\/wp-content\/uploads\/2023\/06\/NW5-01.jpg","contentUrl":"https:\/\/www.cabma.es\/wp-content\/uploads\/2023\/06\/NW5-01.jpg"},{"@type":"BreadcrumbList","@id":"https:\/\/www.puertaacorazada.es\/cilindros-mauer\/#breadcrumb","itemListElement":[{"@type":"ListItem","position":1,"name":"Portada","item":"https:\/\/www.puertaacorazada.es\/"},{"@type":"ListItem","position":2,"name":"Mauer cylinders"}]},{"@type":"WebSite","@id":"https:\/\/www.puertaacorazada.es\/#website","url":"https:\/\/www.puertaacorazada.es\/","name":"PuertaAcorazada.es","description":"Puertas acorazadas para la m\u00e1xima seguridad","publisher":{"@id":"https:\/\/www.puertaacorazada.es\/#organization"},"potentialAction":[{"@type":"SearchAction","target":{"@type":"EntryPoint","urlTemplate":"https:\/\/www.puertaacorazada.es\/?s={search_term_string}"},"query-input":{"@type":"PropertyValueSpecification","valueRequired":true,"valueName":"search_term_string"}}],"inLanguage":"en-US"},{"@type":"Organization","@id":"https:\/\/www.puertaacorazada.es\/#organization","name":"PuertaAcorazada.es","url":"https:\/\/www.puertaacorazada.es\/","logo":{"@type":"ImageObject","inLanguage":"en-US","@id":"https:\/\/www.puertaacorazada.es\/#\/schema\/logo\/image\/","url":"https:\/\/www.puertaacorazada.es\/wp-content\/uploads\/2024\/08\/cropped-favicon1.png","contentUrl":"https:\/\/www.puertaacorazada.es\/wp-content\/uploads\/2024\/08\/cropped-favicon1.png","width":512,"height":512,"caption":"PuertaAcorazada.es"},"image":{"@id":"https:\/\/www.puertaacorazada.es\/#\/schema\/logo\/image\/"}}]}},"_links":{"self":[{"href":"https:\/\/www.puertaacorazada.es\/en\/wp-json\/wp\/v2\/pages\/15024","targetHints":{"allow":["GET"]}}],"collection":[{"href":"https:\/\/www.puertaacorazada.es\/en\/wp-json\/wp\/v2\/pages"}],"about":[{"href":"https:\/\/www.puertaacorazada.es\/en\/wp-json\/wp\/v2\/types\/page"}],"author":[{"embeddable":true,"href":"https:\/\/www.puertaacorazada.es\/en\/wp-json\/wp\/v2\/users\/1"}],"replies":[{"embeddable":true,"href":"https:\/\/www.puertaacorazada.es\/en\/wp-json\/wp\/v2\/comments?post=15024"}],"version-history":[{"count":3,"href":"https:\/\/www.puertaacorazada.es\/en\/wp-json\/wp\/v2\/pages\/15024\/revisions"}],"predecessor-version":[{"id":15044,"href":"https:\/\/www.puertaacorazada.es\/en\/wp-json\/wp\/v2\/pages\/15024\/revisions\/15044"}],"wp:attachment":[{"href":"https:\/\/www.puertaacorazada.es\/en\/wp-json\/wp\/v2\/media?parent=15024"}],"curies":[{"name":"wp","href":"https:\/\/api.w.org\/{rel}","templated":true}]}}