{"id":15020,"date":"2024-08-05T19:21:06","date_gmt":"2024-08-05T17:21:06","guid":{"rendered":"https:\/\/www.puertaacorazada.es\/cylindres-keso\/"},"modified":"2024-09-23T12:22:32","modified_gmt":"2024-09-23T10:22:32","slug":"cylindres-keso","status":"publish","type":"page","link":"https:\/\/www.puertaacorazada.es\/fr\/cylindres-keso\/","title":{"rendered":"cylindres keso"},"content":{"rendered":"\t\t<div data-elementor-type=\"wp-page\" data-elementor-id=\"15020\" class=\"elementor elementor-15020\">\n\t\t\t\t<div class=\"elementor-element elementor-element-4ce8297 e-flex e-con-boxed e-con e-parent\" data-id=\"4ce8297\" data-element_type=\"container\">\n\t\t\t\t\t<div class=\"e-con-inner\">\n\t\t\t\t<div class=\"elementor-element elementor-element-4d313fc elementor-tabs-view-horizontal elementor-widget elementor-widget-tabs\" data-id=\"4d313fc\" data-element_type=\"widget\" data-widget_type=\"tabs.default\">\n\t\t\t\t<div class=\"elementor-widget-container\">\n\t\t\t\t\t\t\t<div class=\"elementor-tabs\">\n\t\t\t<div class=\"elementor-tabs-wrapper\" role=\"tablist\" >\n\t\t\t\t\t\t\t\t\t<div id=\"elementor-tab-title-8091\" class=\"elementor-tab-title elementor-tab-desktop-title\" aria-selected=\"true\" data-tab=\"1\" role=\"tab\" tabindex=\"0\" aria-controls=\"elementor-tab-content-8091\" aria-expanded=\"false\">8000 Omega2 MASTEER<\/div>\n\t\t\t\t\t\t\t\t\t<div id=\"elementor-tab-title-8092\" class=\"elementor-tab-title elementor-tab-desktop-title\" aria-selected=\"false\" data-tab=\"2\" role=\"tab\" tabindex=\"-1\" aria-controls=\"elementor-tab-content-8092\" aria-expanded=\"false\">8000 Omega2 PREMIUM<\/div>\n\t\t\t\t\t\t\t\t\t<div id=\"elementor-tab-title-8093\" class=\"elementor-tab-title elementor-tab-desktop-title\" aria-selected=\"false\" data-tab=\"3\" role=\"tab\" tabindex=\"-1\" aria-controls=\"elementor-tab-content-8093\" aria-expanded=\"false\">8000 Omega2 ULTRA<\/div>\n\t\t\t\t\t\t\t<\/div>\n\t\t\t<div class=\"elementor-tabs-content-wrapper\" role=\"tablist\" aria-orientation=\"vertical\">\n\t\t\t\t\t\t\t\t\t<div class=\"elementor-tab-title elementor-tab-mobile-title\" aria-selected=\"true\" data-tab=\"1\" role=\"tab\" tabindex=\"0\" aria-controls=\"elementor-tab-content-8091\" aria-expanded=\"false\">8000 Omega2 MASTEER<\/div>\n\t\t\t\t\t<div id=\"elementor-tab-content-8091\" class=\"elementor-tab-content elementor-clearfix\" data-tab=\"1\" role=\"tabpanel\" aria-labelledby=\"elementor-tab-title-8091\" tabindex=\"0\" hidden=\"false\"><div class=\"listapr\">\n<div class=\"lista-imagen galeria-listapr\">\n              <a href=\"https:\/\/www.cabma.es\/wp-content\/uploads\/2023\/06\/Keso-Master.jpg\" rel=\"lightbox\"><br \/>\n                <img fetchpriority=\"high\" decoding=\"async\" class=\"alignleft\" src=\"https:\/\/www.cabma.es\/wp-content\/uploads\/2023\/06\/Keso-Master.jpg\" alt=\"Cylindre haute s\u00e9curit\u00e9\" width=\"452\" height=\"336\"><br \/>\n              <\/a>\n            <\/div>\n<div class=\"lista-imagen galeria-listapr\">\n              <a href=\"https:\/\/www.cabma.es\/wp-content\/uploads\/2023\/06\/Keso-Master_corte.jpg\" rel=\"lightbox\"><br \/>\n                <img decoding=\"async\" class=\"\" src=\"https:\/\/www.cabma.es\/wp-content\/uploads\/2023\/06\/Keso-Master_corte.jpg\" alt=\"Cylindre haute s\u00e9curit\u00e9\" width=\"458\" height=\"274\"><br \/>\n              <\/a>\n            <\/div>\n<\/p><\/div>\n<\/p>\n<\/p>\n<ul class=\"lista-puerta-detalle\">\n<li>Anti-bumping. Le syst\u00e8me Omega2 et la configuration \u00e9tudi\u00e9e de la position et de la hauteur des goupilles en font l&#8217;un des rares v\u00e9rins r\u00e9ellement anti-bumping. <\/li>\n<li>Anti-per\u00e7age. 3 rang\u00e9es de goupilles, toutes en acier. <\/li>\n<li>Anti-piq\u00fbre. Pointes de contr\u00f4le et syst\u00e8me anti-piq\u00fbre Omega2. <\/li>\n<li>Prot\u00e9g\u00e9 contre l&#8217;extraction avec un rotor \u00e0 chargement arri\u00e8re.<\/li>\n<li>Des cl\u00e9s qui ne peuvent pas \u00eatre copi\u00e9es. Par brevet valable jusqu&#8217;en 2034, et physiquement avec une goupille active int\u00e9gr\u00e9e dans la cl\u00e9 et le cylindre, tous deux brevet\u00e9s. Prot\u00e9g\u00e9es contre la copie par des imprimantes 3D.  <\/li>\n<li>Il n&#8217;y a pas 2 cylindres avec la m\u00eame combinaison.<\/li>\n<li>Corps en laiton tremp\u00e9 HRC62.<\/li>\n<li>Ma\u00eetres certifi\u00e9s VDS.<\/li>\n<li>100 % combinable avec d&#8217;autres v\u00e9rins m\u00e9caniques, \u00e9lectroniques ou m\u00e9catroniques KESO 8000 Omega2, en utilisant les m\u00eames<\/li>\n<\/ul>\n<\/div>\n\t\t\t\t\t\t\t\t\t<div class=\"elementor-tab-title elementor-tab-mobile-title\" aria-selected=\"false\" data-tab=\"2\" role=\"tab\" tabindex=\"-1\" aria-controls=\"elementor-tab-content-8092\" aria-expanded=\"false\">8000 Omega2 PREMIUM<\/div>\n\t\t\t\t\t<div id=\"elementor-tab-content-8092\" class=\"elementor-tab-content elementor-clearfix\" data-tab=\"2\" role=\"tabpanel\" aria-labelledby=\"elementor-tab-title-8092\" tabindex=\"0\" hidden=\"hidden\"><div class=\"listapr\">\n<div class=\"lista-imagen galeria-listapr\">\n              <a href=\"https:\/\/www.cabma.es\/wp-content\/uploads\/2023\/06\/Keso_Premium.jpg\" rel=\"lightbox\"><br \/>\n                <img decoding=\"async\" src=\"https:\/\/www.cabma.es\/wp-content\/uploads\/2023\/06\/Keso_Premium.jpg\" alt=\"Cylindre haute s\u00e9curit\u00e9\" width=\"714\" height=\"505\"><br \/>\n              <\/a>\n            <\/div>\n<\/p><\/div>\n<\/p>\n<ul class=\"lista-puerta-detalle\">\n<li>Anti-bumping. Le syst\u00e8me Omega2 et la configuration \u00e9tudi\u00e9e de la position et de la hauteur des goupilles en font l&#8217;un des rares v\u00e9rins r\u00e9ellement anti-bumping. <\/li>\n<li>Anti-per\u00e7age. 3 rang\u00e9es de goupilles, toutes en acier. <\/li>\n<li>Anti-piq\u00fbre. Pointes de contr\u00f4le et syst\u00e8me anti-piq\u00fbre Omega2. <\/li>\n<li>Prot\u00e9g\u00e9 contre l&#8217;extraction par un rotor \u00e0 chargement arri\u00e8re et des verrous en acier.<\/li>\n<li>Des cl\u00e9s qui ne peuvent pas \u00eatre copi\u00e9es. Par brevet valable jusqu&#8217;en 2034, et physiquement avec une goupille active int\u00e9gr\u00e9e dans la cl\u00e9 et le cylindre, tous deux brevet\u00e9s. Prot\u00e9g\u00e9es contre la copie par des imprimantes 3D.  <\/li>\n<li>Corps et chevalet en acier chrome-nickel pour \u00e9viter les cassures.<\/li>\n<li>R\u00e9sistance EN1303 Classe D, VDS Classe BZ+ 2017.<\/li>\n<li>Il n&#8217;y a pas 2 cylindres avec la m\u00eame combinaison.<\/li>\n<li>Ma\u00eetres certifi\u00e9s VDS.<\/li>\n<li>100 % combinable avec d&#8217;autres cylindres m\u00e9caniques, \u00e9lectroniques ou m\u00e9catroniques KESO 8000 Omega2, en utilisant la m\u00eame cl\u00e9.<\/li>\n<li>13 goupilles internes anti-per\u00e7age et anti-arrachement.<\/li>\n<\/ul>\n<\/div>\n\t\t\t\t\t\t\t\t\t<div class=\"elementor-tab-title elementor-tab-mobile-title\" aria-selected=\"false\" data-tab=\"3\" role=\"tab\" tabindex=\"-1\" aria-controls=\"elementor-tab-content-8093\" aria-expanded=\"false\">8000 Omega2 ULTRA<\/div>\n\t\t\t\t\t<div id=\"elementor-tab-content-8093\" class=\"elementor-tab-content elementor-clearfix\" data-tab=\"3\" role=\"tabpanel\" aria-labelledby=\"elementor-tab-title-8093\" tabindex=\"0\" hidden=\"hidden\"><div class=\"listapr\">\n<div class=\"lista-imagen galeria-listapr\">\n              <a href=\"https:\/\/www.cabma.es\/wp-content\/uploads\/2023\/06\/Keso_Ultra.jpg\" rel=\"lightbox\"><br \/>\n                <img loading=\"lazy\" decoding=\"async\" src=\"https:\/\/www.cabma.es\/wp-content\/uploads\/2023\/06\/Keso_Ultra.jpg\" alt=\"Cylindre haute s\u00e9curit\u00e9\" width=\"714\" height=\"505\"><br \/>\n              <\/a>\n            <\/div>\n<\/p><\/div>\n<\/p>\n<ul class=\"lista-puerta-detalle\">\n<li style=\"list-style-type: none;\">\n<ul class=\"lista-puerta-detalle\">\n<li>Protection maximale gr\u00e2ce \u00e0 12 \u00e9l\u00e9ments m\u00e9talliques tremp\u00e9s suppl\u00e9mentaires dans le rotor.<\/li>\n<li>Le corps du cylindre est en acier au chrome-nickel, ce qui offre la meilleure protection contre tout type d&#8217;attaque physique.<\/li>\n<li>La disposition sp\u00e9ciale des \u00e9l\u00e9ments en m\u00e9tal tremp\u00e9 garantit une protection maximale contre le per\u00e7age.<\/li>\n<li>Le pont en acier massif tremp\u00e9 et frais\u00e9 offre la r\u00e9sistance requise aux tentatives de torsion et de rupture.<\/li>\n<li>La protection de la perceuse emp\u00eache l&#8217;utilisation des outils les plus puissants et le r\u00e9seau innovant d&#8217;\u00e9l\u00e9ments en acier nickel\u00e9 garantit une protection maximale contre l&#8217;extraction.<\/li>\n<li>Les \u00e9l\u00e9ments mobiles de la cl\u00e9 offrent une protection totale contre les tentatives de copie de cl\u00e9 non autoris\u00e9es.<\/li>\n<li>Le concept modulaire du syst\u00e8me permet des modifications faciles et flexibles de la longueur du cylindre, de la came ou de l&#8217;embrayage.<\/li>\n<\/ul>\n<\/li>\n<\/ul>\n<div class=\"listapr\">\n<div class=\"lista-imagen galeria-listapr\">\n              <a href=\"https:\/\/www.cabma.es\/wp-content\/uploads\/2023\/06\/keso-ultra_antifresado-cuerpo.jpg\" rel=\"lightbox\"><br \/>\n                <img loading=\"lazy\" decoding=\"async\" class=\"alignleft\" src=\"https:\/\/www.cabma.es\/wp-content\/uploads\/2023\/06\/keso-ultra_antifresado-cuerpo.jpg\" alt=\"Cylindre haute s\u00e9curit\u00e9\" width=\"400\" height=\"380\"><br \/>\n              <\/a>\n            <\/div>\n<div class=\"lista-imagen galeria-listapr\">\n              <a href=\"https:\/\/www.cabma.es\/wp-content\/uploads\/2023\/06\/keso-ultra_pasadores-adicionales.jpg\" rel=\"lightbox\"><br \/>\n                <img loading=\"lazy\" decoding=\"async\" class=\"\" src=\"https:\/\/www.cabma.es\/wp-content\/uploads\/2023\/06\/keso-ultra_pasadores-adicionales.jpg\" alt=\"Cylindre haute s\u00e9curit\u00e9\" width=\"445\" height=\"435\"><br \/>\n              <\/a>\n            <\/div>\n<\/p><\/div>\n<div class=\"listapr\">\n<div class=\"lista-imagen galeria-listapr\">\n              <a href=\"https:\/\/www.cabma.es\/wp-content\/uploads\/2023\/06\/keso-ultra_antifresado-rotor.jpg\" rel=\"lightbox\"><br \/>\n                <img loading=\"lazy\" decoding=\"async\" class=\"alignleft\" src=\"https:\/\/www.cabma.es\/wp-content\/uploads\/2023\/06\/keso-ultra_antifresado-rotor.jpg\" alt=\"Cylindre haute s\u00e9curit\u00e9\" width=\"417\" height=\"475\"><br \/>\n              <\/a>\n            <\/div>\n<div class=\"lista-imagen galeria-listapr\">\n              <a href=\"https:\/\/www.cabma.es\/wp-content\/uploads\/2023\/06\/keso-ultra_rotor-abocardado.jpg\" rel=\"lightbox\"><br \/>\n                <img loading=\"lazy\" decoding=\"async\" class=\"\" src=\"https:\/\/www.cabma.es\/wp-content\/uploads\/2023\/06\/keso-ultra_rotor-abocardado.jpg\" alt=\"Cylindre haute s\u00e9curit\u00e9\" width=\"400\" height=\"651\"><br \/>\n              <\/a>\n            <\/div>\n<\/p><\/div>\n<\/div>\n\t\t\t\t\t\t\t<\/div>\n\t\t<\/div>\n\t\t\t\t\t\t<\/div>\n\t\t\t\t<\/div>\n\t\t\t\t\t<\/div>\n\t\t\t\t<\/div>\n\t\t\t\t<\/div>\n\t\t","protected":false},"excerpt":{"rendered":"<p>8000 Omega2 MASTEER 8000 Omega2 PREMIUM 8000 Omega2 ULTRA 8000 Omega2 MASTEER Anti-bumping. Le syst\u00e8me Omega2 et la configuration \u00e9tudi\u00e9e de la position et de la hauteur des goupilles en font l&#8217;un des rares v\u00e9rins r\u00e9ellement anti-bumping. Anti-per\u00e7age. 3 rang\u00e9es de goupilles, toutes en acier. Anti-piq\u00fbre. Pointes de contr\u00f4le et syst\u00e8me anti-piq\u00fbre Omega2. Prot\u00e9g\u00e9 contre&#8230;<\/p>\n","protected":false},"author":1,"featured_media":0,"parent":0,"menu_order":0,"comment_status":"closed","ping_status":"closed","template":"","meta":{"footnotes":""},"class_list":["post-15020","page","type-page","status-publish","hentry"],"yoast_head":"<!-- This site is optimized with the Yoast SEO plugin v25.0 - https:\/\/yoast.com\/wordpress\/plugins\/seo\/ -->\n<title>cylindres keso - PuertaAcorazada.es<\/title>\n<meta name=\"robots\" content=\"index, follow, max-snippet:-1, max-image-preview:large, max-video-preview:-1\" \/>\n<link rel=\"canonical\" href=\"https:\/\/www.puertaacorazada.es\/cilindros-keso\/\" \/>\n<meta property=\"og:locale\" content=\"fr_FR\" \/>\n<meta property=\"og:type\" content=\"article\" \/>\n<meta property=\"og:title\" content=\"cylindres keso - PuertaAcorazada.es\" \/>\n<meta property=\"og:description\" content=\"8000 Omega2 MASTEER 8000 Omega2 PREMIUM 8000 Omega2 ULTRA 8000 Omega2 MASTEER Anti-bumping. Le syst\u00e8me Omega2 et la configuration \u00e9tudi\u00e9e de la position et de la hauteur des goupilles en font l&#8217;un des rares v\u00e9rins r\u00e9ellement anti-bumping. Anti-per\u00e7age. 3 rang\u00e9es de goupilles, toutes en acier. Anti-piq\u00fbre. Pointes de contr\u00f4le et syst\u00e8me anti-piq\u00fbre Omega2. Prot\u00e9g\u00e9 contre...\" \/>\n<meta property=\"og:url\" content=\"https:\/\/www.puertaacorazada.es\/cilindros-keso\/\" \/>\n<meta property=\"og:site_name\" content=\"PuertaAcorazada.es\" \/>\n<meta property=\"article:modified_time\" content=\"2024-09-23T10:22:32+00:00\" \/>\n<meta property=\"og:image\" content=\"https:\/\/www.cabma.es\/wp-content\/uploads\/2023\/06\/Keso-Master.jpg\" \/>\n<meta name=\"twitter:card\" content=\"summary_large_image\" \/>\n<meta name=\"twitter:label1\" content=\"Dur\u00e9e de lecture estim\u00e9e\" \/>\n\t<meta name=\"twitter:data1\" content=\"2 minutes\" \/>\n<script type=\"application\/ld+json\" class=\"yoast-schema-graph\">{\"@context\":\"https:\/\/schema.org\",\"@graph\":[{\"@type\":\"WebPage\",\"@id\":\"https:\/\/www.puertaacorazada.es\/cilindros-keso\/\",\"url\":\"https:\/\/www.puertaacorazada.es\/cilindros-keso\/\",\"name\":\"cylindres keso - PuertaAcorazada.es\",\"isPartOf\":{\"@id\":\"https:\/\/www.puertaacorazada.es\/#website\"},\"primaryImageOfPage\":{\"@id\":\"https:\/\/www.puertaacorazada.es\/cilindros-keso\/#primaryimage\"},\"image\":{\"@id\":\"https:\/\/www.puertaacorazada.es\/cilindros-keso\/#primaryimage\"},\"thumbnailUrl\":\"https:\/\/www.cabma.es\/wp-content\/uploads\/2023\/06\/Keso-Master.jpg\",\"datePublished\":\"2024-08-05T17:21:06+00:00\",\"dateModified\":\"2024-09-23T10:22:32+00:00\",\"breadcrumb\":{\"@id\":\"https:\/\/www.puertaacorazada.es\/cilindros-keso\/#breadcrumb\"},\"inLanguage\":\"fr-FR\",\"potentialAction\":[{\"@type\":\"ReadAction\",\"target\":[\"https:\/\/www.puertaacorazada.es\/cilindros-keso\/\"]}]},{\"@type\":\"ImageObject\",\"inLanguage\":\"fr-FR\",\"@id\":\"https:\/\/www.puertaacorazada.es\/cilindros-keso\/#primaryimage\",\"url\":\"https:\/\/www.cabma.es\/wp-content\/uploads\/2023\/06\/Keso-Master.jpg\",\"contentUrl\":\"https:\/\/www.cabma.es\/wp-content\/uploads\/2023\/06\/Keso-Master.jpg\"},{\"@type\":\"BreadcrumbList\",\"@id\":\"https:\/\/www.puertaacorazada.es\/cilindros-keso\/#breadcrumb\",\"itemListElement\":[{\"@type\":\"ListItem\",\"position\":1,\"name\":\"Portada\",\"item\":\"https:\/\/www.puertaacorazada.es\/\"},{\"@type\":\"ListItem\",\"position\":2,\"name\":\"cylindres keso\"}]},{\"@type\":\"WebSite\",\"@id\":\"https:\/\/www.puertaacorazada.es\/#website\",\"url\":\"https:\/\/www.puertaacorazada.es\/\",\"name\":\"PuertaAcorazada.es\",\"description\":\"Puertas acorazadas para la m\u00e1xima seguridad\",\"publisher\":{\"@id\":\"https:\/\/www.puertaacorazada.es\/#organization\"},\"potentialAction\":[{\"@type\":\"SearchAction\",\"target\":{\"@type\":\"EntryPoint\",\"urlTemplate\":\"https:\/\/www.puertaacorazada.es\/?s={search_term_string}\"},\"query-input\":{\"@type\":\"PropertyValueSpecification\",\"valueRequired\":true,\"valueName\":\"search_term_string\"}}],\"inLanguage\":\"fr-FR\"},{\"@type\":\"Organization\",\"@id\":\"https:\/\/www.puertaacorazada.es\/#organization\",\"name\":\"PuertaAcorazada.es\",\"url\":\"https:\/\/www.puertaacorazada.es\/\",\"logo\":{\"@type\":\"ImageObject\",\"inLanguage\":\"fr-FR\",\"@id\":\"https:\/\/www.puertaacorazada.es\/#\/schema\/logo\/image\/\",\"url\":\"https:\/\/www.puertaacorazada.es\/wp-content\/uploads\/2024\/08\/cropped-favicon1.png\",\"contentUrl\":\"https:\/\/www.puertaacorazada.es\/wp-content\/uploads\/2024\/08\/cropped-favicon1.png\",\"width\":512,\"height\":512,\"caption\":\"PuertaAcorazada.es\"},\"image\":{\"@id\":\"https:\/\/www.puertaacorazada.es\/#\/schema\/logo\/image\/\"}}]}<\/script>\n<!-- \/ Yoast SEO plugin. -->","yoast_head_json":{"title":"cylindres keso - PuertaAcorazada.es","robots":{"index":"index","follow":"follow","max-snippet":"max-snippet:-1","max-image-preview":"max-image-preview:large","max-video-preview":"max-video-preview:-1"},"canonical":"https:\/\/www.puertaacorazada.es\/cilindros-keso\/","og_locale":"fr_FR","og_type":"article","og_title":"cylindres keso - PuertaAcorazada.es","og_description":"8000 Omega2 MASTEER 8000 Omega2 PREMIUM 8000 Omega2 ULTRA 8000 Omega2 MASTEER Anti-bumping. Le syst\u00e8me Omega2 et la configuration \u00e9tudi\u00e9e de la position et de la hauteur des goupilles en font l&#8217;un des rares v\u00e9rins r\u00e9ellement anti-bumping. Anti-per\u00e7age. 3 rang\u00e9es de goupilles, toutes en acier. Anti-piq\u00fbre. Pointes de contr\u00f4le et syst\u00e8me anti-piq\u00fbre Omega2. Prot\u00e9g\u00e9 contre...","og_url":"https:\/\/www.puertaacorazada.es\/cilindros-keso\/","og_site_name":"PuertaAcorazada.es","article_modified_time":"2024-09-23T10:22:32+00:00","og_image":[{"url":"https:\/\/www.cabma.es\/wp-content\/uploads\/2023\/06\/Keso-Master.jpg","type":"","width":"","height":""}],"twitter_card":"summary_large_image","twitter_misc":{"Dur\u00e9e de lecture estim\u00e9e":"2 minutes"},"schema":{"@context":"https:\/\/schema.org","@graph":[{"@type":"WebPage","@id":"https:\/\/www.puertaacorazada.es\/cilindros-keso\/","url":"https:\/\/www.puertaacorazada.es\/cilindros-keso\/","name":"cylindres keso - PuertaAcorazada.es","isPartOf":{"@id":"https:\/\/www.puertaacorazada.es\/#website"},"primaryImageOfPage":{"@id":"https:\/\/www.puertaacorazada.es\/cilindros-keso\/#primaryimage"},"image":{"@id":"https:\/\/www.puertaacorazada.es\/cilindros-keso\/#primaryimage"},"thumbnailUrl":"https:\/\/www.cabma.es\/wp-content\/uploads\/2023\/06\/Keso-Master.jpg","datePublished":"2024-08-05T17:21:06+00:00","dateModified":"2024-09-23T10:22:32+00:00","breadcrumb":{"@id":"https:\/\/www.puertaacorazada.es\/cilindros-keso\/#breadcrumb"},"inLanguage":"fr-FR","potentialAction":[{"@type":"ReadAction","target":["https:\/\/www.puertaacorazada.es\/cilindros-keso\/"]}]},{"@type":"ImageObject","inLanguage":"fr-FR","@id":"https:\/\/www.puertaacorazada.es\/cilindros-keso\/#primaryimage","url":"https:\/\/www.cabma.es\/wp-content\/uploads\/2023\/06\/Keso-Master.jpg","contentUrl":"https:\/\/www.cabma.es\/wp-content\/uploads\/2023\/06\/Keso-Master.jpg"},{"@type":"BreadcrumbList","@id":"https:\/\/www.puertaacorazada.es\/cilindros-keso\/#breadcrumb","itemListElement":[{"@type":"ListItem","position":1,"name":"Portada","item":"https:\/\/www.puertaacorazada.es\/"},{"@type":"ListItem","position":2,"name":"cylindres keso"}]},{"@type":"WebSite","@id":"https:\/\/www.puertaacorazada.es\/#website","url":"https:\/\/www.puertaacorazada.es\/","name":"PuertaAcorazada.es","description":"Puertas acorazadas para la m\u00e1xima seguridad","publisher":{"@id":"https:\/\/www.puertaacorazada.es\/#organization"},"potentialAction":[{"@type":"SearchAction","target":{"@type":"EntryPoint","urlTemplate":"https:\/\/www.puertaacorazada.es\/?s={search_term_string}"},"query-input":{"@type":"PropertyValueSpecification","valueRequired":true,"valueName":"search_term_string"}}],"inLanguage":"fr-FR"},{"@type":"Organization","@id":"https:\/\/www.puertaacorazada.es\/#organization","name":"PuertaAcorazada.es","url":"https:\/\/www.puertaacorazada.es\/","logo":{"@type":"ImageObject","inLanguage":"fr-FR","@id":"https:\/\/www.puertaacorazada.es\/#\/schema\/logo\/image\/","url":"https:\/\/www.puertaacorazada.es\/wp-content\/uploads\/2024\/08\/cropped-favicon1.png","contentUrl":"https:\/\/www.puertaacorazada.es\/wp-content\/uploads\/2024\/08\/cropped-favicon1.png","width":512,"height":512,"caption":"PuertaAcorazada.es"},"image":{"@id":"https:\/\/www.puertaacorazada.es\/#\/schema\/logo\/image\/"}}]}},"_links":{"self":[{"href":"https:\/\/www.puertaacorazada.es\/fr\/wp-json\/wp\/v2\/pages\/15020","targetHints":{"allow":["GET"]}}],"collection":[{"href":"https:\/\/www.puertaacorazada.es\/fr\/wp-json\/wp\/v2\/pages"}],"about":[{"href":"https:\/\/www.puertaacorazada.es\/fr\/wp-json\/wp\/v2\/types\/page"}],"author":[{"embeddable":true,"href":"https:\/\/www.puertaacorazada.es\/fr\/wp-json\/wp\/v2\/users\/1"}],"replies":[{"embeddable":true,"href":"https:\/\/www.puertaacorazada.es\/fr\/wp-json\/wp\/v2\/comments?post=15020"}],"version-history":[{"count":1,"href":"https:\/\/www.puertaacorazada.es\/fr\/wp-json\/wp\/v2\/pages\/15020\/revisions"}],"predecessor-version":[{"id":15021,"href":"https:\/\/www.puertaacorazada.es\/fr\/wp-json\/wp\/v2\/pages\/15020\/revisions\/15021"}],"wp:attachment":[{"href":"https:\/\/www.puertaacorazada.es\/fr\/wp-json\/wp\/v2\/media?parent=15020"}],"curies":[{"name":"wp","href":"https:\/\/api.w.org\/{rel}","templated":true}]}}