{"id":15035,"date":"2024-08-08T12:44:40","date_gmt":"2024-08-08T10:44:40","guid":{"rendered":"https:\/\/www.puertaacorazada.es\/declaration-daccessibilite\/"},"modified":"2024-09-23T13:15:56","modified_gmt":"2024-09-23T11:15:56","slug":"declaration-daccessibilite","status":"publish","type":"page","link":"https:\/\/www.puertaacorazada.es\/fr\/declaration-daccessibilite\/","title":{"rendered":"D\u00e9claration d&#8217;accessibilit\u00e9"},"content":{"rendered":"\t\t<div data-elementor-type=\"wp-page\" data-elementor-id=\"15035\" class=\"elementor elementor-15035\">\n\t\t\t\t<div class=\"elementor-element elementor-element-6111d11 e-flex e-con-boxed e-con e-parent\" data-id=\"6111d11\" data-element_type=\"container\">\n\t\t\t\t\t<div class=\"e-con-inner\">\n\t\t\t\t<div class=\"elementor-element elementor-element-3663c10 elementor-widget elementor-widget-text-editor\" data-id=\"3663c10\" data-element_type=\"widget\" data-widget_type=\"text-editor.default\">\n\t\t\t\t<div class=\"elementor-widget-container\">\n\t\t\t\t\t\t\t\t\t<p>Le site Web Puerta Acorazada s&#8217;est engag\u00e9 \u00e0 rendre ses sites Web accessibles conform\u00e9ment au d\u00e9cret royal 1112\/2018 du 7 septembre. Ouvre une nouvelle fen\u00eatre, sur l&#8217;accessibilit\u00e9 des sites Web et des applications pour appareils mobiles du secteur public (ci-apr\u00e8s, d\u00e9cret royal 1112\/2018, du 7 septembre). <\/p>\n<p>Cette d\u00e9claration d&#8217;accessibilit\u00e9 s&#8217;applique au site Web https:\/\/tupuertaacorazada.es\/ (les sous-domaines de ce site Web auront leurs propres d\u00e9clarations d&#8217;accessibilit\u00e9).<\/p>\n\t\t\t\t\t\t\t\t<\/div>\n\t\t\t\t<\/div>\n\t\t\t\t<div class=\"elementor-element elementor-element-fd1e82f elementor-widget elementor-widget-heading\" data-id=\"fd1e82f\" data-element_type=\"widget\" data-widget_type=\"heading.default\">\n\t\t\t\t<div class=\"elementor-widget-container\">\n\t\t\t\t\t<h2 class=\"elementor-heading-title elementor-size-default\">Statut de conformit\u00e9<\/h2>\t\t\t\t<\/div>\n\t\t\t\t<\/div>\n\t\t\t\t<div class=\"elementor-element elementor-element-c31841b elementor-widget elementor-widget-text-editor\" data-id=\"c31841b\" data-element_type=\"widget\" data-widget_type=\"text-editor.default\">\n\t\t\t\t<div class=\"elementor-widget-container\">\n\t\t\t\t\t\t\t\t\t<div class=\"et_pb_module et_pb_text et_pb_text_3 et_pb_text_align_justified et_pb_bg_layout_light\">\n<div class=\"et_pb_text_inner\">Ce site Web est partiellement conforme au d\u00e9cret royal 1112\/2018 du 7 septembre en raison du manque de conformit\u00e9 des aspects indiqu\u00e9s ci-dessous.<\/div>\n<\/p><\/div>\n<div class=\"et_pb_module et_pb_text et_pb_text_4 et_pb_text_align_center et_pb_bg_layout_light\">\n<div class=\"et_pb_text_inner\"> <\/div>\n<\/p><\/div>\n<p>Cette d\u00e9claration d&#8217;accessibilit\u00e9 s&#8217;applique au site Web https:\/\/puertaacorazada.es\/ (les sous-domaines de ce site Web auront leurs propres d\u00e9clarations d&#8217;accessibilit\u00e9).<\/p>\n\t\t\t\t\t\t\t\t<\/div>\n\t\t\t\t<\/div>\n\t\t\t\t<div class=\"elementor-element elementor-element-49b6db7 elementor-widget elementor-widget-heading\" data-id=\"49b6db7\" data-element_type=\"widget\" data-widget_type=\"heading.default\">\n\t\t\t\t<div class=\"elementor-widget-container\">\n\t\t\t\t\t<h2 class=\"elementor-heading-title elementor-size-default\">Contenu non accessible<\/h2>\t\t\t\t<\/div>\n\t\t\t\t<\/div>\n\t\t\t\t<div class=\"elementor-element elementor-element-565d7cb elementor-widget elementor-widget-text-editor\" data-id=\"565d7cb\" data-element_type=\"widget\" data-widget_type=\"text-editor.default\">\n\t\t\t\t<div class=\"elementor-widget-container\">\n\t\t\t\t\t\t\t\t\t<div class=\"et_pb_module et_pb_text et_pb_text_5 et_pb_text_align_justified et_pb_bg_layout_light\">\n<div class=\"et_pb_text_inner\">\n<p>Le contenu collect\u00e9 ci-dessous n&#8217;est pas accessible pour les raisons suivantes :<\/p>\n<p>Non-respect du d\u00e9cret royal 1112\/2018 du 7 septembre : il peut y avoir des erreurs d&#8217;\u00e9dition sp\u00e9cifiques sur certaines pages Web, tant dans le contenu HTML que dans les documents finaux, publi\u00e9s apr\u00e8s le 20 septembre 2018 (date d&#8217;entr\u00e9e en vigueur du d\u00e9cret royal 1112\/2018 du 7 septembre 2018). \/2018, du 7 septembre). Concr\u00e8tement, il peut y avoir des erreurs dans les documents contenant des graphiques, des tableaux complexes ou ceux sign\u00e9s \u00e9lectroniquement avant leur examen d&#8217;accessibilit\u00e9. <\/p>\n<\/p><\/div>\n<\/p><\/div>\n<div class=\"et_pb_module et_pb_text et_pb_text_6 et_pb_text_align_center et_pb_bg_layout_light\">\n<div class=\"et_pb_text_inner\"> <\/div>\n<\/p><\/div>\n\t\t\t\t\t\t\t\t<\/div>\n\t\t\t\t<\/div>\n\t\t\t\t<div class=\"elementor-element elementor-element-8f39a1d elementor-widget elementor-widget-heading\" data-id=\"8f39a1d\" data-element_type=\"widget\" data-widget_type=\"heading.default\">\n\t\t\t\t<div class=\"elementor-widget-container\">\n\t\t\t\t\t<h2 class=\"elementor-heading-title elementor-size-default\">Pr\u00e9paration de cette d\u00e9claration d'accessibilit\u00e9<\/h2>\t\t\t\t<\/div>\n\t\t\t\t<\/div>\n\t\t\t\t<div class=\"elementor-element elementor-element-dd7e3df elementor-widget elementor-widget-text-editor\" data-id=\"dd7e3df\" data-element_type=\"widget\" data-widget_type=\"text-editor.default\">\n\t\t\t\t<div class=\"elementor-widget-container\">\n\t\t\t\t\t\t\t\t\t<div class=\"et_pb_module et_pb_text et_pb_text_7 et_pb_text_align_justified et_pb_bg_layout_light\">\n<div class=\"et_pb_text_inner\">\n<p>Cette d\u00e9claration a \u00e9t\u00e9 pr\u00e9par\u00e9e le 8 ao\u00fbt 2024.<\/p>\n<p>La m\u00e9thode utilis\u00e9e pour pr\u00e9parer la d\u00e9claration a \u00e9t\u00e9 une auto-\u00e9valuation r\u00e9alis\u00e9e par l&#8217;organisation elle-m\u00eame.<\/p>\n<\/p><\/div>\n<\/p><\/div>\n<div class=\"et_pb_module et_pb_text et_pb_text_8 et_pb_text_align_center et_pb_bg_layout_light\">\n<div class=\"et_pb_text_inner\"> <\/div>\n<\/p><\/div>\n\t\t\t\t\t\t\t\t<\/div>\n\t\t\t\t<\/div>\n\t\t\t\t<div class=\"elementor-element elementor-element-acf1c92 elementor-widget elementor-widget-heading\" data-id=\"acf1c92\" data-element_type=\"widget\" data-widget_type=\"heading.default\">\n\t\t\t\t<div class=\"elementor-widget-container\">\n\t\t\t\t\t<h2 class=\"elementor-heading-title elementor-size-default\">Observations et coordonn\u00e9es<\/h2>\t\t\t\t<\/div>\n\t\t\t\t<\/div>\n\t\t\t\t<div class=\"elementor-element elementor-element-6b32401 elementor-widget elementor-widget-text-editor\" data-id=\"6b32401\" data-element_type=\"widget\" data-widget_type=\"text-editor.default\">\n\t\t\t\t<div class=\"elementor-widget-container\">\n\t\t\t\t\t\t\t\t\t<p>Vous pouvez faire des communications sur les exigences d&#8217;accessibilit\u00e9 (article 10.2.a) du d\u00e9cret royal 1112\/2018 du 7 septembre), comme par exemple :<\/p>\n<p>Signalez toute violation \u00e9ventuelle de ce site Web. Transmettre d\u2019autres difficult\u00e9s d\u2019acc\u00e8s au contenu. Posez toute autre question ou suggestion d\u2019am\u00e9lioration concernant l\u2019accessibilit\u00e9 du site Web. Par les moyens suivants :<\/p>\n<p>cabmaextremadura@gmail.com<br \/>924 916 278<\/p>\n<p>Vous pouvez \u00e9galement demander dans un format accessible des informations qui ne r\u00e9pondent pas aux exigences d&#8217;accessibilit\u00e9 soit parce qu&#8217;elles sont exclues, soit parce qu&#8217;elles sont exempt\u00e9es en raison d&#8217;une charge disproportionn\u00e9e ; ou d\u00e9poser une plainte pour non-respect des exigences en mati\u00e8re d\u2019accessibilit\u00e9.<\/p>\n\t\t\t\t\t\t\t\t<\/div>\n\t\t\t\t<\/div>\n\t\t\t\t<div class=\"elementor-element elementor-element-c4be16d elementor-widget elementor-widget-heading\" data-id=\"c4be16d\" data-element_type=\"widget\" data-widget_type=\"heading.default\">\n\t\t\t\t<div class=\"elementor-widget-container\">\n\t\t\t\t\t<h2 class=\"elementor-heading-title elementor-size-default\">Proc\u00e9dure de candidature<\/h2>\t\t\t\t<\/div>\n\t\t\t\t<\/div>\n\t\t\t\t<div class=\"elementor-element elementor-element-24ea448 elementor-widget elementor-widget-text-editor\" data-id=\"24ea448\" data-element_type=\"widget\" data-widget_type=\"text-editor.default\">\n\t\t\t\t<div class=\"elementor-widget-container\">\n\t\t\t\t\t\t\t\t\t<p>Gr\u00e2ce \u00e0 cette proc\u00e9dure, vous pouvez introduire une r\u00e9clamation pour conna\u00eetre et vous opposer aux raisons du rejet d&#8217;une demande d&#8217;information accessible ou d&#8217;une plainte, demander l&#8217;adoption de mesures appropri\u00e9es en cas de d\u00e9saccord avec la d\u00e9cision adopt\u00e9e, ou exposer les raisons pour lesquelles elle est a consid\u00e9r\u00e9 que la r\u00e9ponse ne r\u00e9pondait pas aux exigences requises.<\/p>\n<p> cabmaextremadura@gmail.com<br \/>924 916 278<\/p>\n\t\t\t\t\t\t\t\t<\/div>\n\t\t\t\t<\/div>\n\t\t\t\t<div class=\"elementor-element elementor-element-64b1415 elementor-widget elementor-widget-heading\" data-id=\"64b1415\" data-element_type=\"widget\" data-widget_type=\"heading.default\">\n\t\t\t\t<div class=\"elementor-widget-container\">\n\t\t\t\t\t<h2 class=\"elementor-heading-title elementor-size-default\">Contenu facultatif<\/h2>\t\t\t\t<\/div>\n\t\t\t\t<\/div>\n\t\t\t\t<div class=\"elementor-element elementor-element-54096e7 elementor-widget elementor-widget-text-editor\" data-id=\"54096e7\" data-element_type=\"widget\" data-widget_type=\"text-editor.default\">\n\t\t\t\t<div class=\"elementor-widget-container\">\n\t\t\t\t\t\t\t\t\t<p>La version actuellement visible de ce site Internet date de janvier 2024, date \u00e0 laquelle a \u00e9t\u00e9 r\u00e9alis\u00e9e la r\u00e9vision du niveau d&#8217;accessibilit\u00e9 en vigueur \u00e0 cette \u00e9poque.<\/p>\n<p>\u00c0 partir de cette date, des contr\u00f4les partiels quotidiens des contenus Web nouveaux ou modifi\u00e9s sont effectu\u00e9s, tant des mod\u00e8les que des pages et documents finaux publi\u00e9s, afin de garantir le respect des exigences d&#8217;accessibilit\u00e9 de la norme UNE-EN 301549 :2022. compte tenu des exceptions du d\u00e9cret royal 1112\/2018 du 7 septembre.<\/p>\n<p>De plus, ce site Web est examin\u00e9 par l&#8217;Observatoire de l&#8217;accessibilit\u00e9 du Web (OAW), le dernier examen ayant eu lieu en janvier 2024.<\/p>\n<p>Entre autres, les mesures suivantes sont adopt\u00e9es pour faciliter l\u2019accessibilit\u00e9 :<\/p>\n<ul>\n<li>Utilisation de texte alternatif dans les images.<\/li>\n<li>Les liens fournissent des d\u00e9tails sur la fonction ou la destination du lien hypertexte.<\/li>\n<li>Utilisation des standards W3C : XHTML 1.0, CSS 3.0, WAI AA.<\/li>\n<li>Vous pouvez v\u00e9rifier sur la page Mentions L\u00e9gales pour quels navigateurs et versions ce site Internet est optimis\u00e9.<\/li>\n<\/ul>\n\t\t\t\t\t\t\t\t<\/div>\n\t\t\t\t<\/div>\n\t\t\t\t\t<\/div>\n\t\t\t\t<\/div>\n\t\t\t\t<\/div>\n\t\t","protected":false},"excerpt":{"rendered":"<p>Le site Web Puerta Acorazada s&#8217;est engag\u00e9 \u00e0 rendre ses sites Web accessibles conform\u00e9ment au d\u00e9cret royal 1112\/2018 du 7 septembre. Ouvre une nouvelle fen\u00eatre, sur l&#8217;accessibilit\u00e9 des sites Web et des applications pour appareils mobiles du secteur public (ci-apr\u00e8s, d\u00e9cret royal 1112\/2018, du 7 septembre). Cette d\u00e9claration d&#8217;accessibilit\u00e9 s&#8217;applique au site Web https:\/\/tupuertaacorazada.es\/ (les&#8230;<\/p>\n","protected":false},"author":2,"featured_media":0,"parent":0,"menu_order":0,"comment_status":"closed","ping_status":"closed","template":"","meta":{"footnotes":""},"class_list":["post-15035","page","type-page","status-publish","hentry"],"yoast_head":"<!-- This site is optimized with the Yoast SEO plugin v25.0 - https:\/\/yoast.com\/wordpress\/plugins\/seo\/ -->\n<title>D\u00e9claration d&#039;accessibilit\u00e9 - PuertaAcorazada.es<\/title>\n<meta name=\"robots\" content=\"index, follow, max-snippet:-1, max-image-preview:large, max-video-preview:-1\" \/>\n<link rel=\"canonical\" href=\"https:\/\/www.puertaacorazada.es\/declaracion-de-accesibilidad\/\" \/>\n<meta property=\"og:locale\" content=\"fr_FR\" \/>\n<meta property=\"og:type\" content=\"article\" \/>\n<meta property=\"og:title\" content=\"D\u00e9claration d&#039;accessibilit\u00e9 - PuertaAcorazada.es\" \/>\n<meta property=\"og:description\" content=\"Le site Web Puerta Acorazada s&#8217;est engag\u00e9 \u00e0 rendre ses sites Web accessibles conform\u00e9ment au d\u00e9cret royal 1112\/2018 du 7 septembre. Ouvre une nouvelle fen\u00eatre, sur l&#8217;accessibilit\u00e9 des sites Web et des applications pour appareils mobiles du secteur public (ci-apr\u00e8s, d\u00e9cret royal 1112\/2018, du 7 septembre). Cette d\u00e9claration d&#8217;accessibilit\u00e9 s&#8217;applique au site Web https:\/\/tupuertaacorazada.es\/ (les...\" \/>\n<meta property=\"og:url\" content=\"https:\/\/www.puertaacorazada.es\/declaracion-de-accesibilidad\/\" \/>\n<meta property=\"og:site_name\" content=\"PuertaAcorazada.es\" \/>\n<meta property=\"article:modified_time\" content=\"2024-09-23T11:15:56+00:00\" \/>\n<meta name=\"twitter:card\" content=\"summary_large_image\" \/>\n<meta name=\"twitter:label1\" content=\"Dur\u00e9e de lecture estim\u00e9e\" \/>\n\t<meta name=\"twitter:data1\" content=\"3 minutes\" \/>\n<script type=\"application\/ld+json\" class=\"yoast-schema-graph\">{\"@context\":\"https:\/\/schema.org\",\"@graph\":[{\"@type\":\"WebPage\",\"@id\":\"https:\/\/www.puertaacorazada.es\/declaracion-de-accesibilidad\/\",\"url\":\"https:\/\/www.puertaacorazada.es\/declaracion-de-accesibilidad\/\",\"name\":\"D\u00e9claration d'accessibilit\u00e9 - PuertaAcorazada.es\",\"isPartOf\":{\"@id\":\"https:\/\/www.puertaacorazada.es\/#website\"},\"datePublished\":\"2024-08-08T10:44:40+00:00\",\"dateModified\":\"2024-09-23T11:15:56+00:00\",\"breadcrumb\":{\"@id\":\"https:\/\/www.puertaacorazada.es\/declaracion-de-accesibilidad\/#breadcrumb\"},\"inLanguage\":\"fr-FR\",\"potentialAction\":[{\"@type\":\"ReadAction\",\"target\":[\"https:\/\/www.puertaacorazada.es\/declaracion-de-accesibilidad\/\"]}]},{\"@type\":\"BreadcrumbList\",\"@id\":\"https:\/\/www.puertaacorazada.es\/declaracion-de-accesibilidad\/#breadcrumb\",\"itemListElement\":[{\"@type\":\"ListItem\",\"position\":1,\"name\":\"Portada\",\"item\":\"https:\/\/www.puertaacorazada.es\/\"},{\"@type\":\"ListItem\",\"position\":2,\"name\":\"D\u00e9claration d&#8217;accessibilit\u00e9\"}]},{\"@type\":\"WebSite\",\"@id\":\"https:\/\/www.puertaacorazada.es\/#website\",\"url\":\"https:\/\/www.puertaacorazada.es\/\",\"name\":\"PuertaAcorazada.es\",\"description\":\"Puertas acorazadas para la m\u00e1xima seguridad\",\"publisher\":{\"@id\":\"https:\/\/www.puertaacorazada.es\/#organization\"},\"potentialAction\":[{\"@type\":\"SearchAction\",\"target\":{\"@type\":\"EntryPoint\",\"urlTemplate\":\"https:\/\/www.puertaacorazada.es\/?s={search_term_string}\"},\"query-input\":{\"@type\":\"PropertyValueSpecification\",\"valueRequired\":true,\"valueName\":\"search_term_string\"}}],\"inLanguage\":\"fr-FR\"},{\"@type\":\"Organization\",\"@id\":\"https:\/\/www.puertaacorazada.es\/#organization\",\"name\":\"PuertaAcorazada.es\",\"url\":\"https:\/\/www.puertaacorazada.es\/\",\"logo\":{\"@type\":\"ImageObject\",\"inLanguage\":\"fr-FR\",\"@id\":\"https:\/\/www.puertaacorazada.es\/#\/schema\/logo\/image\/\",\"url\":\"https:\/\/www.puertaacorazada.es\/wp-content\/uploads\/2024\/08\/cropped-favicon1.png\",\"contentUrl\":\"https:\/\/www.puertaacorazada.es\/wp-content\/uploads\/2024\/08\/cropped-favicon1.png\",\"width\":512,\"height\":512,\"caption\":\"PuertaAcorazada.es\"},\"image\":{\"@id\":\"https:\/\/www.puertaacorazada.es\/#\/schema\/logo\/image\/\"}}]}<\/script>\n<!-- \/ Yoast SEO plugin. -->","yoast_head_json":{"title":"D\u00e9claration d'accessibilit\u00e9 - PuertaAcorazada.es","robots":{"index":"index","follow":"follow","max-snippet":"max-snippet:-1","max-image-preview":"max-image-preview:large","max-video-preview":"max-video-preview:-1"},"canonical":"https:\/\/www.puertaacorazada.es\/declaracion-de-accesibilidad\/","og_locale":"fr_FR","og_type":"article","og_title":"D\u00e9claration d'accessibilit\u00e9 - PuertaAcorazada.es","og_description":"Le site Web Puerta Acorazada s&#8217;est engag\u00e9 \u00e0 rendre ses sites Web accessibles conform\u00e9ment au d\u00e9cret royal 1112\/2018 du 7 septembre. Ouvre une nouvelle fen\u00eatre, sur l&#8217;accessibilit\u00e9 des sites Web et des applications pour appareils mobiles du secteur public (ci-apr\u00e8s, d\u00e9cret royal 1112\/2018, du 7 septembre). Cette d\u00e9claration d&#8217;accessibilit\u00e9 s&#8217;applique au site Web https:\/\/tupuertaacorazada.es\/ (les...","og_url":"https:\/\/www.puertaacorazada.es\/declaracion-de-accesibilidad\/","og_site_name":"PuertaAcorazada.es","article_modified_time":"2024-09-23T11:15:56+00:00","twitter_card":"summary_large_image","twitter_misc":{"Dur\u00e9e de lecture estim\u00e9e":"3 minutes"},"schema":{"@context":"https:\/\/schema.org","@graph":[{"@type":"WebPage","@id":"https:\/\/www.puertaacorazada.es\/declaracion-de-accesibilidad\/","url":"https:\/\/www.puertaacorazada.es\/declaracion-de-accesibilidad\/","name":"D\u00e9claration d'accessibilit\u00e9 - PuertaAcorazada.es","isPartOf":{"@id":"https:\/\/www.puertaacorazada.es\/#website"},"datePublished":"2024-08-08T10:44:40+00:00","dateModified":"2024-09-23T11:15:56+00:00","breadcrumb":{"@id":"https:\/\/www.puertaacorazada.es\/declaracion-de-accesibilidad\/#breadcrumb"},"inLanguage":"fr-FR","potentialAction":[{"@type":"ReadAction","target":["https:\/\/www.puertaacorazada.es\/declaracion-de-accesibilidad\/"]}]},{"@type":"BreadcrumbList","@id":"https:\/\/www.puertaacorazada.es\/declaracion-de-accesibilidad\/#breadcrumb","itemListElement":[{"@type":"ListItem","position":1,"name":"Portada","item":"https:\/\/www.puertaacorazada.es\/"},{"@type":"ListItem","position":2,"name":"D\u00e9claration d&#8217;accessibilit\u00e9"}]},{"@type":"WebSite","@id":"https:\/\/www.puertaacorazada.es\/#website","url":"https:\/\/www.puertaacorazada.es\/","name":"PuertaAcorazada.es","description":"Puertas acorazadas para la m\u00e1xima seguridad","publisher":{"@id":"https:\/\/www.puertaacorazada.es\/#organization"},"potentialAction":[{"@type":"SearchAction","target":{"@type":"EntryPoint","urlTemplate":"https:\/\/www.puertaacorazada.es\/?s={search_term_string}"},"query-input":{"@type":"PropertyValueSpecification","valueRequired":true,"valueName":"search_term_string"}}],"inLanguage":"fr-FR"},{"@type":"Organization","@id":"https:\/\/www.puertaacorazada.es\/#organization","name":"PuertaAcorazada.es","url":"https:\/\/www.puertaacorazada.es\/","logo":{"@type":"ImageObject","inLanguage":"fr-FR","@id":"https:\/\/www.puertaacorazada.es\/#\/schema\/logo\/image\/","url":"https:\/\/www.puertaacorazada.es\/wp-content\/uploads\/2024\/08\/cropped-favicon1.png","contentUrl":"https:\/\/www.puertaacorazada.es\/wp-content\/uploads\/2024\/08\/cropped-favicon1.png","width":512,"height":512,"caption":"PuertaAcorazada.es"},"image":{"@id":"https:\/\/www.puertaacorazada.es\/#\/schema\/logo\/image\/"}}]}},"_links":{"self":[{"href":"https:\/\/www.puertaacorazada.es\/fr\/wp-json\/wp\/v2\/pages\/15035","targetHints":{"allow":["GET"]}}],"collection":[{"href":"https:\/\/www.puertaacorazada.es\/fr\/wp-json\/wp\/v2\/pages"}],"about":[{"href":"https:\/\/www.puertaacorazada.es\/fr\/wp-json\/wp\/v2\/types\/page"}],"author":[{"embeddable":true,"href":"https:\/\/www.puertaacorazada.es\/fr\/wp-json\/wp\/v2\/users\/2"}],"replies":[{"embeddable":true,"href":"https:\/\/www.puertaacorazada.es\/fr\/wp-json\/wp\/v2\/comments?post=15035"}],"version-history":[{"count":1,"href":"https:\/\/www.puertaacorazada.es\/fr\/wp-json\/wp\/v2\/pages\/15035\/revisions"}],"predecessor-version":[{"id":15036,"href":"https:\/\/www.puertaacorazada.es\/fr\/wp-json\/wp\/v2\/pages\/15035\/revisions\/15036"}],"wp:attachment":[{"href":"https:\/\/www.puertaacorazada.es\/fr\/wp-json\/wp\/v2\/media?parent=15035"}],"curies":[{"name":"wp","href":"https:\/\/api.w.org\/{rel}","templated":true}]}}