{"id":15045,"date":"2023-07-18T21:23:52","date_gmt":"2023-07-18T19:23:52","guid":{"rendered":"https:\/\/www.puertaacorazada.es\/electronique-idom\/"},"modified":"2024-09-23T18:00:42","modified_gmt":"2024-09-23T16:00:42","slug":"electronique-idom","status":"publish","type":"page","link":"https:\/\/www.puertaacorazada.es\/fr\/electronique-idom\/","title":{"rendered":"\u00c9lectronique iDom"},"content":{"rendered":"\t\t<div data-elementor-type=\"wp-page\" data-elementor-id=\"15045\" class=\"elementor elementor-15045\">\n\t\t\t\t\t\t<section class=\"elementor-section elementor-top-section elementor-element elementor-element-392fc90 elementor-section-boxed elementor-section-height-default elementor-section-height-default\" data-id=\"392fc90\" data-element_type=\"section\">\n\t\t\t\t\t\t<div class=\"elementor-container elementor-column-gap-default\">\n\t\t\t\t\t<div class=\"elementor-column elementor-col-50 elementor-top-column elementor-element elementor-element-029d8a4\" data-id=\"029d8a4\" data-element_type=\"column\">\n\t\t\t<div class=\"elementor-widget-wrap elementor-element-populated\">\n\t\t\t\t\t\t<div class=\"elementor-element elementor-element-4e8a3b8 elementor-widget elementor-widget-image\" data-id=\"4e8a3b8\" data-element_type=\"widget\" data-widget_type=\"image.default\">\n\t\t\t\t<div class=\"elementor-widget-container\">\n\t\t\t\t\t\t\t\t\t\t\t\t\t\t\t<img fetchpriority=\"high\" decoding=\"async\" width=\"1120\" height=\"250\" src=\"https:\/\/www.puertaacorazada.es\/wp-content\/uploads\/2024\/08\/cabecera-idom-1.jpg\" class=\"attachment-full size-full wp-image-14849\" alt=\"\" srcset=\"https:\/\/www.puertaacorazada.es\/wp-content\/uploads\/2024\/08\/cabecera-idom-1.jpg 1120w, https:\/\/www.puertaacorazada.es\/wp-content\/uploads\/2024\/08\/cabecera-idom-1-300x67.jpg 300w, https:\/\/www.puertaacorazada.es\/wp-content\/uploads\/2024\/08\/cabecera-idom-1-1024x229.jpg 1024w, https:\/\/www.puertaacorazada.es\/wp-content\/uploads\/2024\/08\/cabecera-idom-1-768x171.jpg 768w, https:\/\/www.puertaacorazada.es\/wp-content\/uploads\/2024\/08\/cabecera-idom-1-600x134.jpg 600w\" sizes=\"(max-width: 1120px) 100vw, 1120px\" \/>\t\t\t\t\t\t\t\t\t\t\t\t\t\t\t<\/div>\n\t\t\t\t<\/div>\n\t\t\t\t<div class=\"elementor-element elementor-element-ce8578a elementor-widget elementor-widget-rs-heading\" data-id=\"ce8578a\" data-element_type=\"widget\" data-widget_type=\"rs-heading.default\">\n\t\t\t\t<div class=\"elementor-widget-container\">\n\t\t\t\t\t        <div class=\"rs-heading default  \">\r\n        \t<div class=\"title-inner\">\r\n        \t\t      \t\t\r\n\t            <h2 class=\"title\"><span class=\"watermark\"><\/span>La derni\u00e8re technologie au service de votre s\u00e9curit\u00e9<\/h2>\t        <\/div>\r\n\t                <\/div>\r\n\r\n        \t\t\t\t<\/div>\n\t\t\t\t<\/div>\n\t\t\t\t<div class=\"elementor-element elementor-element-968cd17 elementor-widget elementor-widget-text-editor\" data-id=\"968cd17\" data-element_type=\"widget\" data-widget_type=\"text-editor.default\">\n\t\t\t\t<div class=\"elementor-widget-container\">\n\t\t\t\t\t\t\t\t\t<div class=\"fila\">\n<div class=\"col ancho-70\">\n<h4>Porte avec serrure \u00e9lectronique<\/h4>\n<p><strong>La technologie la plus avanc\u00e9e au service du plus haut niveau de s\u00e9curit\u00e9. <\/strong>L&#8217;iDom garantit un produit avec la structure \u00e9prouv\u00e9e et fiable de nos syst\u00e8mes blind\u00e9s (il est identique \u00e0 notre Thor-20 Grade 3B, seulement diff\u00e9rent dans la serrure), ainsi que la plus haute technologie et s\u00e9curit\u00e9 qu&#8217;offre le march\u00e9.<\/p>\n<p>Montage facile, car il s&#8217;installe de la m\u00eame mani\u00e8re que le reste de nos mod\u00e8les de portes blind\u00e9es. iDom offre les avantages suivants : <\/p>\n<ul class=\"lista-puerta-detalle\">\n<li>Il maintient toujours la porte ferm\u00e9e, chaque fois que la porte est ferm\u00e9e, tous les p\u00eanes de serrure et les inverseurs se ferment automatiquement.<\/li>\n<li>Il peut fonctionner connect\u00e9 au secteur et\/ou aux batteries (non affect\u00e9 par les coupures de courant). <strong>Par d\u00e9faut, sauf demande contraire, il est fourni avec l&#8217;option batterie uniquement.<\/strong><\/li>\n<li>Diff\u00e9rentes possibilit\u00e9s de manipulation et de contr\u00f4le selon les options et accessoires choisis.<\/li>\n<li>Changez le code d&#8217;acc\u00e8s autant de fois que n\u00e9cessaire.<\/li>\n<\/ul>\n<p>En bref, une porte avec une combinaison parfaite de technologie et de design qui garantit une s\u00e9curit\u00e9 maximale avec un montage et une fonctionnalit\u00e9 vraiment simples.<\/p>\n<\/p><\/div>\n<div class=\"col ancho-30\">\n<div class=\"centrado destacado-gris\">\n<p>\n                  <strong>\u2013 COMPOSANTS \u2013<\/strong>\n                <\/p>\n<\/p><\/div>\n<p>\n                <img decoding=\"async\" src=\"https:\/\/www.cabma.es\/wp-content\/uploads\/2024\/07\/Cerradura-electronica-Mottura-01.jpg\" alt=\"Serrure Mottura bNova\" width=\"184\" height=\"120\">\n              <\/p>\n<p>\n                <img decoding=\"async\" src=\"https:\/\/www.cabma.es\/wp-content\/uploads\/2024\/07\/Teclado-y-pulsador.jpg\" alt=\"Clavier et bouton poussoir\" width=\"184\" height=\"120\">\n              <\/p>\n<p>\n                <img loading=\"lazy\" decoding=\"async\" src=\"https:\/\/www.cabma.es\/wp-content\/uploads\/2022\/06\/Portapilas-iDOM.jpg\" alt=\"support de batterie\" width=\"184\" height=\"120\">\n              <\/p>\n<\/p><\/div>\n<\/p><\/div>\n<div class=\"fila\">\n<div class=\"col ancho-70\">\n<h4> <\/h4>\n<h4>Fourniture et fonctionnement :<\/h4>\n<\/p><\/div>\n<\/p><\/div>\n<p>\n            <strong>La configuration de base ou de stock de l&#8217;iDOM Smart comprend les \u00e9l\u00e9ments suivants :<\/strong>\n          <\/p>\n<ul>\n<li>Serrure Mottura bNova avec Bluetooth et d\u00e9verrouillage rapide.<\/li>\n<li>Gestion et contr\u00f4le via smartphone avec l&#8217;application B-Mottura (contr\u00f4le d&#8217;acc\u00e8s, module BB, etc.).<\/li>\n<li>Clavier ext\u00e9rieur pour ouverture \u00e0 code, avec Bluetooth (sans c\u00e2blage \u00e0 la serrure), qui permet de le placer \u00e0 l&#8217;ext\u00e9rieur du panneau ext\u00e9rieur (\u00e0 condition qu&#8217;il soit \u00e0 port\u00e9e Bluetooth).<\/li>\n<li>Bouton d&#8217;ouverture int\u00e9rieure plac\u00e9 sur le panneau int\u00e9rieur et c\u00e2bl\u00e9 directement \u00e0 la serrure.<\/li>\n<li>Aliment\u00e9 par batterie (support de batterie plac\u00e9 sur le bord sup\u00e9rieur du vantail).<\/li>\n<\/ul>\n<p><strong>En option<\/strong>, l&#8217;alimentation secteur peut \u00eatre demand\u00e9e, pour laquelle le c\u00e2ble d&#8217;alimentation, le transformateur et le presse-\u00e9toupe sont n\u00e9cessaires.<\/p>\n<p><\/p>\n<div class=\"fila\">\n<div class=\"col\">\n<p>MESURES (Consulter les mesures sp\u00e9ciales)<\/p>\n<table class=\"tabla-medidas\">\n<thead>\n<tr>\n<th>Normes de bloc total<\/th>\n<th>\u00c9tape r\u00e9elle<\/th>\n<\/tr>\n<\/thead>\n<tbody>\n<tr>\n<td>\n<p>202 x 83 cm.<\/p>\n<\/td>\n<td>73 cm.<\/td>\n<\/tr>\n<tr>\n<td>\n<p class=\"px-textborder\">205 x 86 cm.<\/p>\n<\/td>\n<td>76 cm.<\/td>\n<\/tr>\n<tr>\n<td>\n<p class=\"px-textborder\">205 x 92 cm.<\/p>\n<\/td>\n<td>82 cm.<\/td>\n<\/tr>\n<tr>\n<td>\n<p class=\"px-textborder\">207 x 90 cm.<\/p>\n<\/td>\n<td>80 cm.<\/td>\n<\/tr>\n<\/tbody>\n<\/table><\/div>\n<\/p><\/div>\n\t\t\t\t\t\t\t\t<\/div>\n\t\t\t\t<\/div>\n\t\t\t\t<section class=\"elementor-section elementor-inner-section elementor-element elementor-element-6675ba4 elementor-section-boxed elementor-section-height-default elementor-section-height-default\" data-id=\"6675ba4\" data-element_type=\"section\">\n\t\t\t\t\t\t<div class=\"elementor-container elementor-column-gap-default\">\n\t\t\t\t\t<div class=\"elementor-column elementor-col-100 elementor-inner-column elementor-element elementor-element-0937f50\" data-id=\"0937f50\" data-element_type=\"column\">\n\t\t\t<div class=\"elementor-widget-wrap elementor-element-populated\">\n\t\t\t\t\t\t<div class=\"elementor-element elementor-element-40d6aaa elementor-widget elementor-widget-text-editor\" data-id=\"40d6aaa\" data-element_type=\"widget\" data-widget_type=\"text-editor.default\">\n\t\t\t\t<div class=\"elementor-widget-container\">\n\t\t\t\t\t\t\t\t\t<h3 class=\"encabezado-ficha\">Caract\u00e9ristiques et options<\/h3>\n<p>Le nouvel <strong>iDOM<\/strong> m\u00eale la s\u00e9curit\u00e9 de nos portes (conception bas\u00e9e sur notre THOR 20) avec la technologie la plus avanc\u00e9e, la serrure \u00e9lectronique:<\/p>\n<ul class=\"listado-flecha\">\n<li>T\u00f4le galvanis\u00e9e anticorrosion.<\/li>\n<li>20 points de verrouillage, dont le verrou et l&#8217;anti-levier.<\/li>\n<li>3 charni\u00e8res de s\u00e9curit\u00e9 avec roulements, r\u00e9glables en 3D.<\/li>\n<li>Renfort en t\u00f4le galvanis\u00e9e sur toute la serrure.<\/li>\n<\/ul>\n<h1 class=\"destacado-gris2\">\n            <strong>SYST\u00c8MES D&#8217;OUVERTURE<\/strong><br \/>\n          <\/h1>\n<div class=\"listapr\">\n<div class=\"lista-imagen galeria-listapr\">\n              <a href=\"https:\/\/www.cabma.es\/wp-content\/uploads\/2024\/07\/Cerradura-electronica-Mottura-01.jpg\" rel=\"lightbox\"><br \/>\n                <img loading=\"lazy\" decoding=\"async\" class=\"alignleft\" src=\"https:\/\/www.cabma.es\/wp-content\/uploads\/2024\/07\/Cerradura-electronica-Mottura-01.jpg\" alt=\"Serrure \u00e9lectronique Mottura bNova\" width=\"80\" height=\"60\"><br \/>\n              <\/a>\n            <\/div>\n<div class=\"lista-detalle\">\n<p>Serrure \u00e9lectronique Mottura bNova avec Bluetooth et d\u00e9verrouillage rapide, avec certificat de s\u00e9curit\u00e9 maximale.<\/p>\n<\/p><\/div>\n<\/p><\/div>\n<div class=\"listapr\">\n<div class=\"lista-imagen galeria-listapr\">\n              <a href=\"https:\/\/www.cabma.es\/wp-content\/uploads\/2024\/07\/Teclado-y-pulsador.jpg\" rel=\"lightbox\"><br \/>\n                <img loading=\"lazy\" decoding=\"async\" class=\"alignleft\" src=\"https:\/\/www.cabma.es\/wp-content\/uploads\/2024\/07\/Teclado-y-pulsador.jpg\" alt=\"Sistemas de apertura y programaci\u00f3n\" width=\"80\" height=\"60\"><br \/>\n              <\/a>\n            <\/div>\n<div class=\"lista-detalle\">\n<p>Bouton d&#8217;ouverture int\u00e9rieur et clavier Bluetooth ext\u00e9rieur pour ouverture par code (autres syst\u00e8mes d&#8217;ouverture en option).<\/p>\n<\/p><\/div>\n<\/p><\/div>\n<div class=\"listapr\">\n<div class=\"lista-imagen galeria-listapr\">\n              <a href=\"https:\/\/www.cabma.es\/wp-content\/uploads\/2022\/06\/Portapilas-iDOM.jpg\" rel=\"lightbox\"><br \/>\n                <img loading=\"lazy\" decoding=\"async\" class=\"alignleft\" src=\"https:\/\/www.cabma.es\/wp-content\/uploads\/2022\/06\/Portapilas-iDOM.jpg\" alt=\"Support de batterie\" width=\"80\" height=\"60\"><br \/>\n              <\/a>\n            <\/div>\n<div class=\"lista-detalle\">\n<p>Support de batterie (situ\u00e9 sur le bord sup\u00e9rieur du vantail de la porte).<\/p>\n<\/p><\/div>\n<\/p><\/div>\n<h1 class=\"destacado-naranja\">\n            <strong>FACULTATIF<\/strong><br \/>\n          <\/h1>\n<div class=\"detalles-opcionales\">\n<div class=\"detalle-contenedor\">\n<div class=\"detalle-fila\">\n<div class=\"detalle-celda detalle-mini\">\n                  <a href=\"https:\/\/www.cabma.es\/imagenes\/thor20plus\/10-thor-20-plus.jpg\" rel=\"lightbox\"><br \/>\n                    <img decoding=\"async\" class=\"alignleft\" src=\"https:\/\/www.cabma.es\/imagenes\/thor20plus\/10-thor-20-plus-mini.png\" alt=\"D\u00e9tail\"><br \/>\n                  <\/a>\n                <\/div>\n<div class=\"detalle-celda detalle-texto\">Protection anti-per\u00e7age. T\u00f4le d&#8217;acier au mangan\u00e8se, avec \u00e9vasement, anti-extraction et anti-per\u00e7age <\/div>\n<div> <\/div>\n<div> <\/div>\n<\/p><\/div>\n<\/p><\/div>\n<div class=\"detalle-contenedor\">\n<div class=\"detalle-fila\">\n<div class=\"detalle-celda detalle-mini\">\n                  <a href=\"https:\/\/www.cabma.es\/imagenes\/thor20plus\/11-thor-20-plus.jpg\" rel=\"lightbox\"><br \/>\n                    <img decoding=\"async\" class=\"alignleft\" src=\"https:\/\/www.cabma.es\/imagenes\/thor20plus\/11-thor-20-plus-mini.png\" alt=\"D\u00e9tail\"><br \/>\n                  <\/a>\n                <\/div>\n<div class=\"detalle-celda detalle-texto\">Laine de roche. Isolation thermo-acoustique \u00e0 l&#8217;int\u00e9rieur de la porte <\/div>\n<\/p><\/div>\n<\/p><\/div>\n<\/p><\/div>\n<div> <\/div>\n<div> <\/div>\n<div> <\/div>\n<div class=\"detalles-opcionales\">\n<div class=\"detalle-contenedor\">\n<div class=\"detalle-fila\">\n<div class=\"detalle-celda detalle-mini\">\n                  <a href=\"https:\/\/www.cabma.es\/imagenes\/thor20plus\/12-thor-20-plus.jpg\" rel=\"lightbox\"><br \/>\n                    <img decoding=\"async\" class=\"alignleft\" src=\"https:\/\/www.cabma.es\/imagenes\/thor20plus\/12-thor-20-plus-mini.png\" alt=\"D\u00e9tail\"><br \/>\n                  <\/a>\n                <\/div>\n<div class=\"detalle-celda detalle-texto\">Mini couvercle. Plaque de finition de sol<\/div>\n<\/p><\/div>\n<\/p><\/div>\n<\/p><\/div>\n<div> <\/div>\n<div> <\/div>\n<div> <\/div>\n<div class=\"detalles-opcionales\">\n<div class=\"detalle-contenedor\">\n<div class=\"detalle-fila\">\n<div class=\"detalle-celda detalle-mini\">\n                  <a href=\"https:\/\/www.cabma.es\/imagenes\/thor20plus\/13-thor-20-plus.jpg\" rel=\"lightbox\"><br \/>\n                    <img decoding=\"async\" class=\"alignleft\" src=\"https:\/\/www.cabma.es\/imagenes\/thor20plus\/13-thor-20-plus-mini.png\" alt=\"D\u00e9tail\"><br \/>\n                  <\/a>\n                <\/div>\n<div class=\"detalle-celda detalle-texto\">Large couvercle. Plaque de finition de sol <\/div>\n<\/p><\/div>\n<\/p><\/div>\n<\/p><\/div>\n\t\t\t\t\t\t\t\t<\/div>\n\t\t\t\t<\/div>\n\t\t\t\t\t<\/div>\n\t\t<\/div>\n\t\t\t\t\t<\/div>\n\t\t<\/section>\n\t\t\t\t\t<\/div>\n\t\t<\/div>\n\t\t\t\t<div class=\"elementor-column elementor-col-50 elementor-top-column elementor-element elementor-element-3ff916e bs-sidebar dynamic-sidebar\" data-id=\"3ff916e\" data-element_type=\"column\">\n\t\t\t<div class=\"elementor-widget-wrap elementor-element-populated\">\n\t\t\t\t\t\t<section class=\"elementor-section elementor-inner-section elementor-element elementor-element-56a3244 elementor-section-boxed elementor-section-height-default elementor-section-height-default\" data-id=\"56a3244\" data-element_type=\"section\">\n\t\t\t\t\t\t<div class=\"elementor-container elementor-column-gap-default\">\n\t\t\t\t\t<div class=\"elementor-column elementor-col-100 elementor-inner-column elementor-element elementor-element-882000f\" data-id=\"882000f\" data-element_type=\"column\" data-settings=\"{&quot;background_background&quot;:&quot;classic&quot;}\">\n\t\t\t<div class=\"elementor-widget-wrap elementor-element-populated\">\n\t\t\t\t\t\t<div class=\"elementor-element elementor-element-4c43fef phones elementor-widget elementor-widget-rs-contact-box\" data-id=\"4c43fef\" data-element_type=\"widget\" data-widget_type=\"rs-contact-box.default\">\n\t\t\t\t<div class=\"elementor-widget-container\">\n\t\t\t\t\t\t\t\r\n\r\n\t\t<!-- Style 1 Start -->\r\n\t\t<div class=\"rs-contact-box\">\r\n\r\n\t\t\t\t\t\t<div class=\"address-item vertical boxstyle1\">\r\n\r\n\t\t\t\t\t\t\t            <div class=\"address-icon\">\r\n\t\t            \t\t\t            \t\t<i class=\"fa fa-phone\"><\/i>\r\n\t\t            \t\t\t            <\/div>\r\n\t\t            \r\n\t\t            <div class=\"address-text\">\r\n\t\t            \t\r\n\r\n\t\t            \t\r\n\r\n\t\t            \t\t\t            <\/div>\r\n\t\t        <\/div>\r\n\t\t\t\t\t<\/div>\r\n\r\n\t<!-- Style 1 End -->\t\r\n\t\t\r\n\t\t\t\t\t<\/div>\n\t\t\t\t<\/div>\n\t\t\t\t<div class=\"elementor-element elementor-element-2e6096d elementor-widget elementor-widget-heading\" data-id=\"2e6096d\" data-element_type=\"widget\" data-widget_type=\"heading.default\">\n\t\t\t\t<div class=\"elementor-widget-container\">\n\t\t\t\t\t<h2 class=\"elementor-heading-title elementor-size-default\">Avez-vous des questions ? Appelez-nous <\/h2>\t\t\t\t<\/div>\n\t\t\t\t<\/div>\n\t\t\t\t<div class=\"elementor-element elementor-element-48a6d4f elementor-widget elementor-widget-heading\" data-id=\"48a6d4f\" data-element_type=\"widget\" data-widget_type=\"heading.default\">\n\t\t\t\t<div class=\"elementor-widget-container\">\n\t\t\t\t\t<h2 class=\"elementor-heading-title elementor-size-default\">(+34) 924 916 278<\/h2>\t\t\t\t<\/div>\n\t\t\t\t<\/div>\n\t\t\t\t\t<\/div>\n\t\t<\/div>\n\t\t\t\t\t<\/div>\n\t\t<\/section>\n\t\t\t\t\t<\/div>\n\t\t<\/div>\n\t\t\t\t\t<\/div>\n\t\t<\/section>\n\t\t\t\t<\/div>\n\t\t","protected":false},"excerpt":{"rendered":"<p>La derni\u00e8re technologie au service de votre s\u00e9curit\u00e9 Porte avec serrure \u00e9lectronique La technologie la plus avanc\u00e9e au service du plus haut niveau de s\u00e9curit\u00e9. L&#8217;iDom garantit un produit avec la structure \u00e9prouv\u00e9e et fiable de nos syst\u00e8mes blind\u00e9s (il est identique \u00e0 notre Thor-20 Grade 3B, seulement diff\u00e9rent dans la serrure), ainsi que la&#8230;<\/p>\n","protected":false},"author":1,"featured_media":0,"parent":0,"menu_order":0,"comment_status":"closed","ping_status":"closed","template":"","meta":{"footnotes":""},"class_list":["post-15045","page","type-page","status-publish","hentry"],"yoast_head":"<!-- This site is optimized with the Yoast SEO plugin v25.0 - https:\/\/yoast.com\/wordpress\/plugins\/seo\/ -->\n<title>\u00c9lectronique iDom - PuertaAcorazada.es<\/title>\n<meta name=\"robots\" content=\"index, follow, max-snippet:-1, max-image-preview:large, max-video-preview:-1\" \/>\n<link rel=\"canonical\" href=\"https:\/\/www.puertaacorazada.es\/puertas-acorazadas\/idom-electronica\/\" \/>\n<meta property=\"og:locale\" content=\"fr_FR\" \/>\n<meta property=\"og:type\" content=\"article\" \/>\n<meta property=\"og:title\" content=\"\u00c9lectronique iDom - PuertaAcorazada.es\" \/>\n<meta property=\"og:description\" content=\"La derni\u00e8re technologie au service de votre s\u00e9curit\u00e9 Porte avec serrure \u00e9lectronique La technologie la plus avanc\u00e9e au service du plus haut niveau de s\u00e9curit\u00e9. L&#8217;iDom garantit un produit avec la structure \u00e9prouv\u00e9e et fiable de nos syst\u00e8mes blind\u00e9s (il est identique \u00e0 notre Thor-20 Grade 3B, seulement diff\u00e9rent dans la serrure), ainsi que la...\" \/>\n<meta property=\"og:url\" content=\"https:\/\/www.puertaacorazada.es\/puertas-acorazadas\/idom-electronica\/\" \/>\n<meta property=\"og:site_name\" content=\"PuertaAcorazada.es\" \/>\n<meta property=\"article:modified_time\" content=\"2024-09-23T16:00:42+00:00\" \/>\n<meta property=\"og:image\" content=\"https:\/\/www.puertaacorazada.es\/wp-content\/uploads\/2024\/08\/cabecera-idom-1.jpg\" \/>\n\t<meta property=\"og:image:width\" content=\"1120\" \/>\n\t<meta property=\"og:image:height\" content=\"250\" \/>\n\t<meta property=\"og:image:type\" content=\"image\/jpeg\" \/>\n<meta name=\"twitter:card\" content=\"summary_large_image\" \/>\n<meta name=\"twitter:label1\" content=\"Dur\u00e9e de lecture estim\u00e9e\" \/>\n\t<meta name=\"twitter:data1\" content=\"3 minutes\" \/>\n<script type=\"application\/ld+json\" class=\"yoast-schema-graph\">{\"@context\":\"https:\/\/schema.org\",\"@graph\":[{\"@type\":\"WebPage\",\"@id\":\"https:\/\/www.puertaacorazada.es\/puertas-acorazadas\/idom-electronica\/\",\"url\":\"https:\/\/www.puertaacorazada.es\/puertas-acorazadas\/idom-electronica\/\",\"name\":\"\u00c9lectronique iDom - PuertaAcorazada.es\",\"isPartOf\":{\"@id\":\"https:\/\/www.puertaacorazada.es\/#website\"},\"primaryImageOfPage\":{\"@id\":\"https:\/\/www.puertaacorazada.es\/puertas-acorazadas\/idom-electronica\/#primaryimage\"},\"image\":{\"@id\":\"https:\/\/www.puertaacorazada.es\/puertas-acorazadas\/idom-electronica\/#primaryimage\"},\"thumbnailUrl\":\"https:\/\/www.puertaacorazada.es\/wp-content\/uploads\/2024\/08\/cabecera-idom-1.jpg\",\"datePublished\":\"2023-07-18T19:23:52+00:00\",\"dateModified\":\"2024-09-23T16:00:42+00:00\",\"breadcrumb\":{\"@id\":\"https:\/\/www.puertaacorazada.es\/puertas-acorazadas\/idom-electronica\/#breadcrumb\"},\"inLanguage\":\"fr-FR\",\"potentialAction\":[{\"@type\":\"ReadAction\",\"target\":[\"https:\/\/www.puertaacorazada.es\/puertas-acorazadas\/idom-electronica\/\"]}]},{\"@type\":\"ImageObject\",\"inLanguage\":\"fr-FR\",\"@id\":\"https:\/\/www.puertaacorazada.es\/puertas-acorazadas\/idom-electronica\/#primaryimage\",\"url\":\"https:\/\/www.puertaacorazada.es\/wp-content\/uploads\/2024\/08\/cabecera-idom-1.jpg\",\"contentUrl\":\"https:\/\/www.puertaacorazada.es\/wp-content\/uploads\/2024\/08\/cabecera-idom-1.jpg\"},{\"@type\":\"BreadcrumbList\",\"@id\":\"https:\/\/www.puertaacorazada.es\/puertas-acorazadas\/idom-electronica\/#breadcrumb\",\"itemListElement\":[{\"@type\":\"ListItem\",\"position\":1,\"name\":\"Portada\",\"item\":\"https:\/\/www.puertaacorazada.es\/\"},{\"@type\":\"ListItem\",\"position\":2,\"name\":\"\u00c9lectronique iDom\"}]},{\"@type\":\"WebSite\",\"@id\":\"https:\/\/www.puertaacorazada.es\/#website\",\"url\":\"https:\/\/www.puertaacorazada.es\/\",\"name\":\"PuertaAcorazada.es\",\"description\":\"Puertas acorazadas para la m\u00e1xima seguridad\",\"publisher\":{\"@id\":\"https:\/\/www.puertaacorazada.es\/#organization\"},\"potentialAction\":[{\"@type\":\"SearchAction\",\"target\":{\"@type\":\"EntryPoint\",\"urlTemplate\":\"https:\/\/www.puertaacorazada.es\/?s={search_term_string}\"},\"query-input\":{\"@type\":\"PropertyValueSpecification\",\"valueRequired\":true,\"valueName\":\"search_term_string\"}}],\"inLanguage\":\"fr-FR\"},{\"@type\":\"Organization\",\"@id\":\"https:\/\/www.puertaacorazada.es\/#organization\",\"name\":\"PuertaAcorazada.es\",\"url\":\"https:\/\/www.puertaacorazada.es\/\",\"logo\":{\"@type\":\"ImageObject\",\"inLanguage\":\"fr-FR\",\"@id\":\"https:\/\/www.puertaacorazada.es\/#\/schema\/logo\/image\/\",\"url\":\"https:\/\/www.puertaacorazada.es\/wp-content\/uploads\/2024\/08\/cropped-favicon1.png\",\"contentUrl\":\"https:\/\/www.puertaacorazada.es\/wp-content\/uploads\/2024\/08\/cropped-favicon1.png\",\"width\":512,\"height\":512,\"caption\":\"PuertaAcorazada.es\"},\"image\":{\"@id\":\"https:\/\/www.puertaacorazada.es\/#\/schema\/logo\/image\/\"}}]}<\/script>\n<!-- \/ Yoast SEO plugin. -->","yoast_head_json":{"title":"\u00c9lectronique iDom - PuertaAcorazada.es","robots":{"index":"index","follow":"follow","max-snippet":"max-snippet:-1","max-image-preview":"max-image-preview:large","max-video-preview":"max-video-preview:-1"},"canonical":"https:\/\/www.puertaacorazada.es\/puertas-acorazadas\/idom-electronica\/","og_locale":"fr_FR","og_type":"article","og_title":"\u00c9lectronique iDom - PuertaAcorazada.es","og_description":"La derni\u00e8re technologie au service de votre s\u00e9curit\u00e9 Porte avec serrure \u00e9lectronique La technologie la plus avanc\u00e9e au service du plus haut niveau de s\u00e9curit\u00e9. L&#8217;iDom garantit un produit avec la structure \u00e9prouv\u00e9e et fiable de nos syst\u00e8mes blind\u00e9s (il est identique \u00e0 notre Thor-20 Grade 3B, seulement diff\u00e9rent dans la serrure), ainsi que la...","og_url":"https:\/\/www.puertaacorazada.es\/puertas-acorazadas\/idom-electronica\/","og_site_name":"PuertaAcorazada.es","article_modified_time":"2024-09-23T16:00:42+00:00","og_image":[{"width":1120,"height":250,"url":"https:\/\/www.puertaacorazada.es\/wp-content\/uploads\/2024\/08\/cabecera-idom-1.jpg","type":"image\/jpeg"}],"twitter_card":"summary_large_image","twitter_misc":{"Dur\u00e9e de lecture estim\u00e9e":"3 minutes"},"schema":{"@context":"https:\/\/schema.org","@graph":[{"@type":"WebPage","@id":"https:\/\/www.puertaacorazada.es\/puertas-acorazadas\/idom-electronica\/","url":"https:\/\/www.puertaacorazada.es\/puertas-acorazadas\/idom-electronica\/","name":"\u00c9lectronique iDom - PuertaAcorazada.es","isPartOf":{"@id":"https:\/\/www.puertaacorazada.es\/#website"},"primaryImageOfPage":{"@id":"https:\/\/www.puertaacorazada.es\/puertas-acorazadas\/idom-electronica\/#primaryimage"},"image":{"@id":"https:\/\/www.puertaacorazada.es\/puertas-acorazadas\/idom-electronica\/#primaryimage"},"thumbnailUrl":"https:\/\/www.puertaacorazada.es\/wp-content\/uploads\/2024\/08\/cabecera-idom-1.jpg","datePublished":"2023-07-18T19:23:52+00:00","dateModified":"2024-09-23T16:00:42+00:00","breadcrumb":{"@id":"https:\/\/www.puertaacorazada.es\/puertas-acorazadas\/idom-electronica\/#breadcrumb"},"inLanguage":"fr-FR","potentialAction":[{"@type":"ReadAction","target":["https:\/\/www.puertaacorazada.es\/puertas-acorazadas\/idom-electronica\/"]}]},{"@type":"ImageObject","inLanguage":"fr-FR","@id":"https:\/\/www.puertaacorazada.es\/puertas-acorazadas\/idom-electronica\/#primaryimage","url":"https:\/\/www.puertaacorazada.es\/wp-content\/uploads\/2024\/08\/cabecera-idom-1.jpg","contentUrl":"https:\/\/www.puertaacorazada.es\/wp-content\/uploads\/2024\/08\/cabecera-idom-1.jpg"},{"@type":"BreadcrumbList","@id":"https:\/\/www.puertaacorazada.es\/puertas-acorazadas\/idom-electronica\/#breadcrumb","itemListElement":[{"@type":"ListItem","position":1,"name":"Portada","item":"https:\/\/www.puertaacorazada.es\/"},{"@type":"ListItem","position":2,"name":"\u00c9lectronique iDom"}]},{"@type":"WebSite","@id":"https:\/\/www.puertaacorazada.es\/#website","url":"https:\/\/www.puertaacorazada.es\/","name":"PuertaAcorazada.es","description":"Puertas acorazadas para la m\u00e1xima seguridad","publisher":{"@id":"https:\/\/www.puertaacorazada.es\/#organization"},"potentialAction":[{"@type":"SearchAction","target":{"@type":"EntryPoint","urlTemplate":"https:\/\/www.puertaacorazada.es\/?s={search_term_string}"},"query-input":{"@type":"PropertyValueSpecification","valueRequired":true,"valueName":"search_term_string"}}],"inLanguage":"fr-FR"},{"@type":"Organization","@id":"https:\/\/www.puertaacorazada.es\/#organization","name":"PuertaAcorazada.es","url":"https:\/\/www.puertaacorazada.es\/","logo":{"@type":"ImageObject","inLanguage":"fr-FR","@id":"https:\/\/www.puertaacorazada.es\/#\/schema\/logo\/image\/","url":"https:\/\/www.puertaacorazada.es\/wp-content\/uploads\/2024\/08\/cropped-favicon1.png","contentUrl":"https:\/\/www.puertaacorazada.es\/wp-content\/uploads\/2024\/08\/cropped-favicon1.png","width":512,"height":512,"caption":"PuertaAcorazada.es"},"image":{"@id":"https:\/\/www.puertaacorazada.es\/#\/schema\/logo\/image\/"}}]}},"_links":{"self":[{"href":"https:\/\/www.puertaacorazada.es\/fr\/wp-json\/wp\/v2\/pages\/15045","targetHints":{"allow":["GET"]}}],"collection":[{"href":"https:\/\/www.puertaacorazada.es\/fr\/wp-json\/wp\/v2\/pages"}],"about":[{"href":"https:\/\/www.puertaacorazada.es\/fr\/wp-json\/wp\/v2\/types\/page"}],"author":[{"embeddable":true,"href":"https:\/\/www.puertaacorazada.es\/fr\/wp-json\/wp\/v2\/users\/1"}],"replies":[{"embeddable":true,"href":"https:\/\/www.puertaacorazada.es\/fr\/wp-json\/wp\/v2\/comments?post=15045"}],"version-history":[{"count":1,"href":"https:\/\/www.puertaacorazada.es\/fr\/wp-json\/wp\/v2\/pages\/15045\/revisions"}],"predecessor-version":[{"id":15046,"href":"https:\/\/www.puertaacorazada.es\/fr\/wp-json\/wp\/v2\/pages\/15045\/revisions\/15046"}],"wp:attachment":[{"href":"https:\/\/www.puertaacorazada.es\/fr\/wp-json\/wp\/v2\/media?parent=15045"}],"curies":[{"name":"wp","href":"https:\/\/api.w.org\/{rel}","templated":true}]}}