{"id":15057,"date":"2023-07-18T21:29:45","date_gmt":"2023-07-18T19:29:45","guid":{"rendered":"https:\/\/www.puertaacorazada.es\/portes-haut-de-gamme-4c\/"},"modified":"2024-09-23T18:34:39","modified_gmt":"2024-09-23T16:34:39","slug":"portes-haut-de-gamme-4c","status":"publish","type":"page","link":"https:\/\/www.puertaacorazada.es\/fr\/portes-haut-de-gamme-4c\/","title":{"rendered":"Portes haut de gamme 4C"},"content":{"rendered":"\t\t<div data-elementor-type=\"wp-page\" data-elementor-id=\"15057\" class=\"elementor elementor-15057\">\n\t\t\t\t\t\t<section class=\"elementor-section elementor-top-section elementor-element elementor-element-aba306a elementor-section-boxed elementor-section-height-default elementor-section-height-default\" data-id=\"aba306a\" data-element_type=\"section\">\n\t\t\t\t\t\t<div class=\"elementor-container elementor-column-gap-default\">\n\t\t\t\t\t<div class=\"elementor-column elementor-col-50 elementor-top-column elementor-element elementor-element-d97e09e\" data-id=\"d97e09e\" data-element_type=\"column\">\n\t\t\t<div class=\"elementor-widget-wrap elementor-element-populated\">\n\t\t\t\t\t\t<div class=\"elementor-element elementor-element-978e765 elementor-widget elementor-widget-image\" data-id=\"978e765\" data-element_type=\"widget\" data-widget_type=\"image.default\">\n\t\t\t\t<div class=\"elementor-widget-container\">\n\t\t\t\t\t\t\t\t\t\t\t\t\t\t\t<img fetchpriority=\"high\" decoding=\"async\" width=\"1120\" height=\"250\" src=\"https:\/\/www.puertaacorazada.es\/wp-content\/uploads\/2024\/08\/cabecera-premium4c.jpg\" class=\"attachment-full size-full wp-image-14799\" alt=\"\" srcset=\"https:\/\/www.puertaacorazada.es\/wp-content\/uploads\/2024\/08\/cabecera-premium4c.jpg 1120w, https:\/\/www.puertaacorazada.es\/wp-content\/uploads\/2024\/08\/cabecera-premium4c-300x67.jpg 300w, https:\/\/www.puertaacorazada.es\/wp-content\/uploads\/2024\/08\/cabecera-premium4c-1024x229.jpg 1024w, https:\/\/www.puertaacorazada.es\/wp-content\/uploads\/2024\/08\/cabecera-premium4c-768x171.jpg 768w, https:\/\/www.puertaacorazada.es\/wp-content\/uploads\/2024\/08\/cabecera-premium4c-600x134.jpg 600w\" sizes=\"(max-width: 1120px) 100vw, 1120px\" \/>\t\t\t\t\t\t\t\t\t\t\t\t\t\t\t<\/div>\n\t\t\t\t<\/div>\n\t\t\t\t<div class=\"elementor-element elementor-element-adc8bca elementor-widget elementor-widget-rs-heading\" data-id=\"adc8bca\" data-element_type=\"widget\" data-widget_type=\"rs-heading.default\">\n\t\t\t\t<div class=\"elementor-widget-container\">\n\t\t\t\t\t        <div class=\"rs-heading default  \">\r\n        \t<div class=\"title-inner\">\r\n        \t\t      \t\t\r\n\t            <span class=\"sub-text \">PREMIUM 4C, s\u00e9curit\u00e9 maximale<\/span><h2 class=\"title\"><span class=\"watermark\"><\/span>Premium 4C n'est pas seulement une porte, c'est une tranquillit\u00e9 d'esprit pour vous et les v\u00f4tres.<\/h2>\t        <\/div>\r\n\t                <\/div>\r\n\r\n        \t\t\t\t<\/div>\n\t\t\t\t<\/div>\n\t\t\t\t<div class=\"elementor-element elementor-element-67ed018 elementor-widget elementor-widget-text-editor\" data-id=\"67ed018\" data-element_type=\"widget\" data-widget_type=\"text-editor.default\">\n\t\t\t\t<div class=\"elementor-widget-container\">\n\t\t\t\t\t\t\t\t\t<h3 class=\"encabezado-ficha\">Caract\u00e9ristiques et options<\/h3>\n<p>Si votre s\u00e9curit\u00e9 et celle de votre famille est une priorit\u00e9 dans votre vie, la porte <strong>Premium 4C<\/strong> est ce qu&#8217;il vous faut.<\/p>\n<p>Nous avons con\u00e7u l&#8217;une des portes les plus s\u00fbres et les mieux finies disponibles. Des lignes droites et robustes ainsi qu&#8217;un int\u00e9rieur coh\u00e9rent font de la Premium 4C une porte exceptionnelle. <\/p>\n<ul class=\"listado-flecha\">\n<li>Structure tubulaire en t\u00f4le galvanis\u00e9e, renforc\u00e9e \u00e0 l&#8217;int\u00e9rieur et avec coupe-froid int\u00e9gr\u00e9.<\/li>\n<li>Renfort de nervures de fixation des charni\u00e8res<\/li>\n<li>Burlete<\/li>\n<li>Renforts anti-levier<\/li>\n<li>Boulons \u00e0 crochet<\/li>\n<li>T\u00f4le galvanis\u00e9e anticorrosion<\/li>\n<li>Pattes<\/li>\n<li>Renforcement<\/li>\n<\/ul>\n\t\t\t\t\t\t\t\t<\/div>\n\t\t\t\t<\/div>\n\t\t\t\t<section class=\"elementor-section elementor-inner-section elementor-element elementor-element-1ed6c9e elementor-section-boxed elementor-section-height-default elementor-section-height-default\" data-id=\"1ed6c9e\" data-element_type=\"section\">\n\t\t\t\t\t\t<div class=\"elementor-container elementor-column-gap-default\">\n\t\t\t\t\t<div class=\"elementor-column elementor-col-100 elementor-inner-column elementor-element elementor-element-1b4561d\" data-id=\"1b4561d\" data-element_type=\"column\">\n\t\t\t<div class=\"elementor-widget-wrap elementor-element-populated\">\n\t\t\t\t\t\t<div class=\"elementor-element elementor-element-0d90e5a elementor-widget elementor-widget-text-editor\" data-id=\"0d90e5a\" data-element_type=\"widget\" data-widget_type=\"text-editor.default\">\n\t\t\t\t<div class=\"elementor-widget-container\">\n\t\t\t\t\t\t\t\t\t<h1 class=\"subtitulo-ficha\">Serrures<\/h1>\n<div class=\"detalle-contenedor\">\n<div class=\"detalle-fila\">\n<div class=\"detalle-celda detalle-mini\">\n                <a href=\"https:\/\/www.cabma.es\/imagenes\/premium4c\/01-premium-4c.jpg\" rel=\"lightbox\"><br \/>\n                  <img decoding=\"async\" class=\"alignleft\" src=\"https:\/\/www.cabma.es\/imagenes\/premium4c\/01-premium-4c-mini.png\" alt=\"D\u00e9tail\"><br \/>\n                <\/a>\n              <\/div>\n<div class=\"detalle-celda detalle-texto detalle-texto-first\">Class\u00e9 grade 7 et \u00e9quip\u00e9 d&#8217;un verrou de s\u00e9curit\u00e9, il est fabriqu\u00e9 avec des boulons en acier et anti-recul. Serrure avec serrure de s\u00e9curit\u00e9 <\/div>\n<div> <\/div>\n<div> <\/div>\n<\/p><\/div>\n<\/p><\/div>\n<div class=\"detalle-contenedor\">\n<div class=\"detalle-fila\">\n<div class=\"detalle-celda detalle-mini\">\n                <a href=\"https:\/\/www.cabma.es\/imagenes\/premium4c\/02-premium-4c.jpg\" rel=\"lightbox\"><br \/>\n                  <img decoding=\"async\" class=\"alignleft\" src=\"https:\/\/www.cabma.es\/imagenes\/premium4c\/02-premium-4c-mini.png\" alt=\"D\u00e9tail\"><br \/>\n                <\/a>\n              <\/div>\n<div class=\"detalle-celda detalle-texto\">Serrure \u00e0 double cylindre avec serrure de s\u00e9curit\u00e9<span class=\"detalle-texto-opcional\">.<\/span><\/div>\n<\/p><\/div>\n<\/p><\/div>\n<div> <\/div>\n<div> <\/div>\n<div> <\/div>\n<div> <\/div>\n<div class=\"detalle-contenedor\">\n<div class=\"detalle-fila\">\n<div class=\"detalle-celda detalle-mini\">\n                <a href=\"https:\/\/www.cabma.es\/imagenes\/premium4c\/03-premium-4c.jpg\" rel=\"lightbox\"><br \/>\n                  <img decoding=\"async\" class=\"alignleft\" src=\"https:\/\/www.cabma.es\/imagenes\/premium4c\/03-premium-4c-mini.png\" alt=\"D\u00e9tail\"><br \/>\n                <\/a>\n              <\/div>\n<div class=\"detalle-celda detalle-texto\">Feuille de mangan\u00e8se. Rev\u00eatement indispensable pour la serrure, car il \u00e9vite l&#8217;arrachement du bouclier et le prot\u00e8ge du per\u00e7age. <\/div>\n<\/p><\/div>\n<\/p><\/div>\n<div> <\/div>\n<div> <\/div>\n<div> <\/div>\n<div class=\"detalle-contenedor\">\n<div class=\"detalle-fila\">\n<div class=\"detalle-celda detalle-mini\">\n                <a href=\"https:\/\/www.cabma.es\/imagenes\/premium4c\/04-premium-4c.jpg\" rel=\"lightbox\"><br \/>\n                  <img decoding=\"async\" class=\"alignleft\" src=\"https:\/\/www.cabma.es\/imagenes\/premium4c\/04-premium-4c-mini.png\" alt=\"D\u00e9tail\"><br \/>\n                <\/a>\n              <\/div>\n<div class=\"detalle-celda detalle-texto\">Bouclier. Fabrication propre d&#8217;acier F-522 et de duret\u00e9 62 Rockwell (HRC). <\/div>\n<\/p><\/div>\n<\/p><\/div>\n<div> <\/div>\n<div> <\/div>\n<div> <\/div>\n<div class=\"detalle-contenedor\">\n<div class=\"detalle-fila\">\n<div class=\"detalle-celda detalle-mini\">\n                <a href=\"https:\/\/www.cabma.es\/imagenes\/premium4c\/05-premium-4c.jpg\" rel=\"lightbox\"><br \/>\n                  <img decoding=\"async\" class=\"alignleft\" src=\"https:\/\/www.cabma.es\/imagenes\/premium4c\/05-premium-4c-mini.png\" alt=\"D\u00e9tail\"><br \/>\n                <\/a>\n              <\/div>\n<div class=\"detalle-celda detalle-texto\">Ampoule. Pour une porte r\u00e9alis\u00e9e avec une technologie innovante, nous avons choisi l&#8217;ampoule principale KESO 8000. <\/div>\n<\/p><\/div>\n<\/p><\/div>\n<div> <\/div>\n<div> <\/div>\n<div> <\/div>\n<div class=\"detalle-contenedor\">\n<div class=\"detalle-fila\">\n<div class=\"detalle-celda detalle-mini\">\n                <a href=\"https:\/\/www.cabma.es\/imagenes\/premium4c\/06-premium-4c.jpg\" rel=\"lightbox\"><br \/>\n                  <img decoding=\"async\" class=\"alignleft\" src=\"https:\/\/www.cabma.es\/imagenes\/premium4c\/06-premium-4c-mini.png\" alt=\"D\u00e9tail\"><br \/>\n                <\/a>\n              <\/div>\n<div class=\"detalle-celda detalle-texto\">Charni\u00e8res. 3 charni\u00e8res en acier trait\u00e9 de 6 mm, avec roulements et r\u00e9glables en 3D. <\/div>\n<\/p><\/div>\n<\/p><\/div>\n<div> <\/div>\n<div> <\/div>\n<div> <\/div>\n<div class=\"detalle-contenedor\">\n<div class=\"detalle-fila\">\n<div class=\"detalle-celda detalle-mini\">\n                <a href=\"https:\/\/www.cabma.es\/imagenes\/premium4c\/07-premium-4c.jpg\" rel=\"lightbox\"><br \/>\n                  <img decoding=\"async\" class=\"alignleft\" src=\"https:\/\/www.cabma.es\/imagenes\/premium4c\/07-premium-4c-mini.png\" alt=\"D\u00e9tail\"><br \/>\n                <\/a>\n              <\/div>\n<div class=\"detalle-celda detalle-texto\">Anti-leviers. Les charni\u00e8res sont accompagn\u00e9es de 8 anti-leviers pour renforcer encore un syst\u00e8me de s\u00e9curit\u00e9 maximale. <\/div>\n<\/p><\/div>\n<\/p><\/div>\n<div> <\/div>\n<div> <\/div>\n<div> <\/div>\n<div class=\"detalle-contenedor\">\n<div class=\"detalle-fila\">\n<div class=\"detalle-celda detalle-mini\">\n                <a href=\"https:\/\/www.cabma.es\/imagenes\/premium4c\/08-premium-4c.jpg\" rel=\"lightbox\"><br \/>\n                  <img decoding=\"async\" class=\"alignleft\" src=\"https:\/\/www.cabma.es\/imagenes\/premium4c\/08-premium-4c-mini.png\" alt=\"D\u00e9tail\"><br \/>\n                <\/a>\n              <\/div>\n<div class=\"detalle-celda detalle-texto\">D\u00e9viateurs. Comprend un d\u00e9placement sup\u00e9rieur et une plaque anti-recul, un crochet et un verrou. Il est donc quasiment impossible de le sortir du cadre au cas o\u00f9 vous auriez forc\u00e9  <\/div>\n<div> <\/div>\n<div> <\/div>\n<\/p><\/div>\n<\/p><\/div>\n<div class=\"detalle-contenedor\">\n<div class=\"detalle-fila\">\n<div class=\"detalle-celda detalle-mini\">\n                <a href=\"https:\/\/www.cabma.es\/imagenes\/premium4c\/09-premium-4c.jpg\" rel=\"lightbox\"><br \/>\n                  <img decoding=\"async\" class=\"alignleft\" src=\"https:\/\/www.cabma.es\/imagenes\/premium4c\/09-premium-4c-mini.png\" alt=\"D\u00e9tail\"><br \/>\n                <\/a>\n              <\/div>\n<div class=\"detalle-celda detalle-texto\">R\u00e9gulateur de glissement.<\/div>\n<\/p><\/div>\n<\/p><\/div>\n<div> <\/div>\n<div> <\/div>\n<div> <\/div>\n<div> <\/div>\n<div class=\"detalle-contenedor\">\n<div class=\"detalle-fila\">\n<div class=\"detalle-celda detalle-mini\">\n                <a href=\"https:\/\/www.cabma.es\/imagenes\/premium4c\/10-premium-4c.jpg\" rel=\"lightbox\"><br \/>\n                  <img decoding=\"async\" class=\"alignleft\" src=\"https:\/\/www.cabma.es\/imagenes\/premium4c\/10-premium-4c-mini.png\" alt=\"D\u00e9tail\"><br \/>\n                <\/a>\n              <\/div>\n<div class=\"detalle-celda detalle-texto\">Boulons \u00e0 crochet<\/div>\n<\/p><\/div>\n<\/p><\/div>\n<div> <\/div>\n<div> <\/div>\n<div> <\/div>\n<div> <\/div>\n<div class=\"detalle-contenedor\">\n<div class=\"detalle-fila\">\n<div class=\"detalle-celda detalle-mini\">\n                <a href=\"https:\/\/www.cabma.es\/imagenes\/premium4c\/11-premium-4c.jpg\" rel=\"lightbox\"><br \/>\n                  <img decoding=\"async\" class=\"alignleft\" src=\"https:\/\/www.cabma.es\/imagenes\/premium4c\/11-premium-4c-mini.png\" alt=\"D\u00e9tail\"><br \/>\n                <\/a>\n              <\/div>\n<div class=\"detalle-celda detalle-texto\">Renforcement. Fabriqu\u00e9 \u00e0 l&#8217;int\u00e9rieur avec des om\u00e9gas, des barres stabilisatrices doubles en forme de U et renforc\u00e9 avec des barres en t\u00e9traacier \u00e0 l&#8217;int\u00e9rieur, qui emp\u00eachent l&#8217;acc\u00e8s \u00e0 la maison par le butron. <\/div>\n<div> <\/div>\n<\/p><\/div>\n<\/p><\/div>\n<div class=\"detalle-contenedor\">\n<div class=\"detalle-fila\">\n<div class=\"detalle-celda detalle-mini\">\n                <a href=\"https:\/\/www.cabma.es\/imagenes\/premium4c\/12-premium-4c.jpg\" rel=\"lightbox\"><br \/>\n                  <img decoding=\"async\" class=\"alignleft\" src=\"https:\/\/www.cabma.es\/imagenes\/premium4c\/12-premium-4c-mini.png\" alt=\"D\u00e9tail\"><br \/>\n                <\/a>\n              <\/div>\n<div class=\"detalle-celda detalle-texto\">Couverture. Il se compose d&#8217;une plaque stabilisatrice <\/div>\n<\/p><\/div>\n<\/p><\/div>\n\t\t\t\t\t\t\t\t<\/div>\n\t\t\t\t<\/div>\n\t\t\t\t\t<\/div>\n\t\t<\/div>\n\t\t\t\t\t<\/div>\n\t\t<\/section>\n\t\t\t\t\t<\/div>\n\t\t<\/div>\n\t\t\t\t<div class=\"elementor-column elementor-col-50 elementor-top-column elementor-element elementor-element-87b3f0c bs-sidebar dynamic-sidebar\" data-id=\"87b3f0c\" data-element_type=\"column\">\n\t\t\t<div class=\"elementor-widget-wrap elementor-element-populated\">\n\t\t\t\t\t\t<section class=\"elementor-section elementor-inner-section elementor-element elementor-element-e708a9a elementor-section-boxed elementor-section-height-default elementor-section-height-default\" data-id=\"e708a9a\" data-element_type=\"section\">\n\t\t\t\t\t\t<div class=\"elementor-container elementor-column-gap-default\">\n\t\t\t\t\t<div class=\"elementor-column elementor-col-100 elementor-inner-column elementor-element elementor-element-6204182\" data-id=\"6204182\" data-element_type=\"column\" data-settings=\"{&quot;background_background&quot;:&quot;classic&quot;}\">\n\t\t\t<div class=\"elementor-widget-wrap elementor-element-populated\">\n\t\t\t\t\t\t<div class=\"elementor-element elementor-element-5e38ab3 phones elementor-widget elementor-widget-rs-contact-box\" data-id=\"5e38ab3\" data-element_type=\"widget\" data-widget_type=\"rs-contact-box.default\">\n\t\t\t\t<div class=\"elementor-widget-container\">\n\t\t\t\t\t\t\t\r\n\r\n\t\t<!-- Style 1 Start -->\r\n\t\t<div class=\"rs-contact-box\">\r\n\r\n\t\t\t\t\t\t<div class=\"address-item vertical boxstyle1\">\r\n\r\n\t\t\t\t\t\t\t            <div class=\"address-icon\">\r\n\t\t            \t\t\t            \t\t<i class=\"fa fa-phone\"><\/i>\r\n\t\t            \t\t\t            <\/div>\r\n\t\t            \r\n\t\t            <div class=\"address-text\">\r\n\t\t            \t\r\n\r\n\t\t            \t\r\n\r\n\t\t            \t\t\t            <\/div>\r\n\t\t        <\/div>\r\n\t\t\t\t\t<\/div>\r\n\r\n\t<!-- Style 1 End -->\t\r\n\t\t\r\n\t\t\t\t\t<\/div>\n\t\t\t\t<\/div>\n\t\t\t\t<div class=\"elementor-element elementor-element-2b23f54 elementor-widget elementor-widget-heading\" data-id=\"2b23f54\" data-element_type=\"widget\" data-widget_type=\"heading.default\">\n\t\t\t\t<div class=\"elementor-widget-container\">\n\t\t\t\t\t<h2 class=\"elementor-heading-title elementor-size-default\">Avez-vous des questions ? Appelez-nous <\/h2>\t\t\t\t<\/div>\n\t\t\t\t<\/div>\n\t\t\t\t<div class=\"elementor-element elementor-element-52f5ce1 elementor-widget elementor-widget-heading\" data-id=\"52f5ce1\" data-element_type=\"widget\" data-widget_type=\"heading.default\">\n\t\t\t\t<div class=\"elementor-widget-container\">\n\t\t\t\t\t<h2 class=\"elementor-heading-title elementor-size-default\">(+34) 924 916 278<\/h2>\t\t\t\t<\/div>\n\t\t\t\t<\/div>\n\t\t\t\t\t<\/div>\n\t\t<\/div>\n\t\t\t\t\t<\/div>\n\t\t<\/section>\n\t\t\t\t\t<\/div>\n\t\t<\/div>\n\t\t\t\t\t<\/div>\n\t\t<\/section>\n\t\t<div class=\"elementor-element elementor-element-3ba559ee e-flex e-con-boxed e-con e-parent\" data-id=\"3ba559ee\" data-element_type=\"container\">\n\t\t\t\t\t<div class=\"e-con-inner\">\n\t\t\t\t\t<\/div>\n\t\t\t\t<\/div>\n\t\t\t\t<\/div>\n\t\t","protected":false},"excerpt":{"rendered":"<p>PREMIUM 4C, s\u00e9curit\u00e9 maximale Premium 4C n&#8217;est pas seulement une porte, c&#8217;est une tranquillit\u00e9 d&#8217;esprit pour vous et les v\u00f4tres. Caract\u00e9ristiques et options Si votre s\u00e9curit\u00e9 et celle de votre famille est une priorit\u00e9 dans votre vie, la porte Premium 4C est ce qu&#8217;il vous faut. Nous avons con\u00e7u l&#8217;une des portes les plus s\u00fbres&#8230;<\/p>\n","protected":false},"author":1,"featured_media":0,"parent":0,"menu_order":0,"comment_status":"closed","ping_status":"closed","template":"","meta":{"footnotes":""},"class_list":["post-15057","page","type-page","status-publish","hentry"],"yoast_head":"<!-- This site is optimized with the Yoast SEO plugin v25.0 - https:\/\/yoast.com\/wordpress\/plugins\/seo\/ -->\n<title>Portes haut de gamme 4C - PuertaAcorazada.es<\/title>\n<meta name=\"robots\" content=\"index, follow, max-snippet:-1, max-image-preview:large, max-video-preview:-1\" \/>\n<link rel=\"canonical\" href=\"https:\/\/www.puertaacorazada.es\/puertas-acorazadas\/puertas-premium-4c\/\" \/>\n<meta property=\"og:locale\" content=\"fr_FR\" \/>\n<meta property=\"og:type\" content=\"article\" \/>\n<meta property=\"og:title\" content=\"Portes haut de gamme 4C - PuertaAcorazada.es\" \/>\n<meta property=\"og:description\" content=\"PREMIUM 4C, s\u00e9curit\u00e9 maximale Premium 4C n&#8217;est pas seulement une porte, c&#8217;est une tranquillit\u00e9 d&#8217;esprit pour vous et les v\u00f4tres. Caract\u00e9ristiques et options Si votre s\u00e9curit\u00e9 et celle de votre famille est une priorit\u00e9 dans votre vie, la porte Premium 4C est ce qu&#8217;il vous faut. Nous avons con\u00e7u l&#8217;une des portes les plus s\u00fbres...\" \/>\n<meta property=\"og:url\" content=\"https:\/\/www.puertaacorazada.es\/puertas-acorazadas\/puertas-premium-4c\/\" \/>\n<meta property=\"og:site_name\" content=\"PuertaAcorazada.es\" \/>\n<meta property=\"article:modified_time\" content=\"2024-09-23T16:34:39+00:00\" \/>\n<meta property=\"og:image\" content=\"https:\/\/www.puertaacorazada.es\/wp-content\/uploads\/2024\/08\/cabecera-premium4c.jpg\" \/>\n\t<meta property=\"og:image:width\" content=\"1120\" \/>\n\t<meta property=\"og:image:height\" content=\"250\" \/>\n\t<meta property=\"og:image:type\" content=\"image\/jpeg\" \/>\n<meta name=\"twitter:card\" content=\"summary_large_image\" \/>\n<meta name=\"twitter:label1\" content=\"Dur\u00e9e de lecture estim\u00e9e\" \/>\n\t<meta name=\"twitter:data1\" content=\"2 minutes\" \/>\n<script type=\"application\/ld+json\" class=\"yoast-schema-graph\">{\"@context\":\"https:\/\/schema.org\",\"@graph\":[{\"@type\":\"WebPage\",\"@id\":\"https:\/\/www.puertaacorazada.es\/puertas-acorazadas\/puertas-premium-4c\/\",\"url\":\"https:\/\/www.puertaacorazada.es\/puertas-acorazadas\/puertas-premium-4c\/\",\"name\":\"Portes haut de gamme 4C - PuertaAcorazada.es\",\"isPartOf\":{\"@id\":\"https:\/\/www.puertaacorazada.es\/#website\"},\"primaryImageOfPage\":{\"@id\":\"https:\/\/www.puertaacorazada.es\/puertas-acorazadas\/puertas-premium-4c\/#primaryimage\"},\"image\":{\"@id\":\"https:\/\/www.puertaacorazada.es\/puertas-acorazadas\/puertas-premium-4c\/#primaryimage\"},\"thumbnailUrl\":\"https:\/\/www.puertaacorazada.es\/wp-content\/uploads\/2024\/08\/cabecera-premium4c.jpg\",\"datePublished\":\"2023-07-18T19:29:45+00:00\",\"dateModified\":\"2024-09-23T16:34:39+00:00\",\"breadcrumb\":{\"@id\":\"https:\/\/www.puertaacorazada.es\/puertas-acorazadas\/puertas-premium-4c\/#breadcrumb\"},\"inLanguage\":\"fr-FR\",\"potentialAction\":[{\"@type\":\"ReadAction\",\"target\":[\"https:\/\/www.puertaacorazada.es\/puertas-acorazadas\/puertas-premium-4c\/\"]}]},{\"@type\":\"ImageObject\",\"inLanguage\":\"fr-FR\",\"@id\":\"https:\/\/www.puertaacorazada.es\/puertas-acorazadas\/puertas-premium-4c\/#primaryimage\",\"url\":\"https:\/\/www.puertaacorazada.es\/wp-content\/uploads\/2024\/08\/cabecera-premium4c.jpg\",\"contentUrl\":\"https:\/\/www.puertaacorazada.es\/wp-content\/uploads\/2024\/08\/cabecera-premium4c.jpg\"},{\"@type\":\"BreadcrumbList\",\"@id\":\"https:\/\/www.puertaacorazada.es\/puertas-acorazadas\/puertas-premium-4c\/#breadcrumb\",\"itemListElement\":[{\"@type\":\"ListItem\",\"position\":1,\"name\":\"Portada\",\"item\":\"https:\/\/www.puertaacorazada.es\/\"},{\"@type\":\"ListItem\",\"position\":2,\"name\":\"Portes haut de gamme 4C\"}]},{\"@type\":\"WebSite\",\"@id\":\"https:\/\/www.puertaacorazada.es\/#website\",\"url\":\"https:\/\/www.puertaacorazada.es\/\",\"name\":\"PuertaAcorazada.es\",\"description\":\"Puertas acorazadas para la m\u00e1xima seguridad\",\"publisher\":{\"@id\":\"https:\/\/www.puertaacorazada.es\/#organization\"},\"potentialAction\":[{\"@type\":\"SearchAction\",\"target\":{\"@type\":\"EntryPoint\",\"urlTemplate\":\"https:\/\/www.puertaacorazada.es\/?s={search_term_string}\"},\"query-input\":{\"@type\":\"PropertyValueSpecification\",\"valueRequired\":true,\"valueName\":\"search_term_string\"}}],\"inLanguage\":\"fr-FR\"},{\"@type\":\"Organization\",\"@id\":\"https:\/\/www.puertaacorazada.es\/#organization\",\"name\":\"PuertaAcorazada.es\",\"url\":\"https:\/\/www.puertaacorazada.es\/\",\"logo\":{\"@type\":\"ImageObject\",\"inLanguage\":\"fr-FR\",\"@id\":\"https:\/\/www.puertaacorazada.es\/#\/schema\/logo\/image\/\",\"url\":\"https:\/\/www.puertaacorazada.es\/wp-content\/uploads\/2024\/08\/cropped-favicon1.png\",\"contentUrl\":\"https:\/\/www.puertaacorazada.es\/wp-content\/uploads\/2024\/08\/cropped-favicon1.png\",\"width\":512,\"height\":512,\"caption\":\"PuertaAcorazada.es\"},\"image\":{\"@id\":\"https:\/\/www.puertaacorazada.es\/#\/schema\/logo\/image\/\"}}]}<\/script>\n<!-- \/ Yoast SEO plugin. -->","yoast_head_json":{"title":"Portes haut de gamme 4C - PuertaAcorazada.es","robots":{"index":"index","follow":"follow","max-snippet":"max-snippet:-1","max-image-preview":"max-image-preview:large","max-video-preview":"max-video-preview:-1"},"canonical":"https:\/\/www.puertaacorazada.es\/puertas-acorazadas\/puertas-premium-4c\/","og_locale":"fr_FR","og_type":"article","og_title":"Portes haut de gamme 4C - PuertaAcorazada.es","og_description":"PREMIUM 4C, s\u00e9curit\u00e9 maximale Premium 4C n&#8217;est pas seulement une porte, c&#8217;est une tranquillit\u00e9 d&#8217;esprit pour vous et les v\u00f4tres. Caract\u00e9ristiques et options Si votre s\u00e9curit\u00e9 et celle de votre famille est une priorit\u00e9 dans votre vie, la porte Premium 4C est ce qu&#8217;il vous faut. Nous avons con\u00e7u l&#8217;une des portes les plus s\u00fbres...","og_url":"https:\/\/www.puertaacorazada.es\/puertas-acorazadas\/puertas-premium-4c\/","og_site_name":"PuertaAcorazada.es","article_modified_time":"2024-09-23T16:34:39+00:00","og_image":[{"width":1120,"height":250,"url":"https:\/\/www.puertaacorazada.es\/wp-content\/uploads\/2024\/08\/cabecera-premium4c.jpg","type":"image\/jpeg"}],"twitter_card":"summary_large_image","twitter_misc":{"Dur\u00e9e de lecture estim\u00e9e":"2 minutes"},"schema":{"@context":"https:\/\/schema.org","@graph":[{"@type":"WebPage","@id":"https:\/\/www.puertaacorazada.es\/puertas-acorazadas\/puertas-premium-4c\/","url":"https:\/\/www.puertaacorazada.es\/puertas-acorazadas\/puertas-premium-4c\/","name":"Portes haut de gamme 4C - PuertaAcorazada.es","isPartOf":{"@id":"https:\/\/www.puertaacorazada.es\/#website"},"primaryImageOfPage":{"@id":"https:\/\/www.puertaacorazada.es\/puertas-acorazadas\/puertas-premium-4c\/#primaryimage"},"image":{"@id":"https:\/\/www.puertaacorazada.es\/puertas-acorazadas\/puertas-premium-4c\/#primaryimage"},"thumbnailUrl":"https:\/\/www.puertaacorazada.es\/wp-content\/uploads\/2024\/08\/cabecera-premium4c.jpg","datePublished":"2023-07-18T19:29:45+00:00","dateModified":"2024-09-23T16:34:39+00:00","breadcrumb":{"@id":"https:\/\/www.puertaacorazada.es\/puertas-acorazadas\/puertas-premium-4c\/#breadcrumb"},"inLanguage":"fr-FR","potentialAction":[{"@type":"ReadAction","target":["https:\/\/www.puertaacorazada.es\/puertas-acorazadas\/puertas-premium-4c\/"]}]},{"@type":"ImageObject","inLanguage":"fr-FR","@id":"https:\/\/www.puertaacorazada.es\/puertas-acorazadas\/puertas-premium-4c\/#primaryimage","url":"https:\/\/www.puertaacorazada.es\/wp-content\/uploads\/2024\/08\/cabecera-premium4c.jpg","contentUrl":"https:\/\/www.puertaacorazada.es\/wp-content\/uploads\/2024\/08\/cabecera-premium4c.jpg"},{"@type":"BreadcrumbList","@id":"https:\/\/www.puertaacorazada.es\/puertas-acorazadas\/puertas-premium-4c\/#breadcrumb","itemListElement":[{"@type":"ListItem","position":1,"name":"Portada","item":"https:\/\/www.puertaacorazada.es\/"},{"@type":"ListItem","position":2,"name":"Portes haut de gamme 4C"}]},{"@type":"WebSite","@id":"https:\/\/www.puertaacorazada.es\/#website","url":"https:\/\/www.puertaacorazada.es\/","name":"PuertaAcorazada.es","description":"Puertas acorazadas para la m\u00e1xima seguridad","publisher":{"@id":"https:\/\/www.puertaacorazada.es\/#organization"},"potentialAction":[{"@type":"SearchAction","target":{"@type":"EntryPoint","urlTemplate":"https:\/\/www.puertaacorazada.es\/?s={search_term_string}"},"query-input":{"@type":"PropertyValueSpecification","valueRequired":true,"valueName":"search_term_string"}}],"inLanguage":"fr-FR"},{"@type":"Organization","@id":"https:\/\/www.puertaacorazada.es\/#organization","name":"PuertaAcorazada.es","url":"https:\/\/www.puertaacorazada.es\/","logo":{"@type":"ImageObject","inLanguage":"fr-FR","@id":"https:\/\/www.puertaacorazada.es\/#\/schema\/logo\/image\/","url":"https:\/\/www.puertaacorazada.es\/wp-content\/uploads\/2024\/08\/cropped-favicon1.png","contentUrl":"https:\/\/www.puertaacorazada.es\/wp-content\/uploads\/2024\/08\/cropped-favicon1.png","width":512,"height":512,"caption":"PuertaAcorazada.es"},"image":{"@id":"https:\/\/www.puertaacorazada.es\/#\/schema\/logo\/image\/"}}]}},"_links":{"self":[{"href":"https:\/\/www.puertaacorazada.es\/fr\/wp-json\/wp\/v2\/pages\/15057","targetHints":{"allow":["GET"]}}],"collection":[{"href":"https:\/\/www.puertaacorazada.es\/fr\/wp-json\/wp\/v2\/pages"}],"about":[{"href":"https:\/\/www.puertaacorazada.es\/fr\/wp-json\/wp\/v2\/types\/page"}],"author":[{"embeddable":true,"href":"https:\/\/www.puertaacorazada.es\/fr\/wp-json\/wp\/v2\/users\/1"}],"replies":[{"embeddable":true,"href":"https:\/\/www.puertaacorazada.es\/fr\/wp-json\/wp\/v2\/comments?post=15057"}],"version-history":[{"count":1,"href":"https:\/\/www.puertaacorazada.es\/fr\/wp-json\/wp\/v2\/pages\/15057\/revisions"}],"predecessor-version":[{"id":15058,"href":"https:\/\/www.puertaacorazada.es\/fr\/wp-json\/wp\/v2\/pages\/15057\/revisions\/15058"}],"wp:attachment":[{"href":"https:\/\/www.puertaacorazada.es\/fr\/wp-json\/wp\/v2\/media?parent=15057"}],"curies":[{"name":"wp","href":"https:\/\/api.w.org\/{rel}","templated":true}]}}