{"id":15063,"date":"2023-07-18T21:28:09","date_gmt":"2023-07-18T19:28:09","guid":{"rendered":"https:\/\/www.puertaacorazada.es\/portes-haut-de-gamme-5c\/"},"modified":"2024-09-23T18:47:00","modified_gmt":"2024-09-23T16:47:00","slug":"portes-haut-de-gamme-5c","status":"publish","type":"page","link":"https:\/\/www.puertaacorazada.es\/fr\/portes-haut-de-gamme-5c\/","title":{"rendered":"Portes haut de gamme 5C"},"content":{"rendered":"\t\t<div data-elementor-type=\"wp-page\" data-elementor-id=\"15063\" class=\"elementor elementor-15063\">\n\t\t\t\t\t\t<section class=\"elementor-section elementor-top-section elementor-element elementor-element-c2cf43e elementor-section-boxed elementor-section-height-default elementor-section-height-default\" data-id=\"c2cf43e\" data-element_type=\"section\">\n\t\t\t\t\t\t<div class=\"elementor-container elementor-column-gap-default\">\n\t\t\t\t\t<div class=\"elementor-column elementor-col-50 elementor-top-column elementor-element elementor-element-e39c480\" data-id=\"e39c480\" data-element_type=\"column\">\n\t\t\t<div class=\"elementor-widget-wrap elementor-element-populated\">\n\t\t\t\t\t\t<div class=\"elementor-element elementor-element-ee293c2 elementor-widget elementor-widget-image\" data-id=\"ee293c2\" data-element_type=\"widget\" data-widget_type=\"image.default\">\n\t\t\t\t<div class=\"elementor-widget-container\">\n\t\t\t\t\t\t\t\t\t\t\t\t\t\t\t<img fetchpriority=\"high\" decoding=\"async\" width=\"1120\" height=\"250\" src=\"https:\/\/www.puertaacorazada.es\/wp-content\/uploads\/2024\/08\/cabecera-premium5c.jpg\" class=\"attachment-full size-full wp-image-14792\" alt=\"\" srcset=\"https:\/\/www.puertaacorazada.es\/wp-content\/uploads\/2024\/08\/cabecera-premium5c.jpg 1120w, https:\/\/www.puertaacorazada.es\/wp-content\/uploads\/2024\/08\/cabecera-premium5c-300x67.jpg 300w, https:\/\/www.puertaacorazada.es\/wp-content\/uploads\/2024\/08\/cabecera-premium5c-1024x229.jpg 1024w, https:\/\/www.puertaacorazada.es\/wp-content\/uploads\/2024\/08\/cabecera-premium5c-768x171.jpg 768w, https:\/\/www.puertaacorazada.es\/wp-content\/uploads\/2024\/08\/cabecera-premium5c-600x134.jpg 600w\" sizes=\"(max-width: 1120px) 100vw, 1120px\" \/>\t\t\t\t\t\t\t\t\t\t\t\t\t\t\t<\/div>\n\t\t\t\t<\/div>\n\t\t\t\t<div class=\"elementor-element elementor-element-0f98cbf elementor-widget elementor-widget-heading\" data-id=\"0f98cbf\" data-element_type=\"widget\" data-widget_type=\"heading.default\">\n\t\t\t\t<div class=\"elementor-widget-container\">\n\t\t\t\t\t<h2 class=\"elementor-heading-title elementor-size-default\">La porte la plus s\u00e9curitaire du march\u00e9.<\/h2>\t\t\t\t<\/div>\n\t\t\t\t<\/div>\n\t\t\t\t<div class=\"elementor-element elementor-element-a781cae elementor-widget elementor-widget-rs-heading\" data-id=\"a781cae\" data-element_type=\"widget\" data-widget_type=\"rs-heading.default\">\n\t\t\t\t<div class=\"elementor-widget-container\">\n\t\t\t\t\t        <div class=\"rs-heading default  \">\r\n        \t<div class=\"title-inner\">\r\n        \t\t      \t\t\r\n\t            <span class=\"sub-text \">La porte la plus s\u00e9curitaire du march\u00e9<\/span><h2 class=\"title\"><span class=\"watermark\"><\/span>Premium 5C n'est pas seulement une porte, c'est la tranquillit\u00e9 d'esprit pour vous et vos proches.<\/h2>\t        <\/div>\r\n\t                <\/div>\r\n\r\n        \t\t\t\t<\/div>\n\t\t\t\t<\/div>\n\t\t\t\t<div class=\"elementor-element elementor-element-2ff61db elementor-widget elementor-widget-text-editor\" data-id=\"2ff61db\" data-element_type=\"widget\" data-widget_type=\"text-editor.default\">\n\t\t\t\t<div class=\"elementor-widget-container\">\n\t\t\t\t\t\t\t\t\t<h3 class=\"encabezado-ficha\">Caract\u00e9ristiques et options<\/h3>\n<p><strong>Premium 5C<\/strong> est la porte blind\u00e9e, fabriqu\u00e9e en Espagne, avec la plus haute r\u00e9sistance du march\u00e9, ainsi que tous ses \u00e9l\u00e9ments unis et synchronis\u00e9s.<\/p>\n<p>Elle poss\u00e8de la certification de s\u00e9curit\u00e9 la plus \u00e9lev\u00e9e du moment et est la porte choisie pour les \u00e9tablissements de s\u00e9curit\u00e9 obligatoire et les propri\u00e9t\u00e9s qui prot\u00e8gent des actifs de grande valeur.<\/p>\n<ul class=\"listado-flecha\">\n<li>Structure tubulaire en t\u00f4le galvanis\u00e9e, renforc\u00e9e \u00e0 l&#8217;int\u00e9rieur et avec coupe-froid int\u00e9gr\u00e9.<\/li>\n<li>Renfort de nervures de fixation des charni\u00e8res<\/li>\n<li>Burlete<\/li>\n<li>Renforts anti-levier<\/li>\n<li>T\u00f4le galvanis\u00e9e anticorrosion<\/li>\n<li>Pattes<\/li>\n<li>Renforcement. Fabriqu\u00e9 avec des om\u00e9gas, des barres stabilisatrices doubles en forme de U et renforc\u00e9es par des barres t\u00e9trac\u00e9ro \u00e0 l&#8217;int\u00e9rieur. <\/li>\n<li>C\u00e9ramique. Renfort en c\u00e9ramique de 7 mm de haut en bas de la lame, rendant l&#8217;entr\u00e9e impossible contre une attaque \u00e0 l&#8217;antibutron radial. <\/li>\n<\/ul>\n\t\t\t\t\t\t\t\t<\/div>\n\t\t\t\t<\/div>\n\t\t\t\t<section class=\"elementor-section elementor-inner-section elementor-element elementor-element-c86d09e elementor-section-boxed elementor-section-height-default elementor-section-height-default\" data-id=\"c86d09e\" data-element_type=\"section\">\n\t\t\t\t\t\t<div class=\"elementor-container elementor-column-gap-default\">\n\t\t\t\t\t<div class=\"elementor-column elementor-col-100 elementor-inner-column elementor-element elementor-element-4cbf0ab\" data-id=\"4cbf0ab\" data-element_type=\"column\">\n\t\t\t<div class=\"elementor-widget-wrap elementor-element-populated\">\n\t\t\t\t\t\t<div class=\"elementor-element elementor-element-7831631 elementor-widget elementor-widget-text-editor\" data-id=\"7831631\" data-element_type=\"widget\" data-widget_type=\"text-editor.default\">\n\t\t\t\t<div class=\"elementor-widget-container\">\n\t\t\t\t\t\t\t\t\t<h3 class=\"subtitulo-ficha\">Serrures<\/h3>\n<div class=\"detalle-contenedor\">\n<div class=\"detalle-fila\">\n<div class=\"detalle-celda detalle-mini\">\n                <a href=\"https:\/\/www.cabma.es\/imagenes\/premium5c\/01-premium-5c.jpg\" rel=\"lightbox\"><br \/>\n                  <img decoding=\"async\" class=\"alignleft\" src=\"https:\/\/www.cabma.es\/imagenes\/premium5c\/01-premium-5c-mini.png\" alt=\"D\u00e9tail\"><br \/>\n                <\/a>\n              <\/div>\n<div class=\"detalle-celda detalle-texto detalle-texto-first\">Serrure double avec grade 7. Serrure \u00e0 double cylindre avec serrure de s\u00e9curit\u00e9 <\/div>\n<\/p><\/div>\n<\/p><\/div>\n<div> <\/div>\n<div> <\/div>\n<div> <\/div>\n<div class=\"detalle-contenedor\">\n<div class=\"detalle-fila\">\n<div class=\"detalle-celda detalle-mini\">\n                <a href=\"https:\/\/www.cabma.es\/imagenes\/premium5c\/02-premium-5c.jpg\" rel=\"lightbox\"><br \/>\n                  <img decoding=\"async\" class=\"alignleft\" src=\"https:\/\/www.cabma.es\/imagenes\/premium5c\/02-premium-5c-mini.png\" alt=\"D\u00e9tail\"><br \/>\n                <\/a>\n              <\/div>\n<div class=\"detalle-celda detalle-texto\">Double serrure pour le contr\u00f4le d&#8217;acc\u00e8s<\/div>\n<\/p><\/div>\n<\/p><\/div>\n<div> <\/div>\n<div> <\/div>\n<div> <\/div>\n<div> <\/div>\n<div class=\"detalle-contenedor\">\n<div class=\"detalle-fila\">\n<div class=\"detalle-celda detalle-mini\">\n                <a href=\"https:\/\/www.cabma.es\/imagenes\/premium5c\/03-premium-5c.jpg\" rel=\"lightbox\"><br \/>\n                  <img decoding=\"async\" class=\"alignleft\" src=\"https:\/\/www.cabma.es\/imagenes\/premium5c\/03-premium-5c-mini.png\" alt=\"D\u00e9tail\"><br \/>\n                <\/a>\n              <\/div>\n<div class=\"detalle-celda detalle-texto\">Feuille de mangan\u00e8se. Rev\u00eatement indispensable pour la serrure, car il \u00e9vite l&#8217;arrachement du bouclier et le prot\u00e8ge du per\u00e7age. <\/div>\n<div> <\/div>\n<div> <\/div>\n<\/p><\/div>\n<\/p><\/div>\n<div class=\"detalle-contenedor\">\n<div class=\"detalle-fila\">\n<div class=\"detalle-celda detalle-mini\">\n                <a href=\"https:\/\/www.cabma.es\/imagenes\/premium5c\/04-premium-5c.jpg\" rel=\"lightbox\"><br \/>\n                  <img decoding=\"async\" class=\"alignleft\" src=\"https:\/\/www.cabma.es\/imagenes\/premium5c\/04-premium-5c-mini.png\" alt=\"D\u00e9tail\"><br \/>\n                <\/a>\n              <\/div>\n<div class=\"detalle-celda detalle-texto\">Bouclier. Fabrication propre d&#8217;acier F-522 et de duret\u00e9 62 Rockwell (HRC). <\/div>\n<\/p><\/div>\n<\/p><\/div>\n<div> <\/div>\n<div> <\/div>\n<div class=\"detalle-contenedor\">\n<div class=\"detalle-fila\">\n<div> <\/div>\n<div class=\"detalle-celda detalle-mini\">\n                <a href=\"https:\/\/www.cabma.es\/imagenes\/premium5c\/05-premium-5c.jpg\" rel=\"lightbox\"><br \/>\n                  <img decoding=\"async\" class=\"alignleft\" src=\"https:\/\/www.cabma.es\/imagenes\/premium5c\/05-premium-5c-mini.png\" alt=\"D\u00e9tail\"><br \/>\n                <\/a>\n              <\/div>\n<div class=\"detalle-celda detalle-texto\">Ampoule. Pour une porte r\u00e9alis\u00e9e avec une technologie innovante, nous avons choisi l&#8217;ampoule principale KESO 8000. <\/div>\n<\/p><\/div>\n<\/p><\/div>\n<div> <\/div>\n<div> <\/div>\n<div class=\"detalle-contenedor\">\n<div class=\"detalle-fila\">\n<div class=\"detalle-celda detalle-mini\">\n                <a href=\"https:\/\/www.cabma.es\/imagenes\/premium5c\/06-premium-5c.jpg\" rel=\"lightbox\"><br \/>\n                  <img decoding=\"async\" class=\"alignleft\" src=\"https:\/\/www.cabma.es\/imagenes\/premium5c\/06-premium-5c-mini.png\" alt=\"D\u00e9tail\"><br \/>\n                <\/a>\n              <\/div>\n<div class=\"detalle-celda detalle-texto\">D\u00e9viateurs. Syst\u00e8me de fermeture avec crochet et boulons anti-recul. <\/div>\n<\/p><\/div>\n<\/p><\/div>\n<div> <\/div>\n<div> <\/div>\n<div> <\/div>\n<div class=\"detalle-contenedor\">\n<div class=\"detalle-fila\">\n<div class=\"detalle-celda detalle-mini\">\n                <a href=\"https:\/\/www.cabma.es\/imagenes\/premium5c\/07-premium-5c.jpg\" rel=\"lightbox\"><br \/>\n                  <img decoding=\"async\" class=\"alignleft\" src=\"https:\/\/www.cabma.es\/imagenes\/premium5c\/07-premium-5c-mini.png\" alt=\"D\u00e9tail\"><br \/>\n                <\/a>\n              <\/div>\n<div class=\"detalle-celda detalle-texto\">Charni\u00e8res<\/div>\n<\/p><\/div>\n<\/p><\/div>\n<div> <\/div>\n<div> <\/div>\n<div> <\/div>\n<div> <\/div>\n<div class=\"detalle-contenedor\">\n<div class=\"detalle-fila\">\n<div class=\"detalle-celda detalle-mini\">\n                <a href=\"https:\/\/www.cabma.es\/imagenes\/premium5c\/08-premium-5c.jpg\" rel=\"lightbox\"><br \/>\n                  <img decoding=\"async\" class=\"alignleft\" src=\"https:\/\/www.cabma.es\/imagenes\/premium5c\/08-premium-5c-mini.png\" alt=\"D\u00e9tail\"><br \/>\n                <\/a>\n              <\/div>\n<div class=\"detalle-celda detalle-texto\">4 charni\u00e8res en acier trait\u00e9 de 6 mm avec r\u00e9gulation 3D<\/div>\n<\/p><\/div>\n<\/p><\/div>\n<div> <\/div>\n<div> <\/div>\n<div> <\/div>\n<div class=\"detalle-contenedor\">\n<div class=\"detalle-fila\">\n<div class=\"detalle-celda detalle-mini\">\n                <a href=\"https:\/\/www.cabma.es\/imagenes\/premium5c\/09-premium-5c.jpg\" rel=\"lightbox\"><br \/>\n                  <img decoding=\"async\" class=\"alignleft\" src=\"https:\/\/www.cabma.es\/imagenes\/premium5c\/09-premium-5c-mini.png\" alt=\"D\u00e9tail\"><br \/>\n                <\/a>\n              <\/div>\n<div class=\"detalle-celda detalle-texto\">Anti-leviers. Les charni\u00e8res sont accompagn\u00e9es de 6 anti-leviers pour renforcer encore un syst\u00e8me de s\u00e9curit\u00e9 maximale. <\/div>\n<\/p><\/div>\n<\/p><\/div>\n<div> <\/div>\n<div> <\/div>\n<div class=\"detalle-contenedor\">\n<div class=\"detalle-fila\">\n<div class=\"detalle-celda detalle-mini\">\n                <a href=\"https:\/\/www.cabma.es\/imagenes\/premium5c\/10-premium-5c.jpg\" rel=\"lightbox\"><br \/>\n                  <img decoding=\"async\" class=\"alignleft\" src=\"https:\/\/www.cabma.es\/imagenes\/premium5c\/10-premium-5c-mini.png\" alt=\"D\u00e9tail\"><br \/>\n                <\/a>\n              <\/div>\n<div class=\"detalle-celda detalle-texto\">r\u00e9gulateur de glissement<\/div>\n<\/p><\/div>\n<\/p><\/div>\n<div> <\/div>\n<div> <\/div>\n<div>\n            <span style=\"color: var( --e-global-color-text ); font-family: var( --e-global-typography-text-font-family ), Sans-serif; font-weight: var( --e-global-typography-text-font-weight );\"> <\/span>\n          <\/div>\n<div class=\"detalle-contenedor\">\n<div class=\"detalle-fila\">\n<div class=\"detalle-celda detalle-mini\">\n                <a href=\"https:\/\/www.cabma.es\/imagenes\/premium5c\/11-premium-5c.jpg\" rel=\"lightbox\"><br \/>\n                  <img decoding=\"async\" class=\"alignleft\" src=\"https:\/\/www.cabma.es\/imagenes\/premium5c\/11-premium-5c-mini.png\" alt=\"D\u00e9tail\"><br \/>\n                <\/a>\n              <\/div>\n<div class=\"detalle-celda detalle-texto\">Couverture. Il se compose d&#8217;une plaque stabilisatrice. <\/div>\n<\/p><\/div>\n<\/p><\/div>\n\t\t\t\t\t\t\t\t<\/div>\n\t\t\t\t<\/div>\n\t\t\t\t\t<\/div>\n\t\t<\/div>\n\t\t\t\t\t<\/div>\n\t\t<\/section>\n\t\t\t\t\t<\/div>\n\t\t<\/div>\n\t\t\t\t<div class=\"elementor-column elementor-col-50 elementor-top-column elementor-element elementor-element-2036fab bs-sidebar dynamic-sidebar\" data-id=\"2036fab\" data-element_type=\"column\">\n\t\t\t<div class=\"elementor-widget-wrap elementor-element-populated\">\n\t\t\t\t\t\t<section class=\"elementor-section elementor-inner-section elementor-element elementor-element-3c4886b elementor-section-boxed elementor-section-height-default elementor-section-height-default\" data-id=\"3c4886b\" data-element_type=\"section\">\n\t\t\t\t\t\t<div class=\"elementor-container elementor-column-gap-default\">\n\t\t\t\t\t<div class=\"elementor-column elementor-col-100 elementor-inner-column elementor-element elementor-element-e0fac62\" data-id=\"e0fac62\" data-element_type=\"column\" data-settings=\"{&quot;background_background&quot;:&quot;classic&quot;}\">\n\t\t\t<div class=\"elementor-widget-wrap elementor-element-populated\">\n\t\t\t\t\t\t<div class=\"elementor-element elementor-element-0699a76 phones elementor-widget elementor-widget-rs-contact-box\" data-id=\"0699a76\" data-element_type=\"widget\" data-widget_type=\"rs-contact-box.default\">\n\t\t\t\t<div class=\"elementor-widget-container\">\n\t\t\t\t\t\t\t\r\n\r\n\t\t<!-- Style 1 Start -->\r\n\t\t<div class=\"rs-contact-box\">\r\n\r\n\t\t\t\t\t\t<div class=\"address-item vertical boxstyle1\">\r\n\r\n\t\t\t\t\t\t\t            <div class=\"address-icon\">\r\n\t\t            \t\t\t            \t\t<i class=\"fa fa-phone\"><\/i>\r\n\t\t            \t\t\t            <\/div>\r\n\t\t            \r\n\t\t            <div class=\"address-text\">\r\n\t\t            \t\r\n\r\n\t\t            \t\r\n\r\n\t\t            \t\t\t            <\/div>\r\n\t\t        <\/div>\r\n\t\t\t\t\t<\/div>\r\n\r\n\t<!-- Style 1 End -->\t\r\n\t\t\r\n\t\t\t\t\t<\/div>\n\t\t\t\t<\/div>\n\t\t\t\t<div class=\"elementor-element elementor-element-01f4072 elementor-widget elementor-widget-heading\" data-id=\"01f4072\" data-element_type=\"widget\" data-widget_type=\"heading.default\">\n\t\t\t\t<div class=\"elementor-widget-container\">\n\t\t\t\t\t<h2 class=\"elementor-heading-title elementor-size-default\">Avez-vous des questions ? Appelez-nous<\/h2>\t\t\t\t<\/div>\n\t\t\t\t<\/div>\n\t\t\t\t<div class=\"elementor-element elementor-element-3cf6d8c elementor-widget elementor-widget-heading\" data-id=\"3cf6d8c\" data-element_type=\"widget\" data-widget_type=\"heading.default\">\n\t\t\t\t<div class=\"elementor-widget-container\">\n\t\t\t\t\t<h2 class=\"elementor-heading-title elementor-size-default\">(+34) 924 916 278<\/h2>\t\t\t\t<\/div>\n\t\t\t\t<\/div>\n\t\t\t\t\t<\/div>\n\t\t<\/div>\n\t\t\t\t\t<\/div>\n\t\t<\/section>\n\t\t\t\t\t<\/div>\n\t\t<\/div>\n\t\t\t\t\t<\/div>\n\t\t<\/section>\n\t\t<div class=\"elementor-element elementor-element-67d241b e-flex e-con-boxed e-con e-parent\" data-id=\"67d241b\" data-element_type=\"container\">\n\t\t\t\t\t<div class=\"e-con-inner\">\n\t\t\t\t\t<\/div>\n\t\t\t\t<\/div>\n\t\t\t\t<\/div>\n\t\t","protected":false},"excerpt":{"rendered":"<p>La porte la plus s\u00e9curitaire du march\u00e9. La porte la plus s\u00e9curitaire du march\u00e9 Premium 5C n&#8217;est pas seulement une porte, c&#8217;est la tranquillit\u00e9 d&#8217;esprit pour vous et vos proches. Caract\u00e9ristiques et options Premium 5C est la porte blind\u00e9e, fabriqu\u00e9e en Espagne, avec la plus haute r\u00e9sistance du march\u00e9, ainsi que tous ses \u00e9l\u00e9ments unis&#8230;<\/p>\n","protected":false},"author":1,"featured_media":0,"parent":0,"menu_order":0,"comment_status":"closed","ping_status":"closed","template":"","meta":{"footnotes":""},"class_list":["post-15063","page","type-page","status-publish","hentry"],"yoast_head":"<!-- This site is optimized with the Yoast SEO plugin v25.0 - https:\/\/yoast.com\/wordpress\/plugins\/seo\/ -->\n<title>Portes haut de gamme 5C - PuertaAcorazada.es<\/title>\n<meta name=\"robots\" content=\"index, follow, max-snippet:-1, max-image-preview:large, max-video-preview:-1\" \/>\n<link rel=\"canonical\" href=\"https:\/\/www.puertaacorazada.es\/puertas-acorazadas\/puertas-premium-5c\/\" \/>\n<meta property=\"og:locale\" content=\"fr_FR\" \/>\n<meta property=\"og:type\" content=\"article\" \/>\n<meta property=\"og:title\" content=\"Portes haut de gamme 5C - PuertaAcorazada.es\" \/>\n<meta property=\"og:description\" content=\"La porte la plus s\u00e9curitaire du march\u00e9. La porte la plus s\u00e9curitaire du march\u00e9 Premium 5C n&#8217;est pas seulement une porte, c&#8217;est la tranquillit\u00e9 d&#8217;esprit pour vous et vos proches. Caract\u00e9ristiques et options Premium 5C est la porte blind\u00e9e, fabriqu\u00e9e en Espagne, avec la plus haute r\u00e9sistance du march\u00e9, ainsi que tous ses \u00e9l\u00e9ments unis...\" \/>\n<meta property=\"og:url\" content=\"https:\/\/www.puertaacorazada.es\/puertas-acorazadas\/puertas-premium-5c\/\" \/>\n<meta property=\"og:site_name\" content=\"PuertaAcorazada.es\" \/>\n<meta property=\"article:modified_time\" content=\"2024-09-23T16:47:00+00:00\" \/>\n<meta property=\"og:image\" content=\"https:\/\/www.puertaacorazada.es\/wp-content\/uploads\/2024\/08\/cabecera-premium5c.jpg\" \/>\n\t<meta property=\"og:image:width\" content=\"1120\" \/>\n\t<meta property=\"og:image:height\" content=\"250\" \/>\n\t<meta property=\"og:image:type\" content=\"image\/jpeg\" \/>\n<meta name=\"twitter:card\" content=\"summary_large_image\" \/>\n<meta name=\"twitter:label1\" content=\"Dur\u00e9e de lecture estim\u00e9e\" \/>\n\t<meta name=\"twitter:data1\" content=\"2 minutes\" \/>\n<script type=\"application\/ld+json\" class=\"yoast-schema-graph\">{\"@context\":\"https:\/\/schema.org\",\"@graph\":[{\"@type\":\"WebPage\",\"@id\":\"https:\/\/www.puertaacorazada.es\/puertas-acorazadas\/puertas-premium-5c\/\",\"url\":\"https:\/\/www.puertaacorazada.es\/puertas-acorazadas\/puertas-premium-5c\/\",\"name\":\"Portes haut de gamme 5C - PuertaAcorazada.es\",\"isPartOf\":{\"@id\":\"https:\/\/www.puertaacorazada.es\/#website\"},\"primaryImageOfPage\":{\"@id\":\"https:\/\/www.puertaacorazada.es\/puertas-acorazadas\/puertas-premium-5c\/#primaryimage\"},\"image\":{\"@id\":\"https:\/\/www.puertaacorazada.es\/puertas-acorazadas\/puertas-premium-5c\/#primaryimage\"},\"thumbnailUrl\":\"https:\/\/www.puertaacorazada.es\/wp-content\/uploads\/2024\/08\/cabecera-premium5c.jpg\",\"datePublished\":\"2023-07-18T19:28:09+00:00\",\"dateModified\":\"2024-09-23T16:47:00+00:00\",\"breadcrumb\":{\"@id\":\"https:\/\/www.puertaacorazada.es\/puertas-acorazadas\/puertas-premium-5c\/#breadcrumb\"},\"inLanguage\":\"fr-FR\",\"potentialAction\":[{\"@type\":\"ReadAction\",\"target\":[\"https:\/\/www.puertaacorazada.es\/puertas-acorazadas\/puertas-premium-5c\/\"]}]},{\"@type\":\"ImageObject\",\"inLanguage\":\"fr-FR\",\"@id\":\"https:\/\/www.puertaacorazada.es\/puertas-acorazadas\/puertas-premium-5c\/#primaryimage\",\"url\":\"https:\/\/www.puertaacorazada.es\/wp-content\/uploads\/2024\/08\/cabecera-premium5c.jpg\",\"contentUrl\":\"https:\/\/www.puertaacorazada.es\/wp-content\/uploads\/2024\/08\/cabecera-premium5c.jpg\"},{\"@type\":\"BreadcrumbList\",\"@id\":\"https:\/\/www.puertaacorazada.es\/puertas-acorazadas\/puertas-premium-5c\/#breadcrumb\",\"itemListElement\":[{\"@type\":\"ListItem\",\"position\":1,\"name\":\"Portada\",\"item\":\"https:\/\/www.puertaacorazada.es\/\"},{\"@type\":\"ListItem\",\"position\":2,\"name\":\"Portes haut de gamme 5C\"}]},{\"@type\":\"WebSite\",\"@id\":\"https:\/\/www.puertaacorazada.es\/#website\",\"url\":\"https:\/\/www.puertaacorazada.es\/\",\"name\":\"PuertaAcorazada.es\",\"description\":\"Puertas acorazadas para la m\u00e1xima seguridad\",\"publisher\":{\"@id\":\"https:\/\/www.puertaacorazada.es\/#organization\"},\"potentialAction\":[{\"@type\":\"SearchAction\",\"target\":{\"@type\":\"EntryPoint\",\"urlTemplate\":\"https:\/\/www.puertaacorazada.es\/?s={search_term_string}\"},\"query-input\":{\"@type\":\"PropertyValueSpecification\",\"valueRequired\":true,\"valueName\":\"search_term_string\"}}],\"inLanguage\":\"fr-FR\"},{\"@type\":\"Organization\",\"@id\":\"https:\/\/www.puertaacorazada.es\/#organization\",\"name\":\"PuertaAcorazada.es\",\"url\":\"https:\/\/www.puertaacorazada.es\/\",\"logo\":{\"@type\":\"ImageObject\",\"inLanguage\":\"fr-FR\",\"@id\":\"https:\/\/www.puertaacorazada.es\/#\/schema\/logo\/image\/\",\"url\":\"https:\/\/www.puertaacorazada.es\/wp-content\/uploads\/2024\/08\/cropped-favicon1.png\",\"contentUrl\":\"https:\/\/www.puertaacorazada.es\/wp-content\/uploads\/2024\/08\/cropped-favicon1.png\",\"width\":512,\"height\":512,\"caption\":\"PuertaAcorazada.es\"},\"image\":{\"@id\":\"https:\/\/www.puertaacorazada.es\/#\/schema\/logo\/image\/\"}}]}<\/script>\n<!-- \/ Yoast SEO plugin. -->","yoast_head_json":{"title":"Portes haut de gamme 5C - PuertaAcorazada.es","robots":{"index":"index","follow":"follow","max-snippet":"max-snippet:-1","max-image-preview":"max-image-preview:large","max-video-preview":"max-video-preview:-1"},"canonical":"https:\/\/www.puertaacorazada.es\/puertas-acorazadas\/puertas-premium-5c\/","og_locale":"fr_FR","og_type":"article","og_title":"Portes haut de gamme 5C - PuertaAcorazada.es","og_description":"La porte la plus s\u00e9curitaire du march\u00e9. La porte la plus s\u00e9curitaire du march\u00e9 Premium 5C n&#8217;est pas seulement une porte, c&#8217;est la tranquillit\u00e9 d&#8217;esprit pour vous et vos proches. Caract\u00e9ristiques et options Premium 5C est la porte blind\u00e9e, fabriqu\u00e9e en Espagne, avec la plus haute r\u00e9sistance du march\u00e9, ainsi que tous ses \u00e9l\u00e9ments unis...","og_url":"https:\/\/www.puertaacorazada.es\/puertas-acorazadas\/puertas-premium-5c\/","og_site_name":"PuertaAcorazada.es","article_modified_time":"2024-09-23T16:47:00+00:00","og_image":[{"width":1120,"height":250,"url":"https:\/\/www.puertaacorazada.es\/wp-content\/uploads\/2024\/08\/cabecera-premium5c.jpg","type":"image\/jpeg"}],"twitter_card":"summary_large_image","twitter_misc":{"Dur\u00e9e de lecture estim\u00e9e":"2 minutes"},"schema":{"@context":"https:\/\/schema.org","@graph":[{"@type":"WebPage","@id":"https:\/\/www.puertaacorazada.es\/puertas-acorazadas\/puertas-premium-5c\/","url":"https:\/\/www.puertaacorazada.es\/puertas-acorazadas\/puertas-premium-5c\/","name":"Portes haut de gamme 5C - PuertaAcorazada.es","isPartOf":{"@id":"https:\/\/www.puertaacorazada.es\/#website"},"primaryImageOfPage":{"@id":"https:\/\/www.puertaacorazada.es\/puertas-acorazadas\/puertas-premium-5c\/#primaryimage"},"image":{"@id":"https:\/\/www.puertaacorazada.es\/puertas-acorazadas\/puertas-premium-5c\/#primaryimage"},"thumbnailUrl":"https:\/\/www.puertaacorazada.es\/wp-content\/uploads\/2024\/08\/cabecera-premium5c.jpg","datePublished":"2023-07-18T19:28:09+00:00","dateModified":"2024-09-23T16:47:00+00:00","breadcrumb":{"@id":"https:\/\/www.puertaacorazada.es\/puertas-acorazadas\/puertas-premium-5c\/#breadcrumb"},"inLanguage":"fr-FR","potentialAction":[{"@type":"ReadAction","target":["https:\/\/www.puertaacorazada.es\/puertas-acorazadas\/puertas-premium-5c\/"]}]},{"@type":"ImageObject","inLanguage":"fr-FR","@id":"https:\/\/www.puertaacorazada.es\/puertas-acorazadas\/puertas-premium-5c\/#primaryimage","url":"https:\/\/www.puertaacorazada.es\/wp-content\/uploads\/2024\/08\/cabecera-premium5c.jpg","contentUrl":"https:\/\/www.puertaacorazada.es\/wp-content\/uploads\/2024\/08\/cabecera-premium5c.jpg"},{"@type":"BreadcrumbList","@id":"https:\/\/www.puertaacorazada.es\/puertas-acorazadas\/puertas-premium-5c\/#breadcrumb","itemListElement":[{"@type":"ListItem","position":1,"name":"Portada","item":"https:\/\/www.puertaacorazada.es\/"},{"@type":"ListItem","position":2,"name":"Portes haut de gamme 5C"}]},{"@type":"WebSite","@id":"https:\/\/www.puertaacorazada.es\/#website","url":"https:\/\/www.puertaacorazada.es\/","name":"PuertaAcorazada.es","description":"Puertas acorazadas para la m\u00e1xima seguridad","publisher":{"@id":"https:\/\/www.puertaacorazada.es\/#organization"},"potentialAction":[{"@type":"SearchAction","target":{"@type":"EntryPoint","urlTemplate":"https:\/\/www.puertaacorazada.es\/?s={search_term_string}"},"query-input":{"@type":"PropertyValueSpecification","valueRequired":true,"valueName":"search_term_string"}}],"inLanguage":"fr-FR"},{"@type":"Organization","@id":"https:\/\/www.puertaacorazada.es\/#organization","name":"PuertaAcorazada.es","url":"https:\/\/www.puertaacorazada.es\/","logo":{"@type":"ImageObject","inLanguage":"fr-FR","@id":"https:\/\/www.puertaacorazada.es\/#\/schema\/logo\/image\/","url":"https:\/\/www.puertaacorazada.es\/wp-content\/uploads\/2024\/08\/cropped-favicon1.png","contentUrl":"https:\/\/www.puertaacorazada.es\/wp-content\/uploads\/2024\/08\/cropped-favicon1.png","width":512,"height":512,"caption":"PuertaAcorazada.es"},"image":{"@id":"https:\/\/www.puertaacorazada.es\/#\/schema\/logo\/image\/"}}]}},"_links":{"self":[{"href":"https:\/\/www.puertaacorazada.es\/fr\/wp-json\/wp\/v2\/pages\/15063","targetHints":{"allow":["GET"]}}],"collection":[{"href":"https:\/\/www.puertaacorazada.es\/fr\/wp-json\/wp\/v2\/pages"}],"about":[{"href":"https:\/\/www.puertaacorazada.es\/fr\/wp-json\/wp\/v2\/types\/page"}],"author":[{"embeddable":true,"href":"https:\/\/www.puertaacorazada.es\/fr\/wp-json\/wp\/v2\/users\/1"}],"replies":[{"embeddable":true,"href":"https:\/\/www.puertaacorazada.es\/fr\/wp-json\/wp\/v2\/comments?post=15063"}],"version-history":[{"count":1,"href":"https:\/\/www.puertaacorazada.es\/fr\/wp-json\/wp\/v2\/pages\/15063\/revisions"}],"predecessor-version":[{"id":15064,"href":"https:\/\/www.puertaacorazada.es\/fr\/wp-json\/wp\/v2\/pages\/15063\/revisions\/15064"}],"wp:attachment":[{"href":"https:\/\/www.puertaacorazada.es\/fr\/wp-json\/wp\/v2\/media?parent=15063"}],"curies":[{"name":"wp","href":"https:\/\/api.w.org\/{rel}","templated":true}]}}