{"id":15069,"date":"2023-07-18T21:27:40","date_gmt":"2023-07-18T19:27:40","guid":{"rendered":"https:\/\/www.puertaacorazada.es\/portes-thor-20-plus\/"},"modified":"2024-09-23T19:01:33","modified_gmt":"2024-09-23T17:01:33","slug":"portes-thor-20-plus","status":"publish","type":"page","link":"https:\/\/www.puertaacorazada.es\/fr\/portes-thor-20-plus\/","title":{"rendered":"Portes Thor 20 Plus"},"content":{"rendered":"\t\t<div data-elementor-type=\"wp-page\" data-elementor-id=\"15069\" class=\"elementor elementor-15069\">\n\t\t\t\t\t\t<section class=\"elementor-section elementor-top-section elementor-element elementor-element-84ed4c5 elementor-section-boxed elementor-section-height-default elementor-section-height-default\" data-id=\"84ed4c5\" data-element_type=\"section\">\n\t\t\t\t\t\t<div class=\"elementor-container elementor-column-gap-default\">\n\t\t\t\t\t<div class=\"elementor-column elementor-col-50 elementor-top-column elementor-element elementor-element-d954a35\" data-id=\"d954a35\" data-element_type=\"column\">\n\t\t\t<div class=\"elementor-widget-wrap elementor-element-populated\">\n\t\t\t\t\t\t<div class=\"elementor-element elementor-element-576d96f elementor-widget elementor-widget-html\" data-id=\"576d96f\" data-element_type=\"widget\" data-widget_type=\"html.default\">\n\t\t\t\t<div class=\"elementor-widget-container\">\n\t\t\t\t\t\n          <iframe width=\"560\" height=\"315\" src=\"https:\/\/www.youtube.com\/embed\/3HPaC_hEwXg?si=gekaT4SqrFuQ16Jh\" title=\"YouTube video player\" frameborder=\"0\" allow=\"accelerometer; autoplay; clipboard-write; encrypted-media; gyroscope; picture-in-picture; web-share\" referrerpolicy=\"strict-origin-when-cross-origin\" allowfullscreen=\"\"><\/iframe>\n        \t\t\t\t<\/div>\n\t\t\t\t<\/div>\n\t\t\t\t<div class=\"elementor-element elementor-element-d8610d2 elementor-widget elementor-widget-rs-heading\" data-id=\"d8610d2\" data-element_type=\"widget\" data-widget_type=\"rs-heading.default\">\n\t\t\t\t<div class=\"elementor-widget-container\">\n\t\t\t\t\t        <div class=\"rs-heading default  \">\r\n        \t<div class=\"title-inner\">\r\n        \t\t      \t\t\r\n\t            <span class=\"sub-text \">Prot\u00e9gez la s\u00e9curit\u00e9 de votre maison, de votre entreprise et de vos clients<\/span><h2 class=\"title\"><span class=\"watermark\"><\/span>S\u00e9curit\u00e9 maximale<\/h2>\t        <\/div>\r\n\t                <\/div>\r\n\r\n        \t\t\t\t<\/div>\n\t\t\t\t<\/div>\n\t\t\t\t<div class=\"elementor-element elementor-element-a9cc3c5 elementor-widget elementor-widget-text-editor\" data-id=\"a9cc3c5\" data-element_type=\"widget\" data-widget_type=\"text-editor.default\">\n\t\t\t\t<div class=\"elementor-widget-container\">\n\t\t\t\t\t\t\t\t\t<h3 class=\"encabezado-ficha\">Caract\u00e9ristiques et options<\/h3>\n<p>Nouvelle <strong>Thor 20 Plus<\/strong>, probablement la porte <strong>Grade 4<\/strong> la plus s\u00fbre du march\u00e9 :<\/p>\n<ul class=\"listado-flecha\">\n<li>Double serrure avec serrure<\/li>\n<li>Avec 10 renforts entre les om\u00e9gas et dans le camion<\/li>\n<li>4 charni\u00e8res de s\u00e9curit\u00e9 avec roulements, r\u00e9glables en 3D<\/li>\n<li>23 points de verrouillage dont serrure<\/li>\n<li>50 points de soudure suppl\u00e9mentaires<\/li>\n<li>Avec renforts p\u00e9rim\u00e9triques<\/li>\n<li>T\u00f4le galvanis\u00e9e anticorrosion<\/li>\n<li>Renfort en t\u00f4le galvanis\u00e9e sur toute la serrure<\/li>\n<\/ul>\n\t\t\t\t\t\t\t\t<\/div>\n\t\t\t\t<\/div>\n\t\t\t\t<section class=\"elementor-section elementor-inner-section elementor-element elementor-element-62872d4 elementor-section-boxed elementor-section-height-default elementor-section-height-default\" data-id=\"62872d4\" data-element_type=\"section\">\n\t\t\t\t\t\t<div class=\"elementor-container elementor-column-gap-default\">\n\t\t\t\t\t<div class=\"elementor-column elementor-col-100 elementor-inner-column elementor-element elementor-element-6961a74\" data-id=\"6961a74\" data-element_type=\"column\">\n\t\t\t<div class=\"elementor-widget-wrap elementor-element-populated\">\n\t\t\t\t\t\t<div class=\"elementor-element elementor-element-9405e54 elementor-widget elementor-widget-text-editor\" data-id=\"9405e54\" data-element_type=\"widget\" data-widget_type=\"text-editor.default\">\n\t\t\t\t<div class=\"elementor-widget-container\">\n\t\t\t\t\t\t\t\t\t<div class=\"detalle-contenedor\">\n<div class=\"detalle-fila\">\n<div class=\"detalle-celda detalle-mini\">\n                <a href=\"https:\/\/www.cabma.es\/imagenes\/thor20plus\/01-thor-20-plus.jpg\" rel=\"lightbox\"><br \/>\n                  <img decoding=\"async\" class=\"alignleft\" src=\"https:\/\/www.cabma.es\/imagenes\/thor20plus\/01-thor-20-plus-mini.png\" alt=\"D\u00e9tail\"><br \/>\n                <\/a>\n              <\/div>\n<div class=\"detalle-celda detalle-texto detalle-texto-first\">Double serrure haute s\u00e9curit\u00e9 (Security Grade 7). Serrure \u00e0 cylindre avec serrure de s\u00e9curit\u00e9 <\/div>\n<\/p><\/div>\n<\/p><\/div>\n<div> <\/div>\n<div> <\/div>\n<div class=\"detalle-contenedor\">\n<div class=\"detalle-fila\">\n<div class=\"detalle-celda detalle-mini\">\n                <a href=\"https:\/\/www.cabma.es\/wp-content\/uploads\/2022\/02\/Thor-20-Plus-grado-4-antipalancas_Medio.jpg\" rel=\"lightbox\"><br \/>\n                  <img decoding=\"async\" class=\"alignleft\" src=\"https:\/\/www.cabma.es\/wp-content\/uploads\/2022\/02\/Thor-20-Plus-grado-4-antipalancas_Medio.jpg\" alt=\"D\u00e9tail\" width=\"69\" height=\"92\"><br \/>\n                <\/a>\n              <\/div>\n<div class=\"detalle-celda detalle-texto\">6 c\u00f4t\u00e9 charni\u00e8re anti-levier<\/div>\n<\/p><\/div>\n<\/p><\/div>\n<div> <\/div>\n<div> <\/div>\n<div> <\/div>\n<div> <\/div>\n<div class=\"detalle-contenedor\">\n<div class=\"detalle-fila\">\n<div class=\"detalle-celda detalle-mini\">\n                <a href=\"https:\/\/www.cabma.es\/wp-content\/uploads\/2022\/02\/Thor-20-Plus-grado-4-refuerzos-tetracero_Medio.jpg\" rel=\"lightbox\"><br \/>\n                  <img decoding=\"async\" class=\"alignleft\" src=\"https:\/\/www.cabma.es\/wp-content\/uploads\/2022\/02\/Thor-20-Plus-grado-4-refuerzos-tetracero_Medio.jpg\" alt=\"D\u00e9tail\" width=\"65\" height=\"49\"><br \/>\n                <\/a>\n              <\/div>\n<div class=\"detalle-celda detalle-texto\">Entreomegas avec renfort int\u00e9rieur tetracero<\/div>\n<\/p><\/div>\n<\/p><\/div>\n<div> <\/div>\n<div> <\/div>\n<div> <\/div>\n<div class=\"detalle-contenedor\">\n<div class=\"detalle-fila\">\n<div class=\"detalle-celda detalle-mini\">\n                <a href=\"https:\/\/www.cabma.es\/wp-content\/uploads\/2022\/02\/Thor-20-Plus-grado-4-espigos_Medio.jpg\" rel=\"lightbox\"><br \/>\n                  <img decoding=\"async\" class=\"alignleft\" src=\"https:\/\/www.cabma.es\/wp-content\/uploads\/2022\/02\/Thor-20-Plus-grado-4-espigos_Medio.jpg\" alt=\"D\u00e9tail\" width=\"74\" height=\"99\"><br \/>\n                <\/a>\n              <\/div>\n<div class=\"detalle-celda detalle-texto\">Assemblage du cadre<\/div>\n<\/p><\/div>\n<\/p><\/div>\n<div> <\/div>\n<div> <\/div>\n<div> <\/div>\n<div> <\/div>\n<div> <\/div>\n<div class=\"detalle-contenedor\">\n<div class=\"detalle-fila\">\n<div class=\"detalle-celda detalle-mini\">\n                <a href=\"https:\/\/www.cabma.es\/wp-content\/uploads\/2022\/02\/Thor-20-Plus-grado-4-bisagra-regulable-3D_Medio.jpg\" rel=\"lightbox\"><br \/>\n                  <img loading=\"lazy\" decoding=\"async\" class=\"alignleft\" src=\"https:\/\/www.cabma.es\/wp-content\/uploads\/2022\/02\/Thor-20-Plus-grado-4-bisagra-regulable-3D_Medio.jpg\" alt=\"D\u00e9tail\" width=\"61\" height=\"81\"><br \/>\n                <\/a>\n              <\/div>\n<div class=\"detalle-celda detalle-texto\">4 charni\u00e8res de s\u00e9curit\u00e9 avec roulements, r\u00e9glables en 3D<\/div>\n<\/p><\/div>\n<\/p><\/div>\n<div> <\/div>\n<div> <\/div>\n<div> <\/div>\n<div> <\/div>\n<div class=\"detalle-contenedor\">\n<div class=\"detalle-fila\">\n<div class=\"detalle-celda detalle-mini\">\n                <a href=\"https:\/\/www.cabma.es\/wp-content\/uploads\/2024\/07\/Cilindro-Mauer-NW4.jpg\" rel=\"lightbox\"><br \/>\n                  <img loading=\"lazy\" decoding=\"async\" class=\"alignleft\" src=\"https:\/\/www.cabma.es\/wp-content\/uploads\/2024\/07\/Cilindro-Mauer-NW4.jpg\" alt=\"D\u00e9tail\" width=\"76\" height=\"57\"><br \/>\n                <\/a>\n              <\/div>\n<div class=\"detalle-celda detalle-texto\">Cylindres Mauer NW4 (anti-per\u00e7age\/anti-bumping\/anti-extraction\/anti-impressioning\/anti-picking) avec 5 cl\u00e9s plus cl\u00e9 de construction, cl\u00e9 \u00e0 goupille mobile et r\u00e9gate.<\/div>\n<div> <\/div>\n<\/p><\/div>\n<\/p><\/div>\n<div class=\"detalle-contenedor\">\n<div class=\"detalle-fila\">\n<div class=\"detalle-celda detalle-mini\">\n                <a href=\"https:\/\/www.cabma.es\/wp-content\/uploads\/2022\/07\/Desviadores-antiretroceso.jpg\" rel=\"lightbox\"><br \/>\n                  <img loading=\"lazy\" decoding=\"async\" class=\"alignleft\" src=\"https:\/\/www.cabma.es\/wp-content\/uploads\/2022\/07\/Desviadores-antiretroceso.jpg\" alt=\"D\u00e9tail\" width=\"70\" height=\"83\"><br \/>\n                <\/a>\n              <\/div>\n<div class=\"detalle-celda detalle-texto\">6 d\u00e9railleurs \u00e0 deux boulons avec syst\u00e8me anti-retour<\/div>\n<\/p><\/div>\n<\/p><\/div>\n<div> <\/div>\n<div> <\/div>\n<div> <\/div>\n<div class=\"detalle-contenedor\">\n<div class=\"detalle-fila\">\n<div> <\/div>\n<div class=\"detalle-celda detalle-mini\">\n                <a href=\"https:\/\/www.cabma.es\/wp-content\/uploads\/2022\/02\/Thor-20-Plus-grado-4-regulador-resbalon_Medio.jpg\" rel=\"lightbox\"><br \/>\n                  <img loading=\"lazy\" decoding=\"async\" class=\"alignleft\" src=\"https:\/\/www.cabma.es\/wp-content\/uploads\/2022\/02\/Thor-20-Plus-grado-4-regulador-resbalon_Medio.jpg\" alt=\"D\u00e9tail\" width=\"65\" height=\"87\"><br \/>\n                <\/a>\n              <\/div>\n<div class=\"detalle-celda detalle-texto\">6 d\u00e9railleurs \u00e0 deux boulons avec syst\u00e8me anti-retour<\/div>\n<\/p><\/div>\n<\/p><\/div>\n<div> <\/div>\n<div> <\/div>\n<div> <\/div>\n<div> <\/div>\n<div class=\"detalle-contenedor\">\n<div class=\"detalle-fila\">\n<div class=\"detalle-celda detalle-mini\">\n                <a href=\"https:\/\/www.cabma.es\/imagenes\/thor20plus\/09-2-thor-20-plus.jpg\" rel=\"lightbox\"><br \/>\n                  <img decoding=\"async\" class=\"alignleft\" src=\"https:\/\/www.cabma.es\/imagenes\/thor20plus\/09-2-thor-20-plus-mini.png\" alt=\"D\u00e9tail\"><br \/>\n                <\/a>\n              <\/div>\n<div class=\"detalle-celda detalle-texto\">Brosse coupe-vent automatique r\u00e9glable<\/div>\n<\/p><\/div>\n<\/p><\/div>\n\t\t\t\t\t\t\t\t<\/div>\n\t\t\t\t<\/div>\n\t\t\t\t\t<\/div>\n\t\t<\/div>\n\t\t\t\t\t<\/div>\n\t\t<\/section>\n\t\t\t\t\t<\/div>\n\t\t<\/div>\n\t\t\t\t<div class=\"elementor-column elementor-col-50 elementor-top-column elementor-element elementor-element-6fd8cb7 bs-sidebar dynamic-sidebar\" data-id=\"6fd8cb7\" data-element_type=\"column\">\n\t\t\t<div class=\"elementor-widget-wrap elementor-element-populated\">\n\t\t\t\t\t\t<section class=\"elementor-section elementor-inner-section elementor-element elementor-element-7e4353b elementor-section-boxed elementor-section-height-default elementor-section-height-default\" data-id=\"7e4353b\" data-element_type=\"section\">\n\t\t\t\t\t\t<div class=\"elementor-container elementor-column-gap-default\">\n\t\t\t\t\t<div class=\"elementor-column elementor-col-100 elementor-inner-column elementor-element elementor-element-660650e\" data-id=\"660650e\" data-element_type=\"column\" data-settings=\"{&quot;background_background&quot;:&quot;classic&quot;}\">\n\t\t\t<div class=\"elementor-widget-wrap elementor-element-populated\">\n\t\t\t\t\t\t<div class=\"elementor-element elementor-element-91f21fa phones elementor-widget elementor-widget-rs-contact-box\" data-id=\"91f21fa\" data-element_type=\"widget\" data-widget_type=\"rs-contact-box.default\">\n\t\t\t\t<div class=\"elementor-widget-container\">\n\t\t\t\t\t\t\t\r\n\r\n\t\t<!-- Style 1 Start -->\r\n\t\t<div class=\"rs-contact-box\">\r\n\r\n\t\t\t\t\t\t<div class=\"address-item vertical boxstyle1\">\r\n\r\n\t\t\t\t\t\t\t            <div class=\"address-icon\">\r\n\t\t            \t\t\t            \t\t<i class=\"fa fa-phone\"><\/i>\r\n\t\t            \t\t\t            <\/div>\r\n\t\t            \r\n\t\t            <div class=\"address-text\">\r\n\t\t            \t\r\n\r\n\t\t            \t\r\n\r\n\t\t            \t\t\t            <\/div>\r\n\t\t        <\/div>\r\n\t\t\t\t\t<\/div>\r\n\r\n\t<!-- Style 1 End -->\t\r\n\t\t\r\n\t\t\t\t\t<\/div>\n\t\t\t\t<\/div>\n\t\t\t\t<div class=\"elementor-element elementor-element-1a6fa28 elementor-widget elementor-widget-heading\" data-id=\"1a6fa28\" data-element_type=\"widget\" data-widget_type=\"heading.default\">\n\t\t\t\t<div class=\"elementor-widget-container\">\n\t\t\t\t\t<h2 class=\"elementor-heading-title elementor-size-default\">Avez-vous des questions ? Appelez-nous<\/h2>\t\t\t\t<\/div>\n\t\t\t\t<\/div>\n\t\t\t\t<div class=\"elementor-element elementor-element-c2e6f01 elementor-widget elementor-widget-heading\" data-id=\"c2e6f01\" data-element_type=\"widget\" data-widget_type=\"heading.default\">\n\t\t\t\t<div class=\"elementor-widget-container\">\n\t\t\t\t\t<h2 class=\"elementor-heading-title elementor-size-default\">(+34) 924 916 278<\/h2>\t\t\t\t<\/div>\n\t\t\t\t<\/div>\n\t\t\t\t\t<\/div>\n\t\t<\/div>\n\t\t\t\t\t<\/div>\n\t\t<\/section>\n\t\t\t\t\t<\/div>\n\t\t<\/div>\n\t\t\t\t\t<\/div>\n\t\t<\/section>\n\t\t\t\t<\/div>\n\t\t","protected":false},"excerpt":{"rendered":"<p>Prot\u00e9gez la s\u00e9curit\u00e9 de votre maison, de votre entreprise et de vos clients S\u00e9curit\u00e9 maximale Caract\u00e9ristiques et options Nouvelle Thor 20 Plus, probablement la porte Grade 4 la plus s\u00fbre du march\u00e9 : Double serrure avec serrure Avec 10 renforts entre les om\u00e9gas et dans le camion 4 charni\u00e8res de s\u00e9curit\u00e9 avec roulements, r\u00e9glables en&#8230;<\/p>\n","protected":false},"author":1,"featured_media":0,"parent":0,"menu_order":0,"comment_status":"closed","ping_status":"closed","template":"","meta":{"footnotes":""},"class_list":["post-15069","page","type-page","status-publish","hentry"],"yoast_head":"<!-- This site is optimized with the Yoast SEO plugin v25.0 - https:\/\/yoast.com\/wordpress\/plugins\/seo\/ -->\n<title>Portes Thor 20 Plus - PuertaAcorazada.es<\/title>\n<meta name=\"robots\" content=\"index, follow, max-snippet:-1, max-image-preview:large, max-video-preview:-1\" \/>\n<link rel=\"canonical\" href=\"https:\/\/www.puertaacorazada.es\/puertas-acorazadas\/puertas-thor-20-plus\/\" \/>\n<meta property=\"og:locale\" content=\"fr_FR\" \/>\n<meta property=\"og:type\" content=\"article\" \/>\n<meta property=\"og:title\" content=\"Portes Thor 20 Plus - PuertaAcorazada.es\" \/>\n<meta property=\"og:description\" content=\"Prot\u00e9gez la s\u00e9curit\u00e9 de votre maison, de votre entreprise et de vos clients S\u00e9curit\u00e9 maximale Caract\u00e9ristiques et options Nouvelle Thor 20 Plus, probablement la porte Grade 4 la plus s\u00fbre du march\u00e9 : Double serrure avec serrure Avec 10 renforts entre les om\u00e9gas et dans le camion 4 charni\u00e8res de s\u00e9curit\u00e9 avec roulements, r\u00e9glables en...\" \/>\n<meta property=\"og:url\" content=\"https:\/\/www.puertaacorazada.es\/puertas-acorazadas\/puertas-thor-20-plus\/\" \/>\n<meta property=\"og:site_name\" content=\"PuertaAcorazada.es\" \/>\n<meta property=\"article:modified_time\" content=\"2024-09-23T17:01:33+00:00\" \/>\n<meta property=\"og:image\" content=\"https:\/\/www.cabma.es\/imagenes\/thor20plus\/01-thor-20-plus-mini.png\" \/>\n<meta name=\"twitter:card\" content=\"summary_large_image\" \/>\n<meta name=\"twitter:label1\" content=\"Dur\u00e9e de lecture estim\u00e9e\" \/>\n\t<meta name=\"twitter:data1\" content=\"1 minute\" \/>\n<script type=\"application\/ld+json\" class=\"yoast-schema-graph\">{\"@context\":\"https:\/\/schema.org\",\"@graph\":[{\"@type\":\"WebPage\",\"@id\":\"https:\/\/www.puertaacorazada.es\/puertas-acorazadas\/puertas-thor-20-plus\/\",\"url\":\"https:\/\/www.puertaacorazada.es\/puertas-acorazadas\/puertas-thor-20-plus\/\",\"name\":\"Portes Thor 20 Plus - PuertaAcorazada.es\",\"isPartOf\":{\"@id\":\"https:\/\/www.puertaacorazada.es\/#website\"},\"primaryImageOfPage\":{\"@id\":\"https:\/\/www.puertaacorazada.es\/puertas-acorazadas\/puertas-thor-20-plus\/#primaryimage\"},\"image\":{\"@id\":\"https:\/\/www.puertaacorazada.es\/puertas-acorazadas\/puertas-thor-20-plus\/#primaryimage\"},\"thumbnailUrl\":\"https:\/\/www.cabma.es\/imagenes\/thor20plus\/01-thor-20-plus-mini.png\",\"datePublished\":\"2023-07-18T19:27:40+00:00\",\"dateModified\":\"2024-09-23T17:01:33+00:00\",\"breadcrumb\":{\"@id\":\"https:\/\/www.puertaacorazada.es\/puertas-acorazadas\/puertas-thor-20-plus\/#breadcrumb\"},\"inLanguage\":\"fr-FR\",\"potentialAction\":[{\"@type\":\"ReadAction\",\"target\":[\"https:\/\/www.puertaacorazada.es\/puertas-acorazadas\/puertas-thor-20-plus\/\"]}]},{\"@type\":\"ImageObject\",\"inLanguage\":\"fr-FR\",\"@id\":\"https:\/\/www.puertaacorazada.es\/puertas-acorazadas\/puertas-thor-20-plus\/#primaryimage\",\"url\":\"https:\/\/www.cabma.es\/imagenes\/thor20plus\/01-thor-20-plus-mini.png\",\"contentUrl\":\"https:\/\/www.cabma.es\/imagenes\/thor20plus\/01-thor-20-plus-mini.png\"},{\"@type\":\"BreadcrumbList\",\"@id\":\"https:\/\/www.puertaacorazada.es\/puertas-acorazadas\/puertas-thor-20-plus\/#breadcrumb\",\"itemListElement\":[{\"@type\":\"ListItem\",\"position\":1,\"name\":\"Portada\",\"item\":\"https:\/\/www.puertaacorazada.es\/\"},{\"@type\":\"ListItem\",\"position\":2,\"name\":\"Portes Thor 20 Plus\"}]},{\"@type\":\"WebSite\",\"@id\":\"https:\/\/www.puertaacorazada.es\/#website\",\"url\":\"https:\/\/www.puertaacorazada.es\/\",\"name\":\"PuertaAcorazada.es\",\"description\":\"Puertas acorazadas para la m\u00e1xima seguridad\",\"publisher\":{\"@id\":\"https:\/\/www.puertaacorazada.es\/#organization\"},\"potentialAction\":[{\"@type\":\"SearchAction\",\"target\":{\"@type\":\"EntryPoint\",\"urlTemplate\":\"https:\/\/www.puertaacorazada.es\/?s={search_term_string}\"},\"query-input\":{\"@type\":\"PropertyValueSpecification\",\"valueRequired\":true,\"valueName\":\"search_term_string\"}}],\"inLanguage\":\"fr-FR\"},{\"@type\":\"Organization\",\"@id\":\"https:\/\/www.puertaacorazada.es\/#organization\",\"name\":\"PuertaAcorazada.es\",\"url\":\"https:\/\/www.puertaacorazada.es\/\",\"logo\":{\"@type\":\"ImageObject\",\"inLanguage\":\"fr-FR\",\"@id\":\"https:\/\/www.puertaacorazada.es\/#\/schema\/logo\/image\/\",\"url\":\"https:\/\/www.puertaacorazada.es\/wp-content\/uploads\/2024\/08\/cropped-favicon1.png\",\"contentUrl\":\"https:\/\/www.puertaacorazada.es\/wp-content\/uploads\/2024\/08\/cropped-favicon1.png\",\"width\":512,\"height\":512,\"caption\":\"PuertaAcorazada.es\"},\"image\":{\"@id\":\"https:\/\/www.puertaacorazada.es\/#\/schema\/logo\/image\/\"}}]}<\/script>\n<!-- \/ Yoast SEO plugin. -->","yoast_head_json":{"title":"Portes Thor 20 Plus - PuertaAcorazada.es","robots":{"index":"index","follow":"follow","max-snippet":"max-snippet:-1","max-image-preview":"max-image-preview:large","max-video-preview":"max-video-preview:-1"},"canonical":"https:\/\/www.puertaacorazada.es\/puertas-acorazadas\/puertas-thor-20-plus\/","og_locale":"fr_FR","og_type":"article","og_title":"Portes Thor 20 Plus - PuertaAcorazada.es","og_description":"Prot\u00e9gez la s\u00e9curit\u00e9 de votre maison, de votre entreprise et de vos clients S\u00e9curit\u00e9 maximale Caract\u00e9ristiques et options Nouvelle Thor 20 Plus, probablement la porte Grade 4 la plus s\u00fbre du march\u00e9 : Double serrure avec serrure Avec 10 renforts entre les om\u00e9gas et dans le camion 4 charni\u00e8res de s\u00e9curit\u00e9 avec roulements, r\u00e9glables en...","og_url":"https:\/\/www.puertaacorazada.es\/puertas-acorazadas\/puertas-thor-20-plus\/","og_site_name":"PuertaAcorazada.es","article_modified_time":"2024-09-23T17:01:33+00:00","og_image":[{"url":"https:\/\/www.cabma.es\/imagenes\/thor20plus\/01-thor-20-plus-mini.png","type":"","width":"","height":""}],"twitter_card":"summary_large_image","twitter_misc":{"Dur\u00e9e de lecture estim\u00e9e":"1 minute"},"schema":{"@context":"https:\/\/schema.org","@graph":[{"@type":"WebPage","@id":"https:\/\/www.puertaacorazada.es\/puertas-acorazadas\/puertas-thor-20-plus\/","url":"https:\/\/www.puertaacorazada.es\/puertas-acorazadas\/puertas-thor-20-plus\/","name":"Portes Thor 20 Plus - PuertaAcorazada.es","isPartOf":{"@id":"https:\/\/www.puertaacorazada.es\/#website"},"primaryImageOfPage":{"@id":"https:\/\/www.puertaacorazada.es\/puertas-acorazadas\/puertas-thor-20-plus\/#primaryimage"},"image":{"@id":"https:\/\/www.puertaacorazada.es\/puertas-acorazadas\/puertas-thor-20-plus\/#primaryimage"},"thumbnailUrl":"https:\/\/www.cabma.es\/imagenes\/thor20plus\/01-thor-20-plus-mini.png","datePublished":"2023-07-18T19:27:40+00:00","dateModified":"2024-09-23T17:01:33+00:00","breadcrumb":{"@id":"https:\/\/www.puertaacorazada.es\/puertas-acorazadas\/puertas-thor-20-plus\/#breadcrumb"},"inLanguage":"fr-FR","potentialAction":[{"@type":"ReadAction","target":["https:\/\/www.puertaacorazada.es\/puertas-acorazadas\/puertas-thor-20-plus\/"]}]},{"@type":"ImageObject","inLanguage":"fr-FR","@id":"https:\/\/www.puertaacorazada.es\/puertas-acorazadas\/puertas-thor-20-plus\/#primaryimage","url":"https:\/\/www.cabma.es\/imagenes\/thor20plus\/01-thor-20-plus-mini.png","contentUrl":"https:\/\/www.cabma.es\/imagenes\/thor20plus\/01-thor-20-plus-mini.png"},{"@type":"BreadcrumbList","@id":"https:\/\/www.puertaacorazada.es\/puertas-acorazadas\/puertas-thor-20-plus\/#breadcrumb","itemListElement":[{"@type":"ListItem","position":1,"name":"Portada","item":"https:\/\/www.puertaacorazada.es\/"},{"@type":"ListItem","position":2,"name":"Portes Thor 20 Plus"}]},{"@type":"WebSite","@id":"https:\/\/www.puertaacorazada.es\/#website","url":"https:\/\/www.puertaacorazada.es\/","name":"PuertaAcorazada.es","description":"Puertas acorazadas para la m\u00e1xima seguridad","publisher":{"@id":"https:\/\/www.puertaacorazada.es\/#organization"},"potentialAction":[{"@type":"SearchAction","target":{"@type":"EntryPoint","urlTemplate":"https:\/\/www.puertaacorazada.es\/?s={search_term_string}"},"query-input":{"@type":"PropertyValueSpecification","valueRequired":true,"valueName":"search_term_string"}}],"inLanguage":"fr-FR"},{"@type":"Organization","@id":"https:\/\/www.puertaacorazada.es\/#organization","name":"PuertaAcorazada.es","url":"https:\/\/www.puertaacorazada.es\/","logo":{"@type":"ImageObject","inLanguage":"fr-FR","@id":"https:\/\/www.puertaacorazada.es\/#\/schema\/logo\/image\/","url":"https:\/\/www.puertaacorazada.es\/wp-content\/uploads\/2024\/08\/cropped-favicon1.png","contentUrl":"https:\/\/www.puertaacorazada.es\/wp-content\/uploads\/2024\/08\/cropped-favicon1.png","width":512,"height":512,"caption":"PuertaAcorazada.es"},"image":{"@id":"https:\/\/www.puertaacorazada.es\/#\/schema\/logo\/image\/"}}]}},"_links":{"self":[{"href":"https:\/\/www.puertaacorazada.es\/fr\/wp-json\/wp\/v2\/pages\/15069","targetHints":{"allow":["GET"]}}],"collection":[{"href":"https:\/\/www.puertaacorazada.es\/fr\/wp-json\/wp\/v2\/pages"}],"about":[{"href":"https:\/\/www.puertaacorazada.es\/fr\/wp-json\/wp\/v2\/types\/page"}],"author":[{"embeddable":true,"href":"https:\/\/www.puertaacorazada.es\/fr\/wp-json\/wp\/v2\/users\/1"}],"replies":[{"embeddable":true,"href":"https:\/\/www.puertaacorazada.es\/fr\/wp-json\/wp\/v2\/comments?post=15069"}],"version-history":[{"count":1,"href":"https:\/\/www.puertaacorazada.es\/fr\/wp-json\/wp\/v2\/pages\/15069\/revisions"}],"predecessor-version":[{"id":15070,"href":"https:\/\/www.puertaacorazada.es\/fr\/wp-json\/wp\/v2\/pages\/15069\/revisions\/15070"}],"wp:attachment":[{"href":"https:\/\/www.puertaacorazada.es\/fr\/wp-json\/wp\/v2\/media?parent=15069"}],"curies":[{"name":"wp","href":"https:\/\/api.w.org\/{rel}","templated":true}]}}