{"id":15016,"date":"2024-08-05T18:42:55","date_gmt":"2024-08-05T16:42:55","guid":{"rendered":"https:\/\/www.puertaacorazada.es\/qualidade\/"},"modified":"2024-09-23T12:10:57","modified_gmt":"2024-09-23T10:10:57","slug":"qualidade","status":"publish","type":"page","link":"https:\/\/www.puertaacorazada.es\/pt-pt\/qualidade\/","title":{"rendered":"Qualidade"},"content":{"rendered":"\t\t<div data-elementor-type=\"wp-page\" data-elementor-id=\"15016\" class=\"elementor elementor-15016\">\n\t\t\t\t<div class=\"elementor-element elementor-element-20373c9 e-flex e-con-boxed e-con e-parent\" data-id=\"20373c9\" data-element_type=\"container\">\n\t\t\t\t\t<div class=\"e-con-inner\">\n\t\t\t\t<div class=\"elementor-element elementor-element-0bff007 elementor-widget elementor-widget-text-editor\" data-id=\"0bff007\" data-element_type=\"widget\" data-widget_type=\"text-editor.default\">\n\t\t\t\t<div class=\"elementor-widget-container\">\n\t\t\t\t\t\t\t\t\t<div class=\"contenedor\">\n<div class=\"fila\">\n<div class=\"col\">\n<h2 class=\"slogan-centrado\">Garantimos qualidade comprovada e confiabilidade de nossas portas de seguran\u00e7a<\/h2>\n<\/p><\/div>\n<\/p><\/div>\n<div class=\"fila\">\n<div class=\"col\">\n<p>Na <strong>Puertas CABMA<\/strong> estamos comprometidos com a <strong>qualidade<\/strong> e a <strong>melhoria cont\u00ednua<\/strong> desde a nossa cria\u00e7\u00e3o, tanto ao n\u00edvel dos nossos produtos como dos nossos processos de fabrico e gest\u00e3o. Prova disso \u00e9 a comprovada fiabilidade e seguran\u00e7a (atrav\u00e9s de testes antirroubo normalizados realizados em laborat\u00f3rios externos credenciados) de toda a nossa vasta gama de portas, que mantemos em constante evolu\u00e7\u00e3o tanto ao n\u00edvel dos componentes e sistemas, como das op\u00e7\u00f5es de acabamentos est\u00e9ticos. <\/p>\n<h1 class=\"text-ctr\" style=\"text-align: center;\">\n                  <strong>CERTIFICADOS<\/strong><br \/>\n                <\/h1>\n<\/p><\/div>\n<\/p><\/div>\n<p style=\"text-align: center;\">\n<div class=\"col ancho-100\" style=\"text-align: center;\">\n<h2 class=\"text-ctr\">PREMIUM 5C<\/h2>\n<h3 class=\"text-ctr\">(Classe 5 conforme UNE-EN 1627 e Classe C conforme UNE 85160)<\/h3>\n<\/p><\/div>\n<\/p><\/div>\n<div class=\"fila\" style=\"text-align: center;\">\n<div class=\"col ancho-50\">\n<div class=\"text-ctr\">\n<div class=\"calidad\">\n                  <a href=\"https:\/\/www.cabma.es\/wp-content\/uploads\/2024\/02\/Premium-5C-Aenor.jpg\" rel=\"lightbox\"><br \/>\n                    <img decoding=\"async\" src=\"https:\/\/www.cabma.es\/wp-content\/uploads\/2024\/02\/Premium-5C-Aenor.jpg\" alt=\"Certificado AENOR PREMIUM 5C\" width=\"400\"><br \/>\n                  <\/a>\n                <\/div>\n<\/p><\/div>\n<\/p><\/div>\n<div class=\"col ancho-50\">\n<div class=\"text-ctr\">\n<div class=\"calidad\">\n                  <a href=\"https:\/\/www.cabma.es\/wp-content\/uploads\/2024\/02\/Premium-5C-Ensayos.jpg\" rel=\"lightbox\"><br \/>\n                    <img decoding=\"async\" src=\"https:\/\/www.cabma.es\/wp-content\/uploads\/2024\/02\/Premium-5C-Ensayos.jpg\" alt=\"Testes PREMIUM 5C\" width=\"400\"><br \/>\n                  <\/a>\n                <\/div>\n<\/p><\/div>\n<\/p><\/div>\n<\/p><\/div>\n<div class=\"fila\" style=\"text-align: center;\">\n<div class=\"col ancho-100\">\n<h2 class=\"text-ctr\">PREMIUM 4C<\/h2>\n<h3 class=\"text-ctr\">(Classe 4 conforme UNE-EN 1627 e Classe C conforme UNE 85160)<\/h3>\n<\/p><\/div>\n<div class=\"col ancho-50\">\n<div class=\"text-ctr\">\n<div class=\"calidad\">\n                  <a href=\"https:\/\/www.cabma.es\/wp-content\/uploads\/2024\/02\/Premium-4C-Aenor.jpg\" rel=\"lightbox\"><br \/>\n                    <img decoding=\"async\" src=\"https:\/\/www.cabma.es\/wp-content\/uploads\/2024\/02\/Premium-4C-Aenor.jpg\" alt=\"Certificado AENOR PREMIUM 4C\" width=\"400\"><br \/>\n                  <\/a>\n                <\/div>\n<\/p><\/div>\n<\/p><\/div>\n<div class=\"col ancho-50\">\n<div class=\"text-ctr\">\n<div class=\"calidad\">\n                  <a href=\"https:\/\/www.cabma.es\/wp-content\/uploads\/2024\/02\/Premium-4C-Ensayos.jpg\" rel=\"lightbox\"><br \/>\n                    <img decoding=\"async\" src=\"https:\/\/www.cabma.es\/wp-content\/uploads\/2024\/02\/Premium-4C-Ensayos.jpg\" alt=\"Testes PREMIUM 4C\" width=\"400\"><br \/>\n                  <\/a>\n                <\/div>\n<\/p><\/div>\n<\/p><\/div>\n<\/p><\/div>\n<div class=\"fila\" style=\"text-align: center;\">\n<div class=\"col ancho-100\">\n<h2 class=\"text-ctr\">PREMIUM 3C<\/h2>\n<h3 class=\"text-ctr\">(Classe 3 conforme UNE-EN 1627 e Classe C conforme UNE 85160)<\/h3>\n<\/p><\/div>\n<\/p><\/div>\n<div class=\"fila\" style=\"text-align: center;\">\n<div class=\"col ancho-50\">\n<div class=\"text-ctr\">\n<div class=\"calidad\">\n                  <a href=\"https:\/\/www.cabma.es\/wp-content\/uploads\/2024\/02\/Premium-3C-Aenor.jpg\" rel=\"lightbox\"><br \/>\n                    <img decoding=\"async\" src=\"https:\/\/www.cabma.es\/wp-content\/uploads\/2024\/02\/Premium-3C-Aenor.jpg\" alt=\"Certificado AENOR PREMIUM 3C grau 5\" width=\"400\"><br \/>\n                  <\/a>\n                <\/div>\n<\/p><\/div>\n<\/p><\/div>\n<div class=\"col ancho-50\">\n<div class=\"text-ctr\">\n<div class=\"calidad\">\n                  <a href=\"https:\/\/www.cabma.es\/wp-content\/uploads\/2024\/02\/Premium-3C-Ensayos.jpg\" rel=\"lightbox\"><br \/>\n                    <img decoding=\"async\" src=\"https:\/\/www.cabma.es\/wp-content\/uploads\/2024\/02\/Premium-3C-Ensayos.jpg\" alt=\"Testes PREMIUM 3C\" width=\"400\"><br \/>\n                  <\/a>\n                <\/div>\n<\/p><\/div>\n<\/p><\/div>\n<\/p><\/div>\n<div class=\"fila\" style=\"text-align: center;\">\n<div class=\"col ancho-100\">\n<h2 class=\"text-ctr\">THOR 20 PLUS<\/h2>\n<h3 class=\"text-ctr\">(Classe 4 de acordo com UNE-EN 1627)<\/h3>\n<h3 class=\"text-ctr\">\n                <a href=\"https:\/\/www.cabma.es\/wp-content\/uploads\/2024\/02\/Thor-20-Plus-Ensayos.jpg\" rel=\"lightbox\"><br \/>\n                  <img decoding=\"async\" src=\"https:\/\/www.cabma.es\/wp-content\/uploads\/2024\/02\/Thor-20-Plus-Ensayos.jpg\" alt=\"Testes THOR 20 PLUS\" width=\"200\"><br \/>\n                <\/a><br \/>\n              <\/h3>\n<\/p><\/div>\n<\/p><\/div>\n<div class=\"fila\" style=\"text-align: center;\">\n<div class=\"col ancho-100\">\n<h2 class=\"text-ctr\">THOR 20<\/h2>\n<h3 class=\"text-ctr\">(Classe 3 conforme UNE-EN 1627 e Classe B conforme UNE 85160)<\/h3>\n<\/p><\/div>\n<\/p><\/div>\n<div class=\"fila\">\n<div class=\"col ancho-50\" style=\"text-align: center;\">\n<div class=\"text-ctr\">\n<div class=\"calidad\">\n                  <a href=\"https:\/\/www.cabma.es\/wp-content\/uploads\/2024\/02\/Thor-20-Aenor.jpg\" rel=\"lightbox\"><br \/>\n                    <img decoding=\"async\" src=\"https:\/\/www.cabma.es\/wp-content\/uploads\/2024\/02\/Thor-20-Aenor.jpg\" alt=\"Certificado AENOR THOR 20\" width=\"400\"><br \/>\n                  <\/a>\n                <\/div>\n<\/p><\/div>\n<\/p><\/div>\n<div class=\"col ancho-50\">\n<div class=\"text-ctr\">\n<div class=\"calidad\">\n                  <a href=\"https:\/\/www.cabma.es\/wp-content\/uploads\/2024\/02\/Thor-20-Ensayos.jpg\" rel=\"lightbox\"><br \/>\n                    <img decoding=\"async\" class=\"aligncenter\" src=\"https:\/\/www.cabma.es\/wp-content\/uploads\/2024\/02\/Thor-20-Ensayos.jpg\" alt=\"Testes THOR 20\" width=\"400\"><br \/>\n                  <\/a>\n                <\/div>\n<\/p><\/div>\n<\/p><\/div>\n<\/p><\/div>\n\t\t\t\t\t\t\t\t<\/div>\n\t\t\t\t<\/div>\n\t\t\t\t\t<\/div>\n\t\t\t\t<\/div>\n\t\t\t\t<\/div>\n\t\t","protected":false},"excerpt":{"rendered":"<p>Garantimos qualidade comprovada e confiabilidade de nossas portas de seguran\u00e7a Na Puertas CABMA estamos comprometidos com a qualidade e a melhoria cont\u00ednua desde a nossa cria\u00e7\u00e3o, tanto ao n\u00edvel dos nossos produtos como dos nossos processos de fabrico e gest\u00e3o. Prova disso \u00e9 a comprovada fiabilidade e seguran\u00e7a (atrav\u00e9s de testes antirroubo normalizados realizados em&#8230;<\/p>\n","protected":false},"author":1,"featured_media":0,"parent":0,"menu_order":0,"comment_status":"closed","ping_status":"closed","template":"","meta":{"footnotes":""},"class_list":["post-15016","page","type-page","status-publish","hentry"],"yoast_head":"<!-- This site is optimized with the Yoast SEO plugin v25.0 - https:\/\/yoast.com\/wordpress\/plugins\/seo\/ -->\n<title>Qualidade - PuertaAcorazada.es<\/title>\n<meta name=\"robots\" content=\"index, follow, max-snippet:-1, max-image-preview:large, max-video-preview:-1\" \/>\n<link rel=\"canonical\" href=\"https:\/\/www.puertaacorazada.es\/calidad\/\" \/>\n<meta property=\"og:locale\" content=\"pt_PT\" \/>\n<meta property=\"og:type\" content=\"article\" \/>\n<meta property=\"og:title\" content=\"Qualidade - PuertaAcorazada.es\" \/>\n<meta property=\"og:description\" content=\"Garantimos qualidade comprovada e confiabilidade de nossas portas de seguran\u00e7a Na Puertas CABMA estamos comprometidos com a qualidade e a melhoria cont\u00ednua desde a nossa cria\u00e7\u00e3o, tanto ao n\u00edvel dos nossos produtos como dos nossos processos de fabrico e gest\u00e3o. Prova disso \u00e9 a comprovada fiabilidade e seguran\u00e7a (atrav\u00e9s de testes antirroubo normalizados realizados em...\" \/>\n<meta property=\"og:url\" content=\"https:\/\/www.puertaacorazada.es\/calidad\/\" \/>\n<meta property=\"og:site_name\" content=\"PuertaAcorazada.es\" \/>\n<meta property=\"article:modified_time\" content=\"2024-09-23T10:10:57+00:00\" \/>\n<meta property=\"og:image\" content=\"https:\/\/www.cabma.es\/wp-content\/uploads\/2024\/02\/Premium-5C-Aenor.jpg\" \/>\n<meta name=\"twitter:card\" content=\"summary_large_image\" \/>\n<meta name=\"twitter:label1\" content=\"Tempo estimado de leitura\" \/>\n\t<meta name=\"twitter:data1\" content=\"1 minuto\" \/>\n<script type=\"application\/ld+json\" class=\"yoast-schema-graph\">{\"@context\":\"https:\/\/schema.org\",\"@graph\":[{\"@type\":\"WebPage\",\"@id\":\"https:\/\/www.puertaacorazada.es\/calidad\/\",\"url\":\"https:\/\/www.puertaacorazada.es\/calidad\/\",\"name\":\"Qualidade - PuertaAcorazada.es\",\"isPartOf\":{\"@id\":\"https:\/\/www.puertaacorazada.es\/#website\"},\"primaryImageOfPage\":{\"@id\":\"https:\/\/www.puertaacorazada.es\/calidad\/#primaryimage\"},\"image\":{\"@id\":\"https:\/\/www.puertaacorazada.es\/calidad\/#primaryimage\"},\"thumbnailUrl\":\"https:\/\/www.cabma.es\/wp-content\/uploads\/2024\/02\/Premium-5C-Aenor.jpg\",\"datePublished\":\"2024-08-05T16:42:55+00:00\",\"dateModified\":\"2024-09-23T10:10:57+00:00\",\"breadcrumb\":{\"@id\":\"https:\/\/www.puertaacorazada.es\/calidad\/#breadcrumb\"},\"inLanguage\":\"pt-PT\",\"potentialAction\":[{\"@type\":\"ReadAction\",\"target\":[\"https:\/\/www.puertaacorazada.es\/calidad\/\"]}]},{\"@type\":\"ImageObject\",\"inLanguage\":\"pt-PT\",\"@id\":\"https:\/\/www.puertaacorazada.es\/calidad\/#primaryimage\",\"url\":\"https:\/\/www.cabma.es\/wp-content\/uploads\/2024\/02\/Premium-5C-Aenor.jpg\",\"contentUrl\":\"https:\/\/www.cabma.es\/wp-content\/uploads\/2024\/02\/Premium-5C-Aenor.jpg\"},{\"@type\":\"BreadcrumbList\",\"@id\":\"https:\/\/www.puertaacorazada.es\/calidad\/#breadcrumb\",\"itemListElement\":[{\"@type\":\"ListItem\",\"position\":1,\"name\":\"Portada\",\"item\":\"https:\/\/www.puertaacorazada.es\/\"},{\"@type\":\"ListItem\",\"position\":2,\"name\":\"Qualidade\"}]},{\"@type\":\"WebSite\",\"@id\":\"https:\/\/www.puertaacorazada.es\/#website\",\"url\":\"https:\/\/www.puertaacorazada.es\/\",\"name\":\"PuertaAcorazada.es\",\"description\":\"Puertas acorazadas para la m\u00e1xima seguridad\",\"publisher\":{\"@id\":\"https:\/\/www.puertaacorazada.es\/#organization\"},\"potentialAction\":[{\"@type\":\"SearchAction\",\"target\":{\"@type\":\"EntryPoint\",\"urlTemplate\":\"https:\/\/www.puertaacorazada.es\/?s={search_term_string}\"},\"query-input\":{\"@type\":\"PropertyValueSpecification\",\"valueRequired\":true,\"valueName\":\"search_term_string\"}}],\"inLanguage\":\"pt-PT\"},{\"@type\":\"Organization\",\"@id\":\"https:\/\/www.puertaacorazada.es\/#organization\",\"name\":\"PuertaAcorazada.es\",\"url\":\"https:\/\/www.puertaacorazada.es\/\",\"logo\":{\"@type\":\"ImageObject\",\"inLanguage\":\"pt-PT\",\"@id\":\"https:\/\/www.puertaacorazada.es\/#\/schema\/logo\/image\/\",\"url\":\"https:\/\/www.puertaacorazada.es\/wp-content\/uploads\/2024\/08\/cropped-favicon1.png\",\"contentUrl\":\"https:\/\/www.puertaacorazada.es\/wp-content\/uploads\/2024\/08\/cropped-favicon1.png\",\"width\":512,\"height\":512,\"caption\":\"PuertaAcorazada.es\"},\"image\":{\"@id\":\"https:\/\/www.puertaacorazada.es\/#\/schema\/logo\/image\/\"}}]}<\/script>\n<!-- \/ Yoast SEO plugin. -->","yoast_head_json":{"title":"Qualidade - PuertaAcorazada.es","robots":{"index":"index","follow":"follow","max-snippet":"max-snippet:-1","max-image-preview":"max-image-preview:large","max-video-preview":"max-video-preview:-1"},"canonical":"https:\/\/www.puertaacorazada.es\/calidad\/","og_locale":"pt_PT","og_type":"article","og_title":"Qualidade - PuertaAcorazada.es","og_description":"Garantimos qualidade comprovada e confiabilidade de nossas portas de seguran\u00e7a Na Puertas CABMA estamos comprometidos com a qualidade e a melhoria cont\u00ednua desde a nossa cria\u00e7\u00e3o, tanto ao n\u00edvel dos nossos produtos como dos nossos processos de fabrico e gest\u00e3o. Prova disso \u00e9 a comprovada fiabilidade e seguran\u00e7a (atrav\u00e9s de testes antirroubo normalizados realizados em...","og_url":"https:\/\/www.puertaacorazada.es\/calidad\/","og_site_name":"PuertaAcorazada.es","article_modified_time":"2024-09-23T10:10:57+00:00","og_image":[{"url":"https:\/\/www.cabma.es\/wp-content\/uploads\/2024\/02\/Premium-5C-Aenor.jpg","type":"","width":"","height":""}],"twitter_card":"summary_large_image","twitter_misc":{"Tempo estimado de leitura":"1 minuto"},"schema":{"@context":"https:\/\/schema.org","@graph":[{"@type":"WebPage","@id":"https:\/\/www.puertaacorazada.es\/calidad\/","url":"https:\/\/www.puertaacorazada.es\/calidad\/","name":"Qualidade - PuertaAcorazada.es","isPartOf":{"@id":"https:\/\/www.puertaacorazada.es\/#website"},"primaryImageOfPage":{"@id":"https:\/\/www.puertaacorazada.es\/calidad\/#primaryimage"},"image":{"@id":"https:\/\/www.puertaacorazada.es\/calidad\/#primaryimage"},"thumbnailUrl":"https:\/\/www.cabma.es\/wp-content\/uploads\/2024\/02\/Premium-5C-Aenor.jpg","datePublished":"2024-08-05T16:42:55+00:00","dateModified":"2024-09-23T10:10:57+00:00","breadcrumb":{"@id":"https:\/\/www.puertaacorazada.es\/calidad\/#breadcrumb"},"inLanguage":"pt-PT","potentialAction":[{"@type":"ReadAction","target":["https:\/\/www.puertaacorazada.es\/calidad\/"]}]},{"@type":"ImageObject","inLanguage":"pt-PT","@id":"https:\/\/www.puertaacorazada.es\/calidad\/#primaryimage","url":"https:\/\/www.cabma.es\/wp-content\/uploads\/2024\/02\/Premium-5C-Aenor.jpg","contentUrl":"https:\/\/www.cabma.es\/wp-content\/uploads\/2024\/02\/Premium-5C-Aenor.jpg"},{"@type":"BreadcrumbList","@id":"https:\/\/www.puertaacorazada.es\/calidad\/#breadcrumb","itemListElement":[{"@type":"ListItem","position":1,"name":"Portada","item":"https:\/\/www.puertaacorazada.es\/"},{"@type":"ListItem","position":2,"name":"Qualidade"}]},{"@type":"WebSite","@id":"https:\/\/www.puertaacorazada.es\/#website","url":"https:\/\/www.puertaacorazada.es\/","name":"PuertaAcorazada.es","description":"Puertas acorazadas para la m\u00e1xima seguridad","publisher":{"@id":"https:\/\/www.puertaacorazada.es\/#organization"},"potentialAction":[{"@type":"SearchAction","target":{"@type":"EntryPoint","urlTemplate":"https:\/\/www.puertaacorazada.es\/?s={search_term_string}"},"query-input":{"@type":"PropertyValueSpecification","valueRequired":true,"valueName":"search_term_string"}}],"inLanguage":"pt-PT"},{"@type":"Organization","@id":"https:\/\/www.puertaacorazada.es\/#organization","name":"PuertaAcorazada.es","url":"https:\/\/www.puertaacorazada.es\/","logo":{"@type":"ImageObject","inLanguage":"pt-PT","@id":"https:\/\/www.puertaacorazada.es\/#\/schema\/logo\/image\/","url":"https:\/\/www.puertaacorazada.es\/wp-content\/uploads\/2024\/08\/cropped-favicon1.png","contentUrl":"https:\/\/www.puertaacorazada.es\/wp-content\/uploads\/2024\/08\/cropped-favicon1.png","width":512,"height":512,"caption":"PuertaAcorazada.es"},"image":{"@id":"https:\/\/www.puertaacorazada.es\/#\/schema\/logo\/image\/"}}]}},"_links":{"self":[{"href":"https:\/\/www.puertaacorazada.es\/pt-pt\/wp-json\/wp\/v2\/pages\/15016","targetHints":{"allow":["GET"]}}],"collection":[{"href":"https:\/\/www.puertaacorazada.es\/pt-pt\/wp-json\/wp\/v2\/pages"}],"about":[{"href":"https:\/\/www.puertaacorazada.es\/pt-pt\/wp-json\/wp\/v2\/types\/page"}],"author":[{"embeddable":true,"href":"https:\/\/www.puertaacorazada.es\/pt-pt\/wp-json\/wp\/v2\/users\/1"}],"replies":[{"embeddable":true,"href":"https:\/\/www.puertaacorazada.es\/pt-pt\/wp-json\/wp\/v2\/comments?post=15016"}],"version-history":[{"count":1,"href":"https:\/\/www.puertaacorazada.es\/pt-pt\/wp-json\/wp\/v2\/pages\/15016\/revisions"}],"predecessor-version":[{"id":15017,"href":"https:\/\/www.puertaacorazada.es\/pt-pt\/wp-json\/wp\/v2\/pages\/15016\/revisions\/15017"}],"wp:attachment":[{"href":"https:\/\/www.puertaacorazada.es\/pt-pt\/wp-json\/wp\/v2\/media?parent=15016"}],"curies":[{"name":"wp","href":"https:\/\/api.w.org\/{rel}","templated":true}]}}