{"id":15022,"date":"2024-08-05T19:21:06","date_gmt":"2024-08-05T17:21:06","guid":{"rendered":"https:\/\/www.puertaacorazada.es\/cilindro-de-alta-seguranca\/"},"modified":"2024-09-23T12:33:58","modified_gmt":"2024-09-23T10:33:58","slug":"cilindro-de-alta-seguranca","status":"publish","type":"page","link":"https:\/\/www.puertaacorazada.es\/pt-pt\/cilindro-de-alta-seguranca\/","title":{"rendered":"Cilindro de alta seguran\u00e7a"},"content":{"rendered":"\t\t<div data-elementor-type=\"wp-page\" data-elementor-id=\"15022\" class=\"elementor elementor-15022\">\n\t\t\t\t<div class=\"elementor-element elementor-element-4ce8297 e-flex e-con-boxed e-con e-parent\" data-id=\"4ce8297\" data-element_type=\"container\">\n\t\t\t\t\t<div class=\"e-con-inner\">\n\t\t\t\t<div class=\"elementor-element elementor-element-4d313fc elementor-tabs-view-horizontal elementor-widget elementor-widget-tabs\" data-id=\"4d313fc\" data-element_type=\"widget\" data-widget_type=\"tabs.default\">\n\t\t\t\t<div class=\"elementor-widget-container\">\n\t\t\t\t\t\t\t<div class=\"elementor-tabs\">\n\t\t\t<div class=\"elementor-tabs-wrapper\" role=\"tablist\" >\n\t\t\t\t\t\t\t\t\t<div id=\"elementor-tab-title-8091\" class=\"elementor-tab-title elementor-tab-desktop-title\" aria-selected=\"true\" data-tab=\"1\" role=\"tab\" tabindex=\"0\" aria-controls=\"elementor-tab-content-8091\" aria-expanded=\"false\">8000 Omega2 MASTEER<\/div>\n\t\t\t\t\t\t\t\t\t<div id=\"elementor-tab-title-8092\" class=\"elementor-tab-title elementor-tab-desktop-title\" aria-selected=\"false\" data-tab=\"2\" role=\"tab\" tabindex=\"-1\" aria-controls=\"elementor-tab-content-8092\" aria-expanded=\"false\">8000 Omega2 PREMIUM<\/div>\n\t\t\t\t\t\t\t\t\t<div id=\"elementor-tab-title-8093\" class=\"elementor-tab-title elementor-tab-desktop-title\" aria-selected=\"false\" data-tab=\"3\" role=\"tab\" tabindex=\"-1\" aria-controls=\"elementor-tab-content-8093\" aria-expanded=\"false\">8000 Omega2 ULTRA<\/div>\n\t\t\t\t\t\t\t<\/div>\n\t\t\t<div class=\"elementor-tabs-content-wrapper\" role=\"tablist\" aria-orientation=\"vertical\">\n\t\t\t\t\t\t\t\t\t<div class=\"elementor-tab-title elementor-tab-mobile-title\" aria-selected=\"true\" data-tab=\"1\" role=\"tab\" tabindex=\"0\" aria-controls=\"elementor-tab-content-8091\" aria-expanded=\"false\">8000 Omega2 MASTEER<\/div>\n\t\t\t\t\t<div id=\"elementor-tab-content-8091\" class=\"elementor-tab-content elementor-clearfix\" data-tab=\"1\" role=\"tabpanel\" aria-labelledby=\"elementor-tab-title-8091\" tabindex=\"0\" hidden=\"false\"><div class=\"listapr\">\n<div class=\"lista-imagen galeria-listapr\">\n              <a href=\"https:\/\/www.cabma.es\/wp-content\/uploads\/2023\/06\/Keso-Master.jpg\" rel=\"lightbox\"><br \/>\n                <img fetchpriority=\"high\" decoding=\"async\" class=\"alignleft\" src=\"https:\/\/www.cabma.es\/wp-content\/uploads\/2023\/06\/Keso-Master.jpg\" alt=\"Cilindro de alta seguran\u00e7a\" width=\"452\" height=\"336\"><br \/>\n              <\/a>\n            <\/div>\n<div class=\"lista-imagen galeria-listapr\">\n              <a href=\"https:\/\/www.cabma.es\/wp-content\/uploads\/2023\/06\/Keso-Master_corte.jpg\" rel=\"lightbox\"><br \/>\n                <img decoding=\"async\" class=\"\" src=\"https:\/\/www.cabma.es\/wp-content\/uploads\/2023\/06\/Keso-Master_corte.jpg\" alt=\"Cilindro de alta seguran\u00e7a\" width=\"458\" height=\"274\"><br \/>\n              <\/a>\n            <\/div>\n<\/p><\/div>\n<\/p>\n<\/p>\n<ul class=\"lista-puerta-detalle\">\n<li>Anti-colis\u00e3o. O sistema Omega2 e a configura\u00e7\u00e3o estudada da posi\u00e7\u00e3o e altura dos pinos fazem dele um dos poucos verdadeiros cilindros anti-colis\u00e3o. <\/li>\n<li>Anti-perfura\u00e7\u00e3o. 3 fileiras de pitons, todos em a\u00e7o. <\/li>\n<li>Anti-lockpick. Pinos de controle e sistema anti-pick Omega2. <\/li>\n<li>Protegido contra remo\u00e7\u00e3o com rotor de carregamento traseiro.<\/li>\n<li>Chaves n\u00e3o copi\u00e1veis. Ambos por patente v\u00e1lida at\u00e9 2034, e fisicamente com pino ativo integrado na chave e no cilindro, ambos patenteados. Protegido contra c\u00f3pias com impressoras 3D.  <\/li>\n<li>N\u00e3o existem 2 cilindros com a mesma combina\u00e7\u00e3o.<\/li>\n<li>Corpo em lat\u00e3o temperado HRC62.<\/li>\n<li>Treinamento certificado VDS.<\/li>\n<li>100% combin\u00e1vel com outros cilindros mec\u00e2nicos, eletr\u00f4nicos ou mecatr\u00f4nicos KESO 8000 Omega2, utilizando o mesmo<\/li>\n<\/ul>\n<\/div>\n\t\t\t\t\t\t\t\t\t<div class=\"elementor-tab-title elementor-tab-mobile-title\" aria-selected=\"false\" data-tab=\"2\" role=\"tab\" tabindex=\"-1\" aria-controls=\"elementor-tab-content-8092\" aria-expanded=\"false\">8000 Omega2 PREMIUM<\/div>\n\t\t\t\t\t<div id=\"elementor-tab-content-8092\" class=\"elementor-tab-content elementor-clearfix\" data-tab=\"2\" role=\"tabpanel\" aria-labelledby=\"elementor-tab-title-8092\" tabindex=\"0\" hidden=\"hidden\"><div class=\"listapr\">\n<div class=\"lista-imagen galeria-listapr\">\n              <a href=\"https:\/\/www.cabma.es\/wp-content\/uploads\/2023\/06\/Keso_Premium.jpg\" rel=\"lightbox\"><br \/>\n                <img decoding=\"async\" src=\"https:\/\/www.cabma.es\/wp-content\/uploads\/2023\/06\/Keso_Premium.jpg\" alt=\"Cilindro de alta seguran\u00e7a\" width=\"714\" height=\"505\"><br \/>\n              <\/a>\n            <\/div>\n<\/p><\/div>\n<\/p>\n<ul class=\"lista-puerta-detalle\">\n<li>Anti-colis\u00e3o. O sistema Omega2 e a configura\u00e7\u00e3o estudada da posi\u00e7\u00e3o e altura dos pinos fazem dele um dos poucos verdadeiros cilindros anti-colis\u00e3o. <\/li>\n<li>Anti-perfura\u00e7\u00e3o. 3 fileiras de pitons, todos em a\u00e7o. <\/li>\n<li>Anti-lockpick. Pinos de controle e sistema anti-pick Omega2. <\/li>\n<li>Protegido contra remo\u00e7\u00e3o com rotor de carregamento traseiro e travas de A\u00c7O.<\/li>\n<li>Chaves n\u00e3o copi\u00e1veis. Ambos por patente v\u00e1lida at\u00e9 2034, e fisicamente com pino ativo integrado na chave e no cilindro, ambos patenteados. Protegido contra c\u00f3pias com impressoras 3D.  <\/li>\n<li>Corpo e ponte em a\u00e7o cromo-n\u00edquel para evitar quebras.<\/li>\n<li>Resist\u00eancia EN1303 Classe D, VDS Classe BZ+ 2017.<\/li>\n<li>N\u00e3o existem 2 cilindros com a mesma combina\u00e7\u00e3o.<\/li>\n<li>Treinamento certificado VDS.<\/li>\n<li>100% combin\u00e1vel com outros cilindros mec\u00e2nicos, eletr\u00f4nicos ou mecatr\u00f4nicos KESO 8000 Omega2, utilizando a mesma chave.<\/li>\n<li>13 pinos internos anti-perfura\u00e7\u00e3o e anti-extra\u00e7\u00e3o.<\/li>\n<\/ul>\n<\/div>\n\t\t\t\t\t\t\t\t\t<div class=\"elementor-tab-title elementor-tab-mobile-title\" aria-selected=\"false\" data-tab=\"3\" role=\"tab\" tabindex=\"-1\" aria-controls=\"elementor-tab-content-8093\" aria-expanded=\"false\">8000 Omega2 ULTRA<\/div>\n\t\t\t\t\t<div id=\"elementor-tab-content-8093\" class=\"elementor-tab-content elementor-clearfix\" data-tab=\"3\" role=\"tabpanel\" aria-labelledby=\"elementor-tab-title-8093\" tabindex=\"0\" hidden=\"hidden\"><div class=\"listapr\">\n<div class=\"lista-imagen galeria-listapr\">\n              <a href=\"https:\/\/www.cabma.es\/wp-content\/uploads\/2023\/06\/Keso_Ultra.jpg\" rel=\"lightbox\"><br \/>\n                <img loading=\"lazy\" decoding=\"async\" src=\"https:\/\/www.cabma.es\/wp-content\/uploads\/2023\/06\/Keso_Ultra.jpg\" alt=\"Cilindro de alta seguran\u00e7a\" width=\"714\" height=\"505\"><br \/>\n              <\/a>\n            <\/div>\n<\/p><\/div>\n<\/p>\n<ul class=\"lista-puerta-detalle\">\n<li style=\"list-style-type: none;\">\n<ul class=\"lista-puerta-detalle\">\n<li>Prote\u00e7\u00e3o m\u00e1xima com 12 elementos met\u00e1licos endurecidos adicionais no rotor.<\/li>\n<li>Corpo do cilindro em a\u00e7o cromo-n\u00edquel que oferece a melhor prote\u00e7\u00e3o contra qualquer tipo de ataque f\u00edsico.<\/li>\n<li>A disposi\u00e7\u00e3o especial dos elementos met\u00e1licos endurecidos garante a m\u00e1xima prote\u00e7\u00e3o contra perfura\u00e7\u00e3o.<\/li>\n<li>A ponte de a\u00e7o endurecido s\u00f3lido fresado fornece a resist\u00eancia necess\u00e1ria a tentativas de tor\u00e7\u00e3o e quebra.<\/li>\n<li>A protec\u00e7\u00e3o contra a perfura\u00e7\u00e3o evita a utiliza\u00e7\u00e3o das ferramentas mais potentes e a inovadora rede de elementos de a\u00e7o niquelado garante a m\u00e1xima protec\u00e7\u00e3o contra a extrac\u00e7\u00e3o.<\/li>\n<li>Os elementos-chave m\u00f3veis fornecem prote\u00e7\u00e3o completa contra tentativas n\u00e3o autorizadas de c\u00f3pia de chaves.<\/li>\n<li>O conceito modular do sistema permite modifica\u00e7\u00f5es no comprimento do cilindro, came ou embreagem com total facilidade e flexibilidade.<\/li>\n<\/ul>\n<\/li>\n<\/ul>\n<div class=\"listapr\">\n<div class=\"lista-imagen galeria-listapr\">\n              <a href=\"https:\/\/www.cabma.es\/wp-content\/uploads\/2023\/06\/keso-ultra_antifresado-cuerpo.jpg\" rel=\"lightbox\"><br \/>\n                <img loading=\"lazy\" decoding=\"async\" class=\"alignleft\" src=\"https:\/\/www.cabma.es\/wp-content\/uploads\/2023\/06\/keso-ultra_antifresado-cuerpo.jpg\" alt=\"Cilindro de alta seguran\u00e7a\" width=\"400\" height=\"380\"><br \/>\n              <\/a>\n            <\/div>\n<div class=\"lista-imagen galeria-listapr\">\n              <a href=\"https:\/\/www.cabma.es\/wp-content\/uploads\/2023\/06\/keso-ultra_pasadores-adicionales.jpg\" rel=\"lightbox\"><br \/>\n                <img loading=\"lazy\" decoding=\"async\" class=\"\" src=\"https:\/\/www.cabma.es\/wp-content\/uploads\/2023\/06\/keso-ultra_pasadores-adicionales.jpg\" alt=\"Cilindro de alta seguran\u00e7a\" width=\"445\" height=\"435\"><br \/>\n              <\/a>\n            <\/div>\n<\/p><\/div>\n<div class=\"listapr\">\n<div class=\"lista-imagen galeria-listapr\">\n              <a href=\"https:\/\/www.cabma.es\/wp-content\/uploads\/2023\/06\/keso-ultra_antifresado-rotor.jpg\" rel=\"lightbox\"><br \/>\n                <img loading=\"lazy\" decoding=\"async\" class=\"alignleft\" src=\"https:\/\/www.cabma.es\/wp-content\/uploads\/2023\/06\/keso-ultra_antifresado-rotor.jpg\" alt=\"Cilindro de alta seguran\u00e7a\" width=\"417\" height=\"475\"><br \/>\n              <\/a>\n            <\/div>\n<div class=\"lista-imagen galeria-listapr\">\n              <a href=\"https:\/\/www.cabma.es\/wp-content\/uploads\/2023\/06\/keso-ultra_rotor-abocardado.jpg\" rel=\"lightbox\"><br \/>\n                <img loading=\"lazy\" decoding=\"async\" class=\"\" src=\"https:\/\/www.cabma.es\/wp-content\/uploads\/2023\/06\/keso-ultra_rotor-abocardado.jpg\" alt=\"Cilindro de alta seguran\u00e7a\" width=\"400\" height=\"651\"><br \/>\n              <\/a>\n            <\/div>\n<\/p><\/div>\n<\/div>\n\t\t\t\t\t\t\t<\/div>\n\t\t<\/div>\n\t\t\t\t\t\t<\/div>\n\t\t\t\t<\/div>\n\t\t\t\t\t<\/div>\n\t\t\t\t<\/div>\n\t\t\t\t<\/div>\n\t\t","protected":false},"excerpt":{"rendered":"<p>8000 Omega2 MASTEER 8000 Omega2 PREMIUM 8000 Omega2 ULTRA 8000 Omega2 MASTEER Anti-colis\u00e3o. O sistema Omega2 e a configura\u00e7\u00e3o estudada da posi\u00e7\u00e3o e altura dos pinos fazem dele um dos poucos verdadeiros cilindros anti-colis\u00e3o. Anti-perfura\u00e7\u00e3o. 3 fileiras de pitons, todos em a\u00e7o. Anti-lockpick. Pinos de controle e sistema anti-pick Omega2. Protegido contra remo\u00e7\u00e3o com rotor&#8230;<\/p>\n","protected":false},"author":1,"featured_media":0,"parent":0,"menu_order":0,"comment_status":"closed","ping_status":"closed","template":"","meta":{"footnotes":""},"class_list":["post-15022","page","type-page","status-publish","hentry"],"yoast_head":"<!-- This site is optimized with the Yoast SEO plugin v25.0 - https:\/\/yoast.com\/wordpress\/plugins\/seo\/ -->\n<title>Cilindro de alta seguran\u00e7a - PuertaAcorazada.es<\/title>\n<meta name=\"robots\" content=\"index, follow, max-snippet:-1, max-image-preview:large, max-video-preview:-1\" \/>\n<link rel=\"canonical\" href=\"https:\/\/www.puertaacorazada.es\/cilindros-keso\/\" \/>\n<meta property=\"og:locale\" content=\"pt_PT\" \/>\n<meta property=\"og:type\" content=\"article\" \/>\n<meta property=\"og:title\" content=\"Cilindro de alta seguran\u00e7a - PuertaAcorazada.es\" \/>\n<meta property=\"og:description\" content=\"8000 Omega2 MASTEER 8000 Omega2 PREMIUM 8000 Omega2 ULTRA 8000 Omega2 MASTEER Anti-colis\u00e3o. O sistema Omega2 e a configura\u00e7\u00e3o estudada da posi\u00e7\u00e3o e altura dos pinos fazem dele um dos poucos verdadeiros cilindros anti-colis\u00e3o. Anti-perfura\u00e7\u00e3o. 3 fileiras de pitons, todos em a\u00e7o. Anti-lockpick. Pinos de controle e sistema anti-pick Omega2. Protegido contra remo\u00e7\u00e3o com rotor...\" \/>\n<meta property=\"og:url\" content=\"https:\/\/www.puertaacorazada.es\/cilindros-keso\/\" \/>\n<meta property=\"og:site_name\" content=\"PuertaAcorazada.es\" \/>\n<meta property=\"article:modified_time\" content=\"2024-09-23T10:33:58+00:00\" \/>\n<meta property=\"og:image\" content=\"https:\/\/www.cabma.es\/wp-content\/uploads\/2023\/06\/Keso-Master.jpg\" \/>\n<meta name=\"twitter:card\" content=\"summary_large_image\" \/>\n<meta name=\"twitter:label1\" content=\"Tempo estimado de leitura\" \/>\n\t<meta name=\"twitter:data1\" content=\"2 minutos\" \/>\n<script type=\"application\/ld+json\" class=\"yoast-schema-graph\">{\"@context\":\"https:\/\/schema.org\",\"@graph\":[{\"@type\":\"WebPage\",\"@id\":\"https:\/\/www.puertaacorazada.es\/cilindros-keso\/\",\"url\":\"https:\/\/www.puertaacorazada.es\/cilindros-keso\/\",\"name\":\"Cilindro de alta seguran\u00e7a - PuertaAcorazada.es\",\"isPartOf\":{\"@id\":\"https:\/\/www.puertaacorazada.es\/#website\"},\"primaryImageOfPage\":{\"@id\":\"https:\/\/www.puertaacorazada.es\/cilindros-keso\/#primaryimage\"},\"image\":{\"@id\":\"https:\/\/www.puertaacorazada.es\/cilindros-keso\/#primaryimage\"},\"thumbnailUrl\":\"https:\/\/www.cabma.es\/wp-content\/uploads\/2023\/06\/Keso-Master.jpg\",\"datePublished\":\"2024-08-05T17:21:06+00:00\",\"dateModified\":\"2024-09-23T10:33:58+00:00\",\"breadcrumb\":{\"@id\":\"https:\/\/www.puertaacorazada.es\/cilindros-keso\/#breadcrumb\"},\"inLanguage\":\"pt-PT\",\"potentialAction\":[{\"@type\":\"ReadAction\",\"target\":[\"https:\/\/www.puertaacorazada.es\/cilindros-keso\/\"]}]},{\"@type\":\"ImageObject\",\"inLanguage\":\"pt-PT\",\"@id\":\"https:\/\/www.puertaacorazada.es\/cilindros-keso\/#primaryimage\",\"url\":\"https:\/\/www.cabma.es\/wp-content\/uploads\/2023\/06\/Keso-Master.jpg\",\"contentUrl\":\"https:\/\/www.cabma.es\/wp-content\/uploads\/2023\/06\/Keso-Master.jpg\"},{\"@type\":\"BreadcrumbList\",\"@id\":\"https:\/\/www.puertaacorazada.es\/cilindros-keso\/#breadcrumb\",\"itemListElement\":[{\"@type\":\"ListItem\",\"position\":1,\"name\":\"Portada\",\"item\":\"https:\/\/www.puertaacorazada.es\/\"},{\"@type\":\"ListItem\",\"position\":2,\"name\":\"Cilindro de alta seguran\u00e7a\"}]},{\"@type\":\"WebSite\",\"@id\":\"https:\/\/www.puertaacorazada.es\/#website\",\"url\":\"https:\/\/www.puertaacorazada.es\/\",\"name\":\"PuertaAcorazada.es\",\"description\":\"Puertas acorazadas para la m\u00e1xima seguridad\",\"publisher\":{\"@id\":\"https:\/\/www.puertaacorazada.es\/#organization\"},\"potentialAction\":[{\"@type\":\"SearchAction\",\"target\":{\"@type\":\"EntryPoint\",\"urlTemplate\":\"https:\/\/www.puertaacorazada.es\/?s={search_term_string}\"},\"query-input\":{\"@type\":\"PropertyValueSpecification\",\"valueRequired\":true,\"valueName\":\"search_term_string\"}}],\"inLanguage\":\"pt-PT\"},{\"@type\":\"Organization\",\"@id\":\"https:\/\/www.puertaacorazada.es\/#organization\",\"name\":\"PuertaAcorazada.es\",\"url\":\"https:\/\/www.puertaacorazada.es\/\",\"logo\":{\"@type\":\"ImageObject\",\"inLanguage\":\"pt-PT\",\"@id\":\"https:\/\/www.puertaacorazada.es\/#\/schema\/logo\/image\/\",\"url\":\"https:\/\/www.puertaacorazada.es\/wp-content\/uploads\/2024\/08\/cropped-favicon1.png\",\"contentUrl\":\"https:\/\/www.puertaacorazada.es\/wp-content\/uploads\/2024\/08\/cropped-favicon1.png\",\"width\":512,\"height\":512,\"caption\":\"PuertaAcorazada.es\"},\"image\":{\"@id\":\"https:\/\/www.puertaacorazada.es\/#\/schema\/logo\/image\/\"}}]}<\/script>\n<!-- \/ Yoast SEO plugin. -->","yoast_head_json":{"title":"Cilindro de alta seguran\u00e7a - PuertaAcorazada.es","robots":{"index":"index","follow":"follow","max-snippet":"max-snippet:-1","max-image-preview":"max-image-preview:large","max-video-preview":"max-video-preview:-1"},"canonical":"https:\/\/www.puertaacorazada.es\/cilindros-keso\/","og_locale":"pt_PT","og_type":"article","og_title":"Cilindro de alta seguran\u00e7a - PuertaAcorazada.es","og_description":"8000 Omega2 MASTEER 8000 Omega2 PREMIUM 8000 Omega2 ULTRA 8000 Omega2 MASTEER Anti-colis\u00e3o. O sistema Omega2 e a configura\u00e7\u00e3o estudada da posi\u00e7\u00e3o e altura dos pinos fazem dele um dos poucos verdadeiros cilindros anti-colis\u00e3o. Anti-perfura\u00e7\u00e3o. 3 fileiras de pitons, todos em a\u00e7o. Anti-lockpick. Pinos de controle e sistema anti-pick Omega2. Protegido contra remo\u00e7\u00e3o com rotor...","og_url":"https:\/\/www.puertaacorazada.es\/cilindros-keso\/","og_site_name":"PuertaAcorazada.es","article_modified_time":"2024-09-23T10:33:58+00:00","og_image":[{"url":"https:\/\/www.cabma.es\/wp-content\/uploads\/2023\/06\/Keso-Master.jpg","type":"","width":"","height":""}],"twitter_card":"summary_large_image","twitter_misc":{"Tempo estimado de leitura":"2 minutos"},"schema":{"@context":"https:\/\/schema.org","@graph":[{"@type":"WebPage","@id":"https:\/\/www.puertaacorazada.es\/cilindros-keso\/","url":"https:\/\/www.puertaacorazada.es\/cilindros-keso\/","name":"Cilindro de alta seguran\u00e7a - PuertaAcorazada.es","isPartOf":{"@id":"https:\/\/www.puertaacorazada.es\/#website"},"primaryImageOfPage":{"@id":"https:\/\/www.puertaacorazada.es\/cilindros-keso\/#primaryimage"},"image":{"@id":"https:\/\/www.puertaacorazada.es\/cilindros-keso\/#primaryimage"},"thumbnailUrl":"https:\/\/www.cabma.es\/wp-content\/uploads\/2023\/06\/Keso-Master.jpg","datePublished":"2024-08-05T17:21:06+00:00","dateModified":"2024-09-23T10:33:58+00:00","breadcrumb":{"@id":"https:\/\/www.puertaacorazada.es\/cilindros-keso\/#breadcrumb"},"inLanguage":"pt-PT","potentialAction":[{"@type":"ReadAction","target":["https:\/\/www.puertaacorazada.es\/cilindros-keso\/"]}]},{"@type":"ImageObject","inLanguage":"pt-PT","@id":"https:\/\/www.puertaacorazada.es\/cilindros-keso\/#primaryimage","url":"https:\/\/www.cabma.es\/wp-content\/uploads\/2023\/06\/Keso-Master.jpg","contentUrl":"https:\/\/www.cabma.es\/wp-content\/uploads\/2023\/06\/Keso-Master.jpg"},{"@type":"BreadcrumbList","@id":"https:\/\/www.puertaacorazada.es\/cilindros-keso\/#breadcrumb","itemListElement":[{"@type":"ListItem","position":1,"name":"Portada","item":"https:\/\/www.puertaacorazada.es\/"},{"@type":"ListItem","position":2,"name":"Cilindro de alta seguran\u00e7a"}]},{"@type":"WebSite","@id":"https:\/\/www.puertaacorazada.es\/#website","url":"https:\/\/www.puertaacorazada.es\/","name":"PuertaAcorazada.es","description":"Puertas acorazadas para la m\u00e1xima seguridad","publisher":{"@id":"https:\/\/www.puertaacorazada.es\/#organization"},"potentialAction":[{"@type":"SearchAction","target":{"@type":"EntryPoint","urlTemplate":"https:\/\/www.puertaacorazada.es\/?s={search_term_string}"},"query-input":{"@type":"PropertyValueSpecification","valueRequired":true,"valueName":"search_term_string"}}],"inLanguage":"pt-PT"},{"@type":"Organization","@id":"https:\/\/www.puertaacorazada.es\/#organization","name":"PuertaAcorazada.es","url":"https:\/\/www.puertaacorazada.es\/","logo":{"@type":"ImageObject","inLanguage":"pt-PT","@id":"https:\/\/www.puertaacorazada.es\/#\/schema\/logo\/image\/","url":"https:\/\/www.puertaacorazada.es\/wp-content\/uploads\/2024\/08\/cropped-favicon1.png","contentUrl":"https:\/\/www.puertaacorazada.es\/wp-content\/uploads\/2024\/08\/cropped-favicon1.png","width":512,"height":512,"caption":"PuertaAcorazada.es"},"image":{"@id":"https:\/\/www.puertaacorazada.es\/#\/schema\/logo\/image\/"}}]}},"_links":{"self":[{"href":"https:\/\/www.puertaacorazada.es\/pt-pt\/wp-json\/wp\/v2\/pages\/15022","targetHints":{"allow":["GET"]}}],"collection":[{"href":"https:\/\/www.puertaacorazada.es\/pt-pt\/wp-json\/wp\/v2\/pages"}],"about":[{"href":"https:\/\/www.puertaacorazada.es\/pt-pt\/wp-json\/wp\/v2\/types\/page"}],"author":[{"embeddable":true,"href":"https:\/\/www.puertaacorazada.es\/pt-pt\/wp-json\/wp\/v2\/users\/1"}],"replies":[{"embeddable":true,"href":"https:\/\/www.puertaacorazada.es\/pt-pt\/wp-json\/wp\/v2\/comments?post=15022"}],"version-history":[{"count":1,"href":"https:\/\/www.puertaacorazada.es\/pt-pt\/wp-json\/wp\/v2\/pages\/15022\/revisions"}],"predecessor-version":[{"id":15023,"href":"https:\/\/www.puertaacorazada.es\/pt-pt\/wp-json\/wp\/v2\/pages\/15022\/revisions\/15023"}],"wp:attachment":[{"href":"https:\/\/www.puertaacorazada.es\/pt-pt\/wp-json\/wp\/v2\/media?parent=15022"}],"curies":[{"name":"wp","href":"https:\/\/api.w.org\/{rel}","templated":true}]}}