{"id":15037,"date":"2024-08-08T12:44:40","date_gmt":"2024-08-08T10:44:40","guid":{"rendered":"https:\/\/www.puertaacorazada.es\/declaracao-de-acessibilidade\/"},"modified":"2024-09-23T13:34:54","modified_gmt":"2024-09-23T11:34:54","slug":"declaracao-de-acessibilidade","status":"publish","type":"page","link":"https:\/\/www.puertaacorazada.es\/pt-pt\/declaracao-de-acessibilidade\/","title":{"rendered":"Declara\u00e7\u00e3o de acessibilidade"},"content":{"rendered":"\t\t<div data-elementor-type=\"wp-page\" data-elementor-id=\"15037\" class=\"elementor elementor-15037\">\n\t\t\t\t<div class=\"elementor-element elementor-element-6111d11 e-flex e-con-boxed e-con e-parent\" data-id=\"6111d11\" data-element_type=\"container\">\n\t\t\t\t\t<div class=\"e-con-inner\">\n\t\t\t\t<div class=\"elementor-element elementor-element-3663c10 elementor-widget elementor-widget-text-editor\" data-id=\"3663c10\" data-element_type=\"widget\" data-widget_type=\"text-editor.default\">\n\t\t\t\t<div class=\"elementor-widget-container\">\n\t\t\t\t\t\t\t\t\t<p>O site Puerta Acorazada compromete-se a tornar acess\u00edveis os seus sites de acordo com o Real Decreto 1112\/2018, de 7 de setembro. Abre uma nova janela, sobre acessibilidade de websites e aplica\u00e7\u00f5es para dispositivos m\u00f3veis do setor p\u00fablico (doravante, Real Decreto 1112\/2018, de 7 de setembro). <\/p>\n<p>Esta declara\u00e7\u00e3o de acessibilidade aplica-se ao site https:\/\/puertaacorazada.es\/ (os subdom\u00ednios deste site ter\u00e3o as suas pr\u00f3prias declara\u00e7\u00f5es de acessibilidade).<\/p>\n\t\t\t\t\t\t\t\t<\/div>\n\t\t\t\t<\/div>\n\t\t\t\t<div class=\"elementor-element elementor-element-fd1e82f elementor-widget elementor-widget-heading\" data-id=\"fd1e82f\" data-element_type=\"widget\" data-widget_type=\"heading.default\">\n\t\t\t\t<div class=\"elementor-widget-container\">\n\t\t\t\t\t<h2 class=\"elementor-heading-title elementor-size-default\">Status de conformidade<\/h2>\t\t\t\t<\/div>\n\t\t\t\t<\/div>\n\t\t\t\t<div class=\"elementor-element elementor-element-c31841b elementor-widget elementor-widget-text-editor\" data-id=\"c31841b\" data-element_type=\"widget\" data-widget_type=\"text-editor.default\">\n\t\t\t\t<div class=\"elementor-widget-container\">\n\t\t\t\t\t\t\t\t\t<div class=\"et_pb_module et_pb_text et_pb_text_3 et_pb_text_align_justified et_pb_bg_layout_light\">\n<div class=\"et_pb_text_inner\">Este site est\u00e1 parcialmente em conformidade com o Real Decreto 1112\/2018, de 7 de setembro, devido \u00e0 falta de conformidade dos aspectos abaixo indicados.<\/div>\n<\/p><\/div>\n<div class=\"et_pb_module et_pb_text et_pb_text_4 et_pb_text_align_center et_pb_bg_layout_light\">\n<div class=\"et_pb_text_inner\"> <\/div>\n<\/p><\/div>\n<p>Esta declara\u00e7\u00e3o de acessibilidade aplica-se ao site https:\/\/puertaacorazada.es\/ (os subdom\u00ednios deste site ter\u00e3o as suas pr\u00f3prias declara\u00e7\u00f5es de acessibilidade).<\/p>\n\t\t\t\t\t\t\t\t<\/div>\n\t\t\t\t<\/div>\n\t\t\t\t<div class=\"elementor-element elementor-element-49b6db7 elementor-widget elementor-widget-heading\" data-id=\"49b6db7\" data-element_type=\"widget\" data-widget_type=\"heading.default\">\n\t\t\t\t<div class=\"elementor-widget-container\">\n\t\t\t\t\t<h2 class=\"elementor-heading-title elementor-size-default\">Conte\u00fado n\u00e3o acess\u00edvel<\/h2>\t\t\t\t<\/div>\n\t\t\t\t<\/div>\n\t\t\t\t<div class=\"elementor-element elementor-element-565d7cb elementor-widget elementor-widget-text-editor\" data-id=\"565d7cb\" data-element_type=\"widget\" data-widget_type=\"text-editor.default\">\n\t\t\t\t<div class=\"elementor-widget-container\">\n\t\t\t\t\t\t\t\t\t<div class=\"et_pb_module et_pb_text et_pb_text_5 et_pb_text_align_justified et_pb_bg_layout_light\">\n<div class=\"et_pb_text_inner\">\n<p>O conte\u00fado coletado abaixo n\u00e3o est\u00e1 acess\u00edvel devido ao seguinte:<\/p>\n<p>Incumprimento do Real Decreto 1112\/2018, de 7 de setembro: podem existir erros espec\u00edficos de edi\u00e7\u00e3o em alguma p\u00e1gina web, tanto no conte\u00fado HTML como nos documentos finais, publicados ap\u00f3s 20 de setembro de 2018 (data de entrada em vigor do Real Decreto 1112 \/2018, de 7 de setembro). Especificamente, podem ocorrer erros em documentos que contenham gr\u00e1ficos, tabelas complexas ou assinados eletronicamente antes de sua revis\u00e3o de acessibilidade. <\/p>\n<\/p><\/div>\n<\/p><\/div>\n<div class=\"et_pb_module et_pb_text et_pb_text_6 et_pb_text_align_center et_pb_bg_layout_light\">\n<div class=\"et_pb_text_inner\"> <\/div>\n<\/p><\/div>\n\t\t\t\t\t\t\t\t<\/div>\n\t\t\t\t<\/div>\n\t\t\t\t<div class=\"elementor-element elementor-element-8f39a1d elementor-widget elementor-widget-heading\" data-id=\"8f39a1d\" data-element_type=\"widget\" data-widget_type=\"heading.default\">\n\t\t\t\t<div class=\"elementor-widget-container\">\n\t\t\t\t\t<h2 class=\"elementor-heading-title elementor-size-default\">Prepara\u00e7\u00e3o desta declara\u00e7\u00e3o de acessibilidade<\/h2>\t\t\t\t<\/div>\n\t\t\t\t<\/div>\n\t\t\t\t<div class=\"elementor-element elementor-element-dd7e3df elementor-widget elementor-widget-text-editor\" data-id=\"dd7e3df\" data-element_type=\"widget\" data-widget_type=\"text-editor.default\">\n\t\t\t\t<div class=\"elementor-widget-container\">\n\t\t\t\t\t\t\t\t\t<div class=\"et_pb_module et_pb_text et_pb_text_7 et_pb_text_align_justified et_pb_bg_layout_light\">\n<div class=\"et_pb_text_inner\">\n<p>Esta declara\u00e7\u00e3o foi preparada em 8 de agosto de 2024.<\/p>\n<p>O m\u00e9todo utilizado para preparar a declara\u00e7\u00e3o foi uma autoavalia\u00e7\u00e3o realizada pela pr\u00f3pria organiza\u00e7\u00e3o.<\/p>\n<\/p><\/div>\n<\/p><\/div>\n<div class=\"et_pb_module et_pb_text et_pb_text_8 et_pb_text_align_center et_pb_bg_layout_light\">\n<div class=\"et_pb_text_inner\"> <\/div>\n<\/p><\/div>\n\t\t\t\t\t\t\t\t<\/div>\n\t\t\t\t<\/div>\n\t\t\t\t<div class=\"elementor-element elementor-element-acf1c92 elementor-widget elementor-widget-heading\" data-id=\"acf1c92\" data-element_type=\"widget\" data-widget_type=\"heading.default\">\n\t\t\t\t<div class=\"elementor-widget-container\">\n\t\t\t\t\t<h2 class=\"elementor-heading-title elementor-size-default\">Observa\u00e7\u00f5es e informa\u00e7\u00f5es de contato<\/h2>\t\t\t\t<\/div>\n\t\t\t\t<\/div>\n\t\t\t\t<div class=\"elementor-element elementor-element-6b32401 elementor-widget elementor-widget-text-editor\" data-id=\"6b32401\" data-element_type=\"widget\" data-widget_type=\"text-editor.default\">\n\t\t\t\t<div class=\"elementor-widget-container\">\n\t\t\t\t\t\t\t\t\t<p>Poder\u00e1 realizar comunica\u00e7\u00f5es sobre requisitos de acessibilidade (artigo 10.2.a) do Real Decreto 1112\/2018, de 7 de setembro) como, por exemplo:<\/p>\n<p>Relate qualquer poss\u00edvel viola\u00e7\u00e3o por parte deste site.<br \/>Transmita outras dificuldades de acesso ao conte\u00fado.<br \/>Tire outras d\u00favidas ou sugest\u00f5es de melhoria em rela\u00e7\u00e3o \u00e0 acessibilidade do site.<br \/>Atrav\u00e9s dos seguintes meios:<\/p>\n<p>cabmaextremadura@gmail.com<br \/>924 916 278<\/p>\n<p>Poder\u00e1 tamb\u00e9m solicitar, num formato acess\u00edvel, informa\u00e7\u00f5es que n\u00e3o cumpram os requisitos de acessibilidade, quer por estarem exclu\u00eddas, quer por estarem isentas devido a encargos desproporcionais; ou registrar uma reclama\u00e7\u00e3o por n\u00e3o cumprimento dos requisitos de acessibilidade.<\/p>\n\t\t\t\t\t\t\t\t<\/div>\n\t\t\t\t<\/div>\n\t\t\t\t<div class=\"elementor-element elementor-element-c4be16d elementor-widget elementor-widget-heading\" data-id=\"c4be16d\" data-element_type=\"widget\" data-widget_type=\"heading.default\">\n\t\t\t\t<div class=\"elementor-widget-container\">\n\t\t\t\t\t<h2 class=\"elementor-heading-title elementor-size-default\">Procedimento de inscri\u00e7\u00e3o<\/h2>\t\t\t\t<\/div>\n\t\t\t\t<\/div>\n\t\t\t\t<div class=\"elementor-element elementor-element-24ea448 elementor-widget elementor-widget-text-editor\" data-id=\"24ea448\" data-element_type=\"widget\" data-widget_type=\"text-editor.default\">\n\t\t\t\t<div class=\"elementor-widget-container\">\n\t\t\t\t\t\t\t\t\t<p>Atrav\u00e9s deste procedimento poder\u00e1 iniciar uma reclama\u00e7\u00e3o para conhecer e opor-se \u00e0s raz\u00f5es do indeferimento de um pedido de informa\u00e7\u00e3o acess\u00edvel ou reclama\u00e7\u00e3o, instar \u00e0 ado\u00e7\u00e3o de medidas adequadas no caso de n\u00e3o concordar com a decis\u00e3o adotada, ou expor as raz\u00f5es pelas quais a mesma \u00e9 considerou que a resposta n\u00e3o atende aos requisitos exigidos.<\/p>\n<p> cabmaextremadura@gmail.com<br \/>924 916 278<\/p>\n\t\t\t\t\t\t\t\t<\/div>\n\t\t\t\t<\/div>\n\t\t\t\t<div class=\"elementor-element elementor-element-64b1415 elementor-widget elementor-widget-heading\" data-id=\"64b1415\" data-element_type=\"widget\" data-widget_type=\"heading.default\">\n\t\t\t\t<div class=\"elementor-widget-container\">\n\t\t\t\t\t<h2 class=\"elementor-heading-title elementor-size-default\">Conte\u00fado opcional<\/h2>\t\t\t\t<\/div>\n\t\t\t\t<\/div>\n\t\t\t\t<div class=\"elementor-element elementor-element-54096e7 elementor-widget elementor-widget-text-editor\" data-id=\"54096e7\" data-element_type=\"widget\" data-widget_type=\"text-editor.default\">\n\t\t\t\t<div class=\"elementor-widget-container\">\n\t\t\t\t\t\t\t\t\t<p>A vers\u00e3o atualmente vis\u00edvel deste site \u00e9 de janeiro de 2024, data em que foi realizada a revis\u00e3o do n\u00edvel de acessibilidade ent\u00e3o vigente.<\/p>\n<p>A partir dessa data, s\u00e3o realizadas revis\u00f5es parciais di\u00e1rias de conte\u00fados web novos ou modificados, tanto dos templates como das p\u00e1ginas e documentos finais publicados, de forma a garantir o cumprimento dos requisitos de acessibilidade da Norma UNE-EN 301549. considerando as exce\u00e7\u00f5es do Real Decreto 1112\/2018, de 7 de setembro.<\/p>\n<p>Adicionalmente, este site \u00e9 revisto pelo Observat\u00f3rio de Acessibilidade da Web (OAW), tendo a \u00faltima revis\u00e3o sido realizada em janeiro de 2024.<\/p>\n<p>Entre outras, s\u00e3o adotadas as seguintes medidas para facilitar a acessibilidade:<\/p>\n<ul>\n<li>Uso de texto alternativo em imagens.<\/li>\n<li>Os links fornecem detalhes da fun\u00e7\u00e3o ou destino do hiperlink.<\/li>\n<li>Utiliza\u00e7\u00e3o dos padr\u00f5es W3C: XHTML 1.0, CSS 3.0, WAI AA.<\/li>\n<li>Poder\u00e1 verificar na p\u00e1gina do Aviso Legal para quais navegadores e vers\u00f5es este site est\u00e1 otimizado.<\/li>\n<\/ul>\n\t\t\t\t\t\t\t\t<\/div>\n\t\t\t\t<\/div>\n\t\t\t\t\t<\/div>\n\t\t\t\t<\/div>\n\t\t\t\t<\/div>\n\t\t","protected":false},"excerpt":{"rendered":"<p>O site Puerta Acorazada compromete-se a tornar acess\u00edveis os seus sites de acordo com o Real Decreto 1112\/2018, de 7 de setembro. Abre uma nova janela, sobre acessibilidade de websites e aplica\u00e7\u00f5es para dispositivos m\u00f3veis do setor p\u00fablico (doravante, Real Decreto 1112\/2018, de 7 de setembro). Esta declara\u00e7\u00e3o de acessibilidade aplica-se ao site https:\/\/puertaacorazada.es\/ (os&#8230;<\/p>\n","protected":false},"author":2,"featured_media":0,"parent":0,"menu_order":0,"comment_status":"closed","ping_status":"closed","template":"","meta":{"footnotes":""},"class_list":["post-15037","page","type-page","status-publish","hentry"],"yoast_head":"<!-- This site is optimized with the Yoast SEO plugin v25.0 - https:\/\/yoast.com\/wordpress\/plugins\/seo\/ -->\n<title>Declara\u00e7\u00e3o de acessibilidade - PuertaAcorazada.es<\/title>\n<meta name=\"robots\" content=\"index, follow, max-snippet:-1, max-image-preview:large, max-video-preview:-1\" \/>\n<link rel=\"canonical\" href=\"https:\/\/www.puertaacorazada.es\/declaracion-de-accesibilidad\/\" \/>\n<meta property=\"og:locale\" content=\"pt_PT\" \/>\n<meta property=\"og:type\" content=\"article\" \/>\n<meta property=\"og:title\" content=\"Declara\u00e7\u00e3o de acessibilidade - PuertaAcorazada.es\" \/>\n<meta property=\"og:description\" content=\"O site Puerta Acorazada compromete-se a tornar acess\u00edveis os seus sites de acordo com o Real Decreto 1112\/2018, de 7 de setembro. Abre uma nova janela, sobre acessibilidade de websites e aplica\u00e7\u00f5es para dispositivos m\u00f3veis do setor p\u00fablico (doravante, Real Decreto 1112\/2018, de 7 de setembro). Esta declara\u00e7\u00e3o de acessibilidade aplica-se ao site https:\/\/puertaacorazada.es\/ (os...\" \/>\n<meta property=\"og:url\" content=\"https:\/\/www.puertaacorazada.es\/declaracion-de-accesibilidad\/\" \/>\n<meta property=\"og:site_name\" content=\"PuertaAcorazada.es\" \/>\n<meta property=\"article:modified_time\" content=\"2024-09-23T11:34:54+00:00\" \/>\n<meta name=\"twitter:card\" content=\"summary_large_image\" \/>\n<meta name=\"twitter:label1\" content=\"Tempo estimado de leitura\" \/>\n\t<meta name=\"twitter:data1\" content=\"3 minutos\" \/>\n<script type=\"application\/ld+json\" class=\"yoast-schema-graph\">{\"@context\":\"https:\/\/schema.org\",\"@graph\":[{\"@type\":\"WebPage\",\"@id\":\"https:\/\/www.puertaacorazada.es\/declaracion-de-accesibilidad\/\",\"url\":\"https:\/\/www.puertaacorazada.es\/declaracion-de-accesibilidad\/\",\"name\":\"Declara\u00e7\u00e3o de acessibilidade - PuertaAcorazada.es\",\"isPartOf\":{\"@id\":\"https:\/\/www.puertaacorazada.es\/#website\"},\"datePublished\":\"2024-08-08T10:44:40+00:00\",\"dateModified\":\"2024-09-23T11:34:54+00:00\",\"breadcrumb\":{\"@id\":\"https:\/\/www.puertaacorazada.es\/declaracion-de-accesibilidad\/#breadcrumb\"},\"inLanguage\":\"pt-PT\",\"potentialAction\":[{\"@type\":\"ReadAction\",\"target\":[\"https:\/\/www.puertaacorazada.es\/declaracion-de-accesibilidad\/\"]}]},{\"@type\":\"BreadcrumbList\",\"@id\":\"https:\/\/www.puertaacorazada.es\/declaracion-de-accesibilidad\/#breadcrumb\",\"itemListElement\":[{\"@type\":\"ListItem\",\"position\":1,\"name\":\"Portada\",\"item\":\"https:\/\/www.puertaacorazada.es\/\"},{\"@type\":\"ListItem\",\"position\":2,\"name\":\"Declara\u00e7\u00e3o de acessibilidade\"}]},{\"@type\":\"WebSite\",\"@id\":\"https:\/\/www.puertaacorazada.es\/#website\",\"url\":\"https:\/\/www.puertaacorazada.es\/\",\"name\":\"PuertaAcorazada.es\",\"description\":\"Puertas acorazadas para la m\u00e1xima seguridad\",\"publisher\":{\"@id\":\"https:\/\/www.puertaacorazada.es\/#organization\"},\"potentialAction\":[{\"@type\":\"SearchAction\",\"target\":{\"@type\":\"EntryPoint\",\"urlTemplate\":\"https:\/\/www.puertaacorazada.es\/?s={search_term_string}\"},\"query-input\":{\"@type\":\"PropertyValueSpecification\",\"valueRequired\":true,\"valueName\":\"search_term_string\"}}],\"inLanguage\":\"pt-PT\"},{\"@type\":\"Organization\",\"@id\":\"https:\/\/www.puertaacorazada.es\/#organization\",\"name\":\"PuertaAcorazada.es\",\"url\":\"https:\/\/www.puertaacorazada.es\/\",\"logo\":{\"@type\":\"ImageObject\",\"inLanguage\":\"pt-PT\",\"@id\":\"https:\/\/www.puertaacorazada.es\/#\/schema\/logo\/image\/\",\"url\":\"https:\/\/www.puertaacorazada.es\/wp-content\/uploads\/2024\/08\/cropped-favicon1.png\",\"contentUrl\":\"https:\/\/www.puertaacorazada.es\/wp-content\/uploads\/2024\/08\/cropped-favicon1.png\",\"width\":512,\"height\":512,\"caption\":\"PuertaAcorazada.es\"},\"image\":{\"@id\":\"https:\/\/www.puertaacorazada.es\/#\/schema\/logo\/image\/\"}}]}<\/script>\n<!-- \/ Yoast SEO plugin. -->","yoast_head_json":{"title":"Declara\u00e7\u00e3o de acessibilidade - PuertaAcorazada.es","robots":{"index":"index","follow":"follow","max-snippet":"max-snippet:-1","max-image-preview":"max-image-preview:large","max-video-preview":"max-video-preview:-1"},"canonical":"https:\/\/www.puertaacorazada.es\/declaracion-de-accesibilidad\/","og_locale":"pt_PT","og_type":"article","og_title":"Declara\u00e7\u00e3o de acessibilidade - PuertaAcorazada.es","og_description":"O site Puerta Acorazada compromete-se a tornar acess\u00edveis os seus sites de acordo com o Real Decreto 1112\/2018, de 7 de setembro. Abre uma nova janela, sobre acessibilidade de websites e aplica\u00e7\u00f5es para dispositivos m\u00f3veis do setor p\u00fablico (doravante, Real Decreto 1112\/2018, de 7 de setembro). Esta declara\u00e7\u00e3o de acessibilidade aplica-se ao site https:\/\/puertaacorazada.es\/ (os...","og_url":"https:\/\/www.puertaacorazada.es\/declaracion-de-accesibilidad\/","og_site_name":"PuertaAcorazada.es","article_modified_time":"2024-09-23T11:34:54+00:00","twitter_card":"summary_large_image","twitter_misc":{"Tempo estimado de leitura":"3 minutos"},"schema":{"@context":"https:\/\/schema.org","@graph":[{"@type":"WebPage","@id":"https:\/\/www.puertaacorazada.es\/declaracion-de-accesibilidad\/","url":"https:\/\/www.puertaacorazada.es\/declaracion-de-accesibilidad\/","name":"Declara\u00e7\u00e3o de acessibilidade - PuertaAcorazada.es","isPartOf":{"@id":"https:\/\/www.puertaacorazada.es\/#website"},"datePublished":"2024-08-08T10:44:40+00:00","dateModified":"2024-09-23T11:34:54+00:00","breadcrumb":{"@id":"https:\/\/www.puertaacorazada.es\/declaracion-de-accesibilidad\/#breadcrumb"},"inLanguage":"pt-PT","potentialAction":[{"@type":"ReadAction","target":["https:\/\/www.puertaacorazada.es\/declaracion-de-accesibilidad\/"]}]},{"@type":"BreadcrumbList","@id":"https:\/\/www.puertaacorazada.es\/declaracion-de-accesibilidad\/#breadcrumb","itemListElement":[{"@type":"ListItem","position":1,"name":"Portada","item":"https:\/\/www.puertaacorazada.es\/"},{"@type":"ListItem","position":2,"name":"Declara\u00e7\u00e3o de acessibilidade"}]},{"@type":"WebSite","@id":"https:\/\/www.puertaacorazada.es\/#website","url":"https:\/\/www.puertaacorazada.es\/","name":"PuertaAcorazada.es","description":"Puertas acorazadas para la m\u00e1xima seguridad","publisher":{"@id":"https:\/\/www.puertaacorazada.es\/#organization"},"potentialAction":[{"@type":"SearchAction","target":{"@type":"EntryPoint","urlTemplate":"https:\/\/www.puertaacorazada.es\/?s={search_term_string}"},"query-input":{"@type":"PropertyValueSpecification","valueRequired":true,"valueName":"search_term_string"}}],"inLanguage":"pt-PT"},{"@type":"Organization","@id":"https:\/\/www.puertaacorazada.es\/#organization","name":"PuertaAcorazada.es","url":"https:\/\/www.puertaacorazada.es\/","logo":{"@type":"ImageObject","inLanguage":"pt-PT","@id":"https:\/\/www.puertaacorazada.es\/#\/schema\/logo\/image\/","url":"https:\/\/www.puertaacorazada.es\/wp-content\/uploads\/2024\/08\/cropped-favicon1.png","contentUrl":"https:\/\/www.puertaacorazada.es\/wp-content\/uploads\/2024\/08\/cropped-favicon1.png","width":512,"height":512,"caption":"PuertaAcorazada.es"},"image":{"@id":"https:\/\/www.puertaacorazada.es\/#\/schema\/logo\/image\/"}}]}},"_links":{"self":[{"href":"https:\/\/www.puertaacorazada.es\/pt-pt\/wp-json\/wp\/v2\/pages\/15037","targetHints":{"allow":["GET"]}}],"collection":[{"href":"https:\/\/www.puertaacorazada.es\/pt-pt\/wp-json\/wp\/v2\/pages"}],"about":[{"href":"https:\/\/www.puertaacorazada.es\/pt-pt\/wp-json\/wp\/v2\/types\/page"}],"author":[{"embeddable":true,"href":"https:\/\/www.puertaacorazada.es\/pt-pt\/wp-json\/wp\/v2\/users\/2"}],"replies":[{"embeddable":true,"href":"https:\/\/www.puertaacorazada.es\/pt-pt\/wp-json\/wp\/v2\/comments?post=15037"}],"version-history":[{"count":1,"href":"https:\/\/www.puertaacorazada.es\/pt-pt\/wp-json\/wp\/v2\/pages\/15037\/revisions"}],"predecessor-version":[{"id":15038,"href":"https:\/\/www.puertaacorazada.es\/pt-pt\/wp-json\/wp\/v2\/pages\/15037\/revisions\/15038"}],"wp:attachment":[{"href":"https:\/\/www.puertaacorazada.es\/pt-pt\/wp-json\/wp\/v2\/media?parent=15037"}],"curies":[{"name":"wp","href":"https:\/\/api.w.org\/{rel}","templated":true}]}}