{"id":15047,"date":"2023-07-18T21:23:52","date_gmt":"2023-07-18T19:23:52","guid":{"rendered":"https:\/\/www.puertaacorazada.es\/eletronica-idom\/"},"modified":"2024-09-23T18:09:40","modified_gmt":"2024-09-23T16:09:40","slug":"eletronica-idom","status":"publish","type":"page","link":"https:\/\/www.puertaacorazada.es\/pt-pt\/eletronica-idom\/","title":{"rendered":"Eletr\u00f4nica iDom"},"content":{"rendered":"\t\t<div data-elementor-type=\"wp-page\" data-elementor-id=\"15047\" class=\"elementor elementor-15047\">\n\t\t\t\t\t\t<section class=\"elementor-section elementor-top-section elementor-element elementor-element-392fc90 elementor-section-boxed elementor-section-height-default elementor-section-height-default\" data-id=\"392fc90\" data-element_type=\"section\">\n\t\t\t\t\t\t<div class=\"elementor-container elementor-column-gap-default\">\n\t\t\t\t\t<div class=\"elementor-column elementor-col-50 elementor-top-column elementor-element elementor-element-029d8a4\" data-id=\"029d8a4\" data-element_type=\"column\">\n\t\t\t<div class=\"elementor-widget-wrap elementor-element-populated\">\n\t\t\t\t\t\t<div class=\"elementor-element elementor-element-4e8a3b8 elementor-widget elementor-widget-image\" data-id=\"4e8a3b8\" data-element_type=\"widget\" data-widget_type=\"image.default\">\n\t\t\t\t<div class=\"elementor-widget-container\">\n\t\t\t\t\t\t\t\t\t\t\t\t\t\t\t<img fetchpriority=\"high\" decoding=\"async\" width=\"1120\" height=\"250\" src=\"https:\/\/www.puertaacorazada.es\/wp-content\/uploads\/2024\/08\/cabecera-idom-1.jpg\" class=\"attachment-full size-full wp-image-14849\" alt=\"\" srcset=\"https:\/\/www.puertaacorazada.es\/wp-content\/uploads\/2024\/08\/cabecera-idom-1.jpg 1120w, https:\/\/www.puertaacorazada.es\/wp-content\/uploads\/2024\/08\/cabecera-idom-1-300x67.jpg 300w, https:\/\/www.puertaacorazada.es\/wp-content\/uploads\/2024\/08\/cabecera-idom-1-1024x229.jpg 1024w, https:\/\/www.puertaacorazada.es\/wp-content\/uploads\/2024\/08\/cabecera-idom-1-768x171.jpg 768w, https:\/\/www.puertaacorazada.es\/wp-content\/uploads\/2024\/08\/cabecera-idom-1-600x134.jpg 600w\" sizes=\"(max-width: 1120px) 100vw, 1120px\" \/>\t\t\t\t\t\t\t\t\t\t\t\t\t\t\t<\/div>\n\t\t\t\t<\/div>\n\t\t\t\t<div class=\"elementor-element elementor-element-ce8578a elementor-widget elementor-widget-rs-heading\" data-id=\"ce8578a\" data-element_type=\"widget\" data-widget_type=\"rs-heading.default\">\n\t\t\t\t<div class=\"elementor-widget-container\">\n\t\t\t\t\t        <div class=\"rs-heading default  \">\r\n        \t<div class=\"title-inner\">\r\n        \t\t      \t\t\r\n\t            <h2 class=\"title\"><span class=\"watermark\"><\/span>O que h\u00e1 de mais moderno em tecnologia ao servi\u00e7o da sua seguran\u00e7a<\/h2>\t        <\/div>\r\n\t                <\/div>\r\n\r\n        \t\t\t\t<\/div>\n\t\t\t\t<\/div>\n\t\t\t\t<div class=\"elementor-element elementor-element-968cd17 elementor-widget elementor-widget-text-editor\" data-id=\"968cd17\" data-element_type=\"widget\" data-widget_type=\"text-editor.default\">\n\t\t\t\t<div class=\"elementor-widget-container\">\n\t\t\t\t\t\t\t\t\t<div class=\"fila\">\n<div class=\"col ancho-70\">\n<h4>Porta com fechadura eletr\u00f4nica<\/h4>\n<p><strong>A tecnologia mais avan\u00e7ada ao servi\u00e7o do mais alto n\u00edvel de seguran\u00e7a. <\/strong>A iDom garante um produto com a estrutura comprovada e confi\u00e1vel dos nossos sistemas blindados (\u00e9 id\u00eantico ao nosso Thor-20 Grau 3B, s\u00f3 que diferente na fechadura), aliado \u00e0 mais alta tecnologia e seguran\u00e7a que o mercado oferece.<\/p>\n<p>F\u00e1cil montagem, pois \u00e9 instalada da mesma forma que os demais modelos de portas blindadas. iDom oferece as seguintes vantagens: <\/p>\n<ul class=\"lista-puerta-detalle\">\n<li>Mant\u00e9m sempre a porta fechada, cada vez que a porta \u00e9 fechada, todos os parafusos da fechadura e os desviadores fecham automaticamente.<\/li>\n<li>Pode operar conectado \u00e0 rede el\u00e9trica e\/ou baterias (n\u00e3o afetado por quedas de energia). <strong>Por padr\u00e3o, salvo solicita\u00e7\u00e3o em contr\u00e1rio, \u00e9 fornecido apenas com a op\u00e7\u00e3o de bateria.<\/strong><\/li>\n<li>Diferentes possibilidades de manuseio e controle dependendo das op\u00e7\u00f5es e acess\u00f3rios escolhidos.<\/li>\n<li>Altere o c\u00f3digo de acesso quantas vezes forem necess\u00e1rias.<\/li>\n<\/ul>\n<p>Em suma, uma porta com uma combina\u00e7\u00e3o perfeita de tecnologia e design que garante a m\u00e1xima seguran\u00e7a com uma montagem e funcionalidade realmente simples.<\/p>\n<\/p><\/div>\n<div class=\"col ancho-30\">\n<div class=\"centrado destacado-gris\">\n<p>\n                  <strong>\u2013 COMPONENTES \u2013<\/strong>\n                <\/p>\n<\/p><\/div>\n<p>\n                <img decoding=\"async\" src=\"https:\/\/www.cabma.es\/wp-content\/uploads\/2024\/07\/Cerradura-electronica-Mottura-01.jpg\" alt=\"Bloqueio Mottura bNova\" width=\"184\" height=\"120\">\n              <\/p>\n<p>\n                <img decoding=\"async\" src=\"https:\/\/www.cabma.es\/wp-content\/uploads\/2024\/07\/Teclado-y-pulsador.jpg\" alt=\"Teclado y pulsador\" width=\"184\" height=\"120\">\n              <\/p>\n<p>\n                <img loading=\"lazy\" decoding=\"async\" src=\"https:\/\/www.cabma.es\/wp-content\/uploads\/2022\/06\/Portapilas-iDOM.jpg\" alt=\"suporte de bateria\" width=\"184\" height=\"120\">\n              <\/p>\n<\/p><\/div>\n<\/p><\/div>\n<div class=\"fila\">\n<div class=\"col ancho-70\">\n<h4> <\/h4>\n<h4>Fornecimento e opera\u00e7\u00e3o:<\/h4>\n<\/p><\/div>\n<\/p><\/div>\n<p>\n            <strong>A configura\u00e7\u00e3o b\u00e1sica ou de estoque do iDOM Smart inclui o seguinte:<\/strong>\n          <\/p>\n<ul>\n<li>Bloqueio Mottura bNova com bluetooth e desbloqueio r\u00e1pido.<\/li>\n<li>Bloqueio Mottura bNova com bluetooth e desbloqueio r\u00e1pido.<\/li>\n<li>Teclado exterior para abertura de c\u00f3digo, com Bluetooth (sem cablagem \u00e0 fechadura), que permite a sua coloca\u00e7\u00e3o fora da botoneira exterior (desde que esteja dentro do alcance do Bluetooth).<\/li>\n<li>Pulsador interior de apertura colocado en el panel interior y cableado directamente a la cerradura.<\/li>\n<li>Alimentado por bateria (suporte de bateria colocado na borda superior da folha da porta).<\/li>\n<\/ul>\n<p><strong>Opcionalmente<\/strong> pode ser solicitada alimenta\u00e7\u00e3o da rede el\u00e9trica, para a qual s\u00e3o necess\u00e1rios cabo de alimenta\u00e7\u00e3o, transformador e prensa-cabo.<\/p>\n<p><\/p>\n<div class=\"fila\">\n<div class=\"col\">\n<p>MEDIDAS (Consultar medidas especiais)<\/p>\n<table class=\"tabla-medidas\">\n<thead>\n<tr>\n<th>Etapa real dos padr\u00f5es de bloco<\/th>\n<th>total<\/th>\n<\/tr>\n<\/thead>\n<tbody>\n<tr>\n<td>\n<p>202 x 83 cm.<\/p>\n<\/td>\n<td>73 cm.<\/td>\n<\/tr>\n<tr>\n<td>\n<p class=\"px-textborder\">205 x 86 cm.<\/p>\n<\/td>\n<td>76 cm.<\/td>\n<\/tr>\n<tr>\n<td>\n<p class=\"px-textborder\">205 x 92 cm.<\/p>\n<\/td>\n<td>82 cm.<\/td>\n<\/tr>\n<tr>\n<td>\n<p class=\"px-textborder\">207 x 90 cm.<\/p>\n<\/td>\n<td>80 cm.<\/td>\n<\/tr>\n<\/tbody>\n<\/table><\/div>\n<\/p><\/div>\n\t\t\t\t\t\t\t\t<\/div>\n\t\t\t\t<\/div>\n\t\t\t\t<section class=\"elementor-section elementor-inner-section elementor-element elementor-element-6675ba4 elementor-section-boxed elementor-section-height-default elementor-section-height-default\" data-id=\"6675ba4\" data-element_type=\"section\">\n\t\t\t\t\t\t<div class=\"elementor-container elementor-column-gap-default\">\n\t\t\t\t\t<div class=\"elementor-column elementor-col-100 elementor-inner-column elementor-element elementor-element-0937f50\" data-id=\"0937f50\" data-element_type=\"column\">\n\t\t\t<div class=\"elementor-widget-wrap elementor-element-populated\">\n\t\t\t\t\t\t<div class=\"elementor-element elementor-element-40d6aaa elementor-widget elementor-widget-text-editor\" data-id=\"40d6aaa\" data-element_type=\"widget\" data-widget_type=\"text-editor.default\">\n\t\t\t\t<div class=\"elementor-widget-container\">\n\t\t\t\t\t\t\t\t\t<h3 class=\"encabezado-ficha\">Recursos e op\u00e7\u00f5es<\/h3>\n<p>O novo <strong>iDOM<\/strong> combina a seguran\u00e7a das nossas portas (design baseado no nosso THOR 20) com a mais avan\u00e7ada tecnologia, fechadura electr\u00f3nica:<\/p>\n<ul class=\"listado-flecha\">\n<li>Chapa anticorrosiva galvanizada.<\/li>\n<li>20 pontos de travamento, incluindo trava e anti-alavanca.<\/li>\n<li>3 dobradi\u00e7as de seguran\u00e7a com rolamentos, ajust\u00e1veis em 3D.<\/li>\n<li>Refor\u00e7o em chapa galvanizada em toda a fechadura.<\/li>\n<\/ul>\n<h1 class=\"destacado-gris2\">\n            <strong>SISTEMAS DE ABERTURA<\/strong><br \/>\n          <\/h1>\n<div class=\"listapr\">\n<div class=\"lista-imagen galeria-listapr\">\n              <a href=\"https:\/\/www.cabma.es\/wp-content\/uploads\/2024\/07\/Cerradura-electronica-Mottura-01.jpg\" rel=\"lightbox\"><br \/>\n                <img loading=\"lazy\" decoding=\"async\" class=\"alignleft\" src=\"https:\/\/www.cabma.es\/wp-content\/uploads\/2024\/07\/Cerradura-electronica-Mottura-01.jpg\" alt=\"Fechadura eletr\u00f4nica Mottura bNova\" width=\"80\" height=\"60\"><br \/>\n              <\/a>\n            <\/div>\n<div class=\"lista-detalle\">\n<p>Fechadura eletr\u00f3nica Mottura bNova com Bluetooth e desbloqueio r\u00e1pido, com certificado de seguran\u00e7a m\u00e1xima.<\/p>\n<\/p><\/div>\n<\/p><\/div>\n<div class=\"listapr\">\n<div class=\"lista-imagen galeria-listapr\">\n              <a href=\"https:\/\/www.cabma.es\/wp-content\/uploads\/2024\/07\/Teclado-y-pulsador.jpg\" rel=\"lightbox\"><br \/>\n                <img loading=\"lazy\" decoding=\"async\" class=\"alignleft\" src=\"https:\/\/www.cabma.es\/wp-content\/uploads\/2024\/07\/Teclado-y-pulsador.jpg\" alt=\"Sistemas de abertura e programa\u00e7\u00e3o\" width=\"80\" height=\"60\"><br \/>\n              <\/a>\n            <\/div>\n<div class=\"lista-detalle\">\n<p>Bot\u00e3o de abertura interior e teclado exterior Bluetooth para abertura por c\u00f3digo (outros sistemas de abertura opcionais).<\/p>\n<\/p><\/div>\n<\/p><\/div>\n<div class=\"listapr\">\n<div class=\"lista-imagen galeria-listapr\">\n              <a href=\"https:\/\/www.cabma.es\/wp-content\/uploads\/2022\/06\/Portapilas-iDOM.jpg\" rel=\"lightbox\"><br \/>\n                <img loading=\"lazy\" decoding=\"async\" class=\"alignleft\" src=\"https:\/\/www.cabma.es\/wp-content\/uploads\/2022\/06\/Portapilas-iDOM.jpg\" alt=\"Suporte de bateria\" width=\"80\" height=\"60\"><br \/>\n              <\/a>\n            <\/div>\n<div class=\"lista-detalle\">\n<p>Suporte de bateria (situado na borda superior da folha da porta).<\/p>\n<\/p><\/div>\n<\/p><\/div>\n<h1 class=\"destacado-naranja\">\n            <strong>OPCIONAL<\/strong><br \/>\n          <\/h1>\n<div class=\"detalles-opcionales\">\n<div class=\"detalle-contenedor\">\n<div class=\"detalle-fila\">\n<div class=\"detalle-celda detalle-mini\">\n                  <a href=\"https:\/\/www.cabma.es\/imagenes\/thor20plus\/10-thor-20-plus.jpg\" rel=\"lightbox\"><br \/>\n                    <img decoding=\"async\" class=\"alignleft\" src=\"https:\/\/www.cabma.es\/imagenes\/thor20plus\/10-thor-20-plus-mini.png\" alt=\"Detalhe\"><br \/>\n                  <\/a>\n                <\/div>\n<div class=\"detalle-celda detalle-texto\">Prote\u00e7\u00e3o anti-perfura\u00e7\u00e3o. Chapa de a\u00e7o mangan\u00eas, com flare, anti-extra\u00e7\u00e3o e anti-perfura\u00e7\u00e3o <\/div>\n<div> <\/div>\n<div> <\/div>\n<\/p><\/div>\n<\/p><\/div>\n<div class=\"detalle-contenedor\">\n<div class=\"detalle-fila\">\n<div class=\"detalle-celda detalle-mini\">\n                  <a href=\"https:\/\/www.cabma.es\/imagenes\/thor20plus\/11-thor-20-plus.jpg\" rel=\"lightbox\"><br \/>\n                    <img decoding=\"async\" class=\"alignleft\" src=\"https:\/\/www.cabma.es\/imagenes\/thor20plus\/11-thor-20-plus-mini.png\" alt=\"Detalhe\"><br \/>\n                  <\/a>\n                <\/div>\n<div class=\"detalle-celda detalle-texto\">L\u00e3 de rocha. Isolamento termoac\u00fastico no interior da porta <\/div>\n<\/p><\/div>\n<\/p><\/div>\n<\/p><\/div>\n<div> <\/div>\n<div> <\/div>\n<div> <\/div>\n<div class=\"detalles-opcionales\">\n<div class=\"detalle-contenedor\">\n<div class=\"detalle-fila\">\n<div class=\"detalle-celda detalle-mini\">\n                  <a href=\"https:\/\/www.cabma.es\/imagenes\/thor20plus\/12-thor-20-plus.jpg\" rel=\"lightbox\"><br \/>\n                    <img decoding=\"async\" class=\"alignleft\" src=\"https:\/\/www.cabma.es\/imagenes\/thor20plus\/12-thor-20-plus-mini.png\" alt=\"Detalhe\"><br \/>\n                  <\/a>\n                <\/div>\n<div class=\"detalle-celda detalle-texto\">Mini tampa. Placa de acabamento de piso<\/div>\n<\/p><\/div>\n<\/p><\/div>\n<\/p><\/div>\n<div> <\/div>\n<div> <\/div>\n<div> <\/div>\n<div class=\"detalles-opcionales\">\n<div class=\"detalle-contenedor\">\n<div class=\"detalle-fila\">\n<div class=\"detalle-celda detalle-mini\">\n                  <a href=\"https:\/\/www.cabma.es\/imagenes\/thor20plus\/13-thor-20-plus.jpg\" rel=\"lightbox\"><br \/>\n                    <img decoding=\"async\" class=\"alignleft\" src=\"https:\/\/www.cabma.es\/imagenes\/thor20plus\/13-thor-20-plus-mini.png\" alt=\"Detalhe\"><br \/>\n                  <\/a>\n                <\/div>\n<div class=\"detalle-celda detalle-texto\">Tampa larga. Placa de acabamento de piso <\/div>\n<\/p><\/div>\n<\/p><\/div>\n<\/p><\/div>\n\t\t\t\t\t\t\t\t<\/div>\n\t\t\t\t<\/div>\n\t\t\t\t\t<\/div>\n\t\t<\/div>\n\t\t\t\t\t<\/div>\n\t\t<\/section>\n\t\t\t\t\t<\/div>\n\t\t<\/div>\n\t\t\t\t<div class=\"elementor-column elementor-col-50 elementor-top-column elementor-element elementor-element-3ff916e bs-sidebar dynamic-sidebar\" data-id=\"3ff916e\" data-element_type=\"column\">\n\t\t\t<div class=\"elementor-widget-wrap elementor-element-populated\">\n\t\t\t\t\t\t<section class=\"elementor-section elementor-inner-section elementor-element elementor-element-56a3244 elementor-section-boxed elementor-section-height-default elementor-section-height-default\" data-id=\"56a3244\" data-element_type=\"section\">\n\t\t\t\t\t\t<div class=\"elementor-container elementor-column-gap-default\">\n\t\t\t\t\t<div class=\"elementor-column elementor-col-100 elementor-inner-column elementor-element elementor-element-882000f\" data-id=\"882000f\" data-element_type=\"column\" data-settings=\"{&quot;background_background&quot;:&quot;classic&quot;}\">\n\t\t\t<div class=\"elementor-widget-wrap elementor-element-populated\">\n\t\t\t\t\t\t<div class=\"elementor-element elementor-element-4c43fef phones elementor-widget elementor-widget-rs-contact-box\" data-id=\"4c43fef\" data-element_type=\"widget\" data-widget_type=\"rs-contact-box.default\">\n\t\t\t\t<div class=\"elementor-widget-container\">\n\t\t\t\t\t\t\t\r\n\r\n\t\t<!-- Style 1 Start -->\r\n\t\t<div class=\"rs-contact-box\">\r\n\r\n\t\t\t\t\t\t<div class=\"address-item vertical boxstyle1\">\r\n\r\n\t\t\t\t\t\t\t            <div class=\"address-icon\">\r\n\t\t            \t\t\t            \t\t<i class=\"fa fa-phone\"><\/i>\r\n\t\t            \t\t\t            <\/div>\r\n\t\t            \r\n\t\t            <div class=\"address-text\">\r\n\t\t            \t\r\n\r\n\t\t            \t\r\n\r\n\t\t            \t\t\t            <\/div>\r\n\t\t        <\/div>\r\n\t\t\t\t\t<\/div>\r\n\r\n\t<!-- Style 1 End -->\t\r\n\t\t\r\n\t\t\t\t\t<\/div>\n\t\t\t\t<\/div>\n\t\t\t\t<div class=\"elementor-element elementor-element-2e6096d elementor-widget elementor-widget-heading\" data-id=\"2e6096d\" data-element_type=\"widget\" data-widget_type=\"heading.default\">\n\t\t\t\t<div class=\"elementor-widget-container\">\n\t\t\t\t\t<h2 class=\"elementor-heading-title elementor-size-default\">Voc\u00ea tem alguma d\u00favida? Ligue para n\u00f3s <\/h2>\t\t\t\t<\/div>\n\t\t\t\t<\/div>\n\t\t\t\t<div class=\"elementor-element elementor-element-48a6d4f elementor-widget elementor-widget-heading\" data-id=\"48a6d4f\" data-element_type=\"widget\" data-widget_type=\"heading.default\">\n\t\t\t\t<div class=\"elementor-widget-container\">\n\t\t\t\t\t<h2 class=\"elementor-heading-title elementor-size-default\">(+34) 924 916 278<\/h2>\t\t\t\t<\/div>\n\t\t\t\t<\/div>\n\t\t\t\t\t<\/div>\n\t\t<\/div>\n\t\t\t\t\t<\/div>\n\t\t<\/section>\n\t\t\t\t\t<\/div>\n\t\t<\/div>\n\t\t\t\t\t<\/div>\n\t\t<\/section>\n\t\t\t\t<\/div>\n\t\t","protected":false},"excerpt":{"rendered":"<p>O que h\u00e1 de mais moderno em tecnologia ao servi\u00e7o da sua seguran\u00e7a Porta com fechadura eletr\u00f4nica A tecnologia mais avan\u00e7ada ao servi\u00e7o do mais alto n\u00edvel de seguran\u00e7a. A iDom garante um produto com a estrutura comprovada e confi\u00e1vel dos nossos sistemas blindados (\u00e9 id\u00eantico ao nosso Thor-20 Grau 3B, s\u00f3 que diferente na&#8230;<\/p>\n","protected":false},"author":1,"featured_media":0,"parent":0,"menu_order":0,"comment_status":"closed","ping_status":"closed","template":"","meta":{"footnotes":""},"class_list":["post-15047","page","type-page","status-publish","hentry"],"yoast_head":"<!-- This site is optimized with the Yoast SEO plugin v25.0 - https:\/\/yoast.com\/wordpress\/plugins\/seo\/ -->\n<title>Eletr\u00f4nica iDom - PuertaAcorazada.es<\/title>\n<meta name=\"robots\" content=\"index, follow, max-snippet:-1, max-image-preview:large, max-video-preview:-1\" \/>\n<link rel=\"canonical\" href=\"https:\/\/www.puertaacorazada.es\/puertas-acorazadas\/idom-electronica\/\" \/>\n<meta property=\"og:locale\" content=\"pt_PT\" \/>\n<meta property=\"og:type\" content=\"article\" \/>\n<meta property=\"og:title\" content=\"Eletr\u00f4nica iDom - PuertaAcorazada.es\" \/>\n<meta property=\"og:description\" content=\"O que h\u00e1 de mais moderno em tecnologia ao servi\u00e7o da sua seguran\u00e7a Porta com fechadura eletr\u00f4nica A tecnologia mais avan\u00e7ada ao servi\u00e7o do mais alto n\u00edvel de seguran\u00e7a. A iDom garante um produto com a estrutura comprovada e confi\u00e1vel dos nossos sistemas blindados (\u00e9 id\u00eantico ao nosso Thor-20 Grau 3B, s\u00f3 que diferente na...\" \/>\n<meta property=\"og:url\" content=\"https:\/\/www.puertaacorazada.es\/puertas-acorazadas\/idom-electronica\/\" \/>\n<meta property=\"og:site_name\" content=\"PuertaAcorazada.es\" \/>\n<meta property=\"article:modified_time\" content=\"2024-09-23T16:09:40+00:00\" \/>\n<meta property=\"og:image\" content=\"https:\/\/www.puertaacorazada.es\/wp-content\/uploads\/2024\/08\/cabecera-idom-1.jpg\" \/>\n\t<meta property=\"og:image:width\" content=\"1120\" \/>\n\t<meta property=\"og:image:height\" content=\"250\" \/>\n\t<meta property=\"og:image:type\" content=\"image\/jpeg\" \/>\n<meta name=\"twitter:card\" content=\"summary_large_image\" \/>\n<meta name=\"twitter:label1\" content=\"Tempo estimado de leitura\" \/>\n\t<meta name=\"twitter:data1\" content=\"3 minutos\" \/>\n<script type=\"application\/ld+json\" class=\"yoast-schema-graph\">{\"@context\":\"https:\/\/schema.org\",\"@graph\":[{\"@type\":\"WebPage\",\"@id\":\"https:\/\/www.puertaacorazada.es\/puertas-acorazadas\/idom-electronica\/\",\"url\":\"https:\/\/www.puertaacorazada.es\/puertas-acorazadas\/idom-electronica\/\",\"name\":\"Eletr\u00f4nica iDom - PuertaAcorazada.es\",\"isPartOf\":{\"@id\":\"https:\/\/www.puertaacorazada.es\/#website\"},\"primaryImageOfPage\":{\"@id\":\"https:\/\/www.puertaacorazada.es\/puertas-acorazadas\/idom-electronica\/#primaryimage\"},\"image\":{\"@id\":\"https:\/\/www.puertaacorazada.es\/puertas-acorazadas\/idom-electronica\/#primaryimage\"},\"thumbnailUrl\":\"https:\/\/www.puertaacorazada.es\/wp-content\/uploads\/2024\/08\/cabecera-idom-1.jpg\",\"datePublished\":\"2023-07-18T19:23:52+00:00\",\"dateModified\":\"2024-09-23T16:09:40+00:00\",\"breadcrumb\":{\"@id\":\"https:\/\/www.puertaacorazada.es\/puertas-acorazadas\/idom-electronica\/#breadcrumb\"},\"inLanguage\":\"pt-PT\",\"potentialAction\":[{\"@type\":\"ReadAction\",\"target\":[\"https:\/\/www.puertaacorazada.es\/puertas-acorazadas\/idom-electronica\/\"]}]},{\"@type\":\"ImageObject\",\"inLanguage\":\"pt-PT\",\"@id\":\"https:\/\/www.puertaacorazada.es\/puertas-acorazadas\/idom-electronica\/#primaryimage\",\"url\":\"https:\/\/www.puertaacorazada.es\/wp-content\/uploads\/2024\/08\/cabecera-idom-1.jpg\",\"contentUrl\":\"https:\/\/www.puertaacorazada.es\/wp-content\/uploads\/2024\/08\/cabecera-idom-1.jpg\"},{\"@type\":\"BreadcrumbList\",\"@id\":\"https:\/\/www.puertaacorazada.es\/puertas-acorazadas\/idom-electronica\/#breadcrumb\",\"itemListElement\":[{\"@type\":\"ListItem\",\"position\":1,\"name\":\"Portada\",\"item\":\"https:\/\/www.puertaacorazada.es\/\"},{\"@type\":\"ListItem\",\"position\":2,\"name\":\"Eletr\u00f4nica iDom\"}]},{\"@type\":\"WebSite\",\"@id\":\"https:\/\/www.puertaacorazada.es\/#website\",\"url\":\"https:\/\/www.puertaacorazada.es\/\",\"name\":\"PuertaAcorazada.es\",\"description\":\"Puertas acorazadas para la m\u00e1xima seguridad\",\"publisher\":{\"@id\":\"https:\/\/www.puertaacorazada.es\/#organization\"},\"potentialAction\":[{\"@type\":\"SearchAction\",\"target\":{\"@type\":\"EntryPoint\",\"urlTemplate\":\"https:\/\/www.puertaacorazada.es\/?s={search_term_string}\"},\"query-input\":{\"@type\":\"PropertyValueSpecification\",\"valueRequired\":true,\"valueName\":\"search_term_string\"}}],\"inLanguage\":\"pt-PT\"},{\"@type\":\"Organization\",\"@id\":\"https:\/\/www.puertaacorazada.es\/#organization\",\"name\":\"PuertaAcorazada.es\",\"url\":\"https:\/\/www.puertaacorazada.es\/\",\"logo\":{\"@type\":\"ImageObject\",\"inLanguage\":\"pt-PT\",\"@id\":\"https:\/\/www.puertaacorazada.es\/#\/schema\/logo\/image\/\",\"url\":\"https:\/\/www.puertaacorazada.es\/wp-content\/uploads\/2024\/08\/cropped-favicon1.png\",\"contentUrl\":\"https:\/\/www.puertaacorazada.es\/wp-content\/uploads\/2024\/08\/cropped-favicon1.png\",\"width\":512,\"height\":512,\"caption\":\"PuertaAcorazada.es\"},\"image\":{\"@id\":\"https:\/\/www.puertaacorazada.es\/#\/schema\/logo\/image\/\"}}]}<\/script>\n<!-- \/ Yoast SEO plugin. -->","yoast_head_json":{"title":"Eletr\u00f4nica iDom - PuertaAcorazada.es","robots":{"index":"index","follow":"follow","max-snippet":"max-snippet:-1","max-image-preview":"max-image-preview:large","max-video-preview":"max-video-preview:-1"},"canonical":"https:\/\/www.puertaacorazada.es\/puertas-acorazadas\/idom-electronica\/","og_locale":"pt_PT","og_type":"article","og_title":"Eletr\u00f4nica iDom - PuertaAcorazada.es","og_description":"O que h\u00e1 de mais moderno em tecnologia ao servi\u00e7o da sua seguran\u00e7a Porta com fechadura eletr\u00f4nica A tecnologia mais avan\u00e7ada ao servi\u00e7o do mais alto n\u00edvel de seguran\u00e7a. A iDom garante um produto com a estrutura comprovada e confi\u00e1vel dos nossos sistemas blindados (\u00e9 id\u00eantico ao nosso Thor-20 Grau 3B, s\u00f3 que diferente na...","og_url":"https:\/\/www.puertaacorazada.es\/puertas-acorazadas\/idom-electronica\/","og_site_name":"PuertaAcorazada.es","article_modified_time":"2024-09-23T16:09:40+00:00","og_image":[{"width":1120,"height":250,"url":"https:\/\/www.puertaacorazada.es\/wp-content\/uploads\/2024\/08\/cabecera-idom-1.jpg","type":"image\/jpeg"}],"twitter_card":"summary_large_image","twitter_misc":{"Tempo estimado de leitura":"3 minutos"},"schema":{"@context":"https:\/\/schema.org","@graph":[{"@type":"WebPage","@id":"https:\/\/www.puertaacorazada.es\/puertas-acorazadas\/idom-electronica\/","url":"https:\/\/www.puertaacorazada.es\/puertas-acorazadas\/idom-electronica\/","name":"Eletr\u00f4nica iDom - PuertaAcorazada.es","isPartOf":{"@id":"https:\/\/www.puertaacorazada.es\/#website"},"primaryImageOfPage":{"@id":"https:\/\/www.puertaacorazada.es\/puertas-acorazadas\/idom-electronica\/#primaryimage"},"image":{"@id":"https:\/\/www.puertaacorazada.es\/puertas-acorazadas\/idom-electronica\/#primaryimage"},"thumbnailUrl":"https:\/\/www.puertaacorazada.es\/wp-content\/uploads\/2024\/08\/cabecera-idom-1.jpg","datePublished":"2023-07-18T19:23:52+00:00","dateModified":"2024-09-23T16:09:40+00:00","breadcrumb":{"@id":"https:\/\/www.puertaacorazada.es\/puertas-acorazadas\/idom-electronica\/#breadcrumb"},"inLanguage":"pt-PT","potentialAction":[{"@type":"ReadAction","target":["https:\/\/www.puertaacorazada.es\/puertas-acorazadas\/idom-electronica\/"]}]},{"@type":"ImageObject","inLanguage":"pt-PT","@id":"https:\/\/www.puertaacorazada.es\/puertas-acorazadas\/idom-electronica\/#primaryimage","url":"https:\/\/www.puertaacorazada.es\/wp-content\/uploads\/2024\/08\/cabecera-idom-1.jpg","contentUrl":"https:\/\/www.puertaacorazada.es\/wp-content\/uploads\/2024\/08\/cabecera-idom-1.jpg"},{"@type":"BreadcrumbList","@id":"https:\/\/www.puertaacorazada.es\/puertas-acorazadas\/idom-electronica\/#breadcrumb","itemListElement":[{"@type":"ListItem","position":1,"name":"Portada","item":"https:\/\/www.puertaacorazada.es\/"},{"@type":"ListItem","position":2,"name":"Eletr\u00f4nica iDom"}]},{"@type":"WebSite","@id":"https:\/\/www.puertaacorazada.es\/#website","url":"https:\/\/www.puertaacorazada.es\/","name":"PuertaAcorazada.es","description":"Puertas acorazadas para la m\u00e1xima seguridad","publisher":{"@id":"https:\/\/www.puertaacorazada.es\/#organization"},"potentialAction":[{"@type":"SearchAction","target":{"@type":"EntryPoint","urlTemplate":"https:\/\/www.puertaacorazada.es\/?s={search_term_string}"},"query-input":{"@type":"PropertyValueSpecification","valueRequired":true,"valueName":"search_term_string"}}],"inLanguage":"pt-PT"},{"@type":"Organization","@id":"https:\/\/www.puertaacorazada.es\/#organization","name":"PuertaAcorazada.es","url":"https:\/\/www.puertaacorazada.es\/","logo":{"@type":"ImageObject","inLanguage":"pt-PT","@id":"https:\/\/www.puertaacorazada.es\/#\/schema\/logo\/image\/","url":"https:\/\/www.puertaacorazada.es\/wp-content\/uploads\/2024\/08\/cropped-favicon1.png","contentUrl":"https:\/\/www.puertaacorazada.es\/wp-content\/uploads\/2024\/08\/cropped-favicon1.png","width":512,"height":512,"caption":"PuertaAcorazada.es"},"image":{"@id":"https:\/\/www.puertaacorazada.es\/#\/schema\/logo\/image\/"}}]}},"_links":{"self":[{"href":"https:\/\/www.puertaacorazada.es\/pt-pt\/wp-json\/wp\/v2\/pages\/15047","targetHints":{"allow":["GET"]}}],"collection":[{"href":"https:\/\/www.puertaacorazada.es\/pt-pt\/wp-json\/wp\/v2\/pages"}],"about":[{"href":"https:\/\/www.puertaacorazada.es\/pt-pt\/wp-json\/wp\/v2\/types\/page"}],"author":[{"embeddable":true,"href":"https:\/\/www.puertaacorazada.es\/pt-pt\/wp-json\/wp\/v2\/users\/1"}],"replies":[{"embeddable":true,"href":"https:\/\/www.puertaacorazada.es\/pt-pt\/wp-json\/wp\/v2\/comments?post=15047"}],"version-history":[{"count":1,"href":"https:\/\/www.puertaacorazada.es\/pt-pt\/wp-json\/wp\/v2\/pages\/15047\/revisions"}],"predecessor-version":[{"id":15048,"href":"https:\/\/www.puertaacorazada.es\/pt-pt\/wp-json\/wp\/v2\/pages\/15047\/revisions\/15048"}],"wp:attachment":[{"href":"https:\/\/www.puertaacorazada.es\/pt-pt\/wp-json\/wp\/v2\/media?parent=15047"}],"curies":[{"name":"wp","href":"https:\/\/api.w.org\/{rel}","templated":true}]}}