{"id":15053,"date":"2023-07-18T21:14:18","date_gmt":"2023-07-18T19:14:18","guid":{"rendered":"https:\/\/www.puertaacorazada.es\/portas-premium-3c\/"},"modified":"2024-09-23T18:25:12","modified_gmt":"2024-09-23T16:25:12","slug":"portas-premium-3c","status":"publish","type":"page","link":"https:\/\/www.puertaacorazada.es\/pt-pt\/portas-premium-3c\/","title":{"rendered":"Portas premium 3C"},"content":{"rendered":"\t\t<div data-elementor-type=\"wp-page\" data-elementor-id=\"15053\" class=\"elementor elementor-15053\">\n\t\t\t\t\t\t<section class=\"elementor-section elementor-top-section elementor-element elementor-element-4ff8c5f0 elementor-section-boxed elementor-section-height-default elementor-section-height-default\" data-id=\"4ff8c5f0\" data-element_type=\"section\">\n\t\t\t\t\t\t<div class=\"elementor-container elementor-column-gap-default\">\n\t\t\t\t\t<div class=\"elementor-column elementor-col-50 elementor-top-column elementor-element elementor-element-1907e82b\" data-id=\"1907e82b\" data-element_type=\"column\">\n\t\t\t<div class=\"elementor-widget-wrap elementor-element-populated\">\n\t\t\t\t\t\t<div class=\"elementor-element elementor-element-2d2625a7 elementor-widget elementor-widget-image\" data-id=\"2d2625a7\" data-element_type=\"widget\" data-widget_type=\"image.default\">\n\t\t\t\t<div class=\"elementor-widget-container\">\n\t\t\t\t\t\t\t\t\t\t\t\t\t\t\t<img fetchpriority=\"high\" decoding=\"async\" width=\"1120\" height=\"250\" src=\"https:\/\/www.puertaacorazada.es\/wp-content\/uploads\/2024\/08\/cabecera-premium3c.jpg\" class=\"attachment-full size-full wp-image-14826\" alt=\"\" srcset=\"https:\/\/www.puertaacorazada.es\/wp-content\/uploads\/2024\/08\/cabecera-premium3c.jpg 1120w, https:\/\/www.puertaacorazada.es\/wp-content\/uploads\/2024\/08\/cabecera-premium3c-300x67.jpg 300w, https:\/\/www.puertaacorazada.es\/wp-content\/uploads\/2024\/08\/cabecera-premium3c-1024x229.jpg 1024w, https:\/\/www.puertaacorazada.es\/wp-content\/uploads\/2024\/08\/cabecera-premium3c-768x171.jpg 768w, https:\/\/www.puertaacorazada.es\/wp-content\/uploads\/2024\/08\/cabecera-premium3c-600x134.jpg 600w\" sizes=\"(max-width: 1120px) 100vw, 1120px\" \/>\t\t\t\t\t\t\t\t\t\t\t\t\t\t\t<\/div>\n\t\t\t\t<\/div>\n\t\t\t\t<div class=\"elementor-element elementor-element-79729cd elementor-widget elementor-widget-rs-heading\" data-id=\"79729cd\" data-element_type=\"widget\" data-widget_type=\"rs-heading.default\">\n\t\t\t\t<div class=\"elementor-widget-container\">\n\t\t\t\t\t        <div class=\"rs-heading default  \">\r\n        \t<div class=\"title-inner\">\r\n        \t\t      \t\t\r\n\t            <span class=\"sub-text \">Premium 3C n\u00e3o \u00e9 apenas uma porta, \u00e9 tranquilidade para voc\u00ea e para os seus.<\/span><h2 class=\"title\"><span class=\"watermark\"><\/span>A \u00fanica porta 3C do mercado<\/h2>\t        <\/div>\r\n\t                <\/div>\r\n\r\n        \t\t\t\t<\/div>\n\t\t\t\t<\/div>\n\t\t\t\t<div class=\"elementor-element elementor-element-7553adc7 elementor-widget elementor-widget-text-editor\" data-id=\"7553adc7\" data-element_type=\"widget\" data-widget_type=\"text-editor.default\">\n\t\t\t\t<div class=\"elementor-widget-container\">\n\t\t\t\t\t\t\t\t\t<h3 class=\"encabezado-ficha\">Recursos e op\u00e7\u00f5es<\/h3>\n<p><strong>A Premium 3C<\/strong> \u00e9 a porta de seguran\u00e7a mais adequada para clientes que valorizam a resist\u00eancia,<br \/>aprova\u00e7\u00e3o e pre\u00e7o justo.<\/p>\n<p>Combinamos o Grau Europeu 3 do regulamento UNE \u2013 EN 1627-2011, com a norma complementar espanhola 85160:2017, tendo em conta que a obten\u00e7\u00e3o destes dois graus \u00e9 a partir do ano 2020, o que significa que as provas foram mais exigente, como diz a regra.<\/p>\n<ul class=\"listado-flecha\">\n<li>Estrutura tubular em chapa galvanizada, refor\u00e7ada no interior e com calafetagem incorporada.<\/li>\n<li>Dobradi\u00e7as fixando refor\u00e7o de costela<\/li>\n<li>Burlete<\/li>\n<li>Refor\u00e7os anti-intrus\u00e3o<\/li>\n<li>Chapa galvanizada anticorrosiva<\/li>\n<li>Patilhas<\/li>\n<li>Isolante<\/li>\n<\/ul>\n\t\t\t\t\t\t\t\t<\/div>\n\t\t\t\t<\/div>\n\t\t\t\t<section class=\"elementor-section elementor-inner-section elementor-element elementor-element-5a03c105 elementor-section-boxed elementor-section-height-default elementor-section-height-default\" data-id=\"5a03c105\" data-element_type=\"section\">\n\t\t\t\t\t\t<div class=\"elementor-container elementor-column-gap-default\">\n\t\t\t\t\t<div class=\"elementor-column elementor-col-100 elementor-inner-column elementor-element elementor-element-52f8baac\" data-id=\"52f8baac\" data-element_type=\"column\">\n\t\t\t<div class=\"elementor-widget-wrap elementor-element-populated\">\n\t\t\t\t\t\t<div class=\"elementor-element elementor-element-46dc815e elementor-widget elementor-widget-text-editor\" data-id=\"46dc815e\" data-element_type=\"widget\" data-widget_type=\"text-editor.default\">\n\t\t\t\t<div class=\"elementor-widget-container\">\n\t\t\t\t\t\t\t\t\t<h1 class=\"subtitulo-ficha\">Componentes<\/h1>\n<div class=\"detalle-contenedor\">\n<div class=\"detalle-fila\">\n<div class=\"detalle-celda detalle-mini\">\n                <a href=\"https:\/\/www.cabma.es\/imagenes\/premium3c\/01-premium-3c.jpg\" rel=\"lightbox\"><br \/>\n                  <img decoding=\"async\" class=\"alignleft\" src=\"https:\/\/www.cabma.es\/imagenes\/premium3c\/01-premium-3c-mini.png\" alt=\"Detalhe\"><br \/>\n                <\/a>\n              <\/div>\n<div class=\"detalle-celda detalle-texto detalle-texto-first\">Classificado com grau 7 e equipado com trava de seguran\u00e7a, \u00e9 fabricado com parafusos de a\u00e7o e anti-recuo. Fechadura com trava de seguran\u00e7a <\/div>\n<\/p><\/div>\n<\/p><\/div>\n<div> <\/div>\n<div> <\/div>\n<div class=\"detalle-contenedor\">\n<div class=\"detalle-fila\">\n<div class=\"detalle-celda detalle-mini\">\n                <a href=\"https:\/\/www.cabma.es\/imagenes\/premium3c\/02-premium-3c.jpg\" rel=\"lightbox\"><br \/>\n                  <img decoding=\"async\" class=\"alignleft\" src=\"https:\/\/www.cabma.es\/imagenes\/premium3c\/02-premium-3c-mini.png\" alt=\"Detalhe\"><br \/>\n                <\/a>\n              <\/div>\n<div class=\"detalle-celda detalle-texto\">Fechadura de cilindro duplo com fechadura de seguran\u00e7a<span class=\"detalle-texto-opcional\">.<\/span><\/div>\n<\/p><\/div>\n<\/p><\/div>\n<div> <\/div>\n<div> <\/div>\n<div> <\/div>\n<div> <\/div>\n<div class=\"detalle-contenedor\">\n<div class=\"detalle-fila\">\n<div class=\"detalle-celda detalle-mini\">\n                <a href=\"https:\/\/www.cabma.es\/imagenes\/premium3c\/03-premium-3c.jpg\" rel=\"lightbox\"><br \/>\n                  <img decoding=\"async\" class=\"alignleft\" src=\"https:\/\/www.cabma.es\/imagenes\/premium3c\/03-premium-3c-mini.png\" alt=\"Detalhe\"><br \/>\n                <\/a>\n              <\/div>\n<div class=\"detalle-celda detalle-texto\">Folha de mangan\u00eas. Revestimento essencial para a fechadura, pois evita que a blindagem se rasgue e protege-a contra perfura\u00e7\u00f5es. <\/div>\n<\/p><\/div>\n<\/p><\/div>\n<div> <\/div>\n<div> <\/div>\n<div> <\/div>\n<div class=\"detalle-contenedor\">\n<div class=\"detalle-fila\">\n<div class=\"detalle-celda detalle-mini\">\n                <a href=\"https:\/\/www.cabma.es\/imagenes\/premium3c\/04-premium-3c.jpg\" rel=\"lightbox\"><br \/>\n                  <img decoding=\"async\" class=\"alignleft\" src=\"https:\/\/www.cabma.es\/imagenes\/premium3c\/04-premium-3c-mini.png\" alt=\"Detalhe\"><br \/>\n                <\/a>\n              <\/div>\n<div class=\"detalle-celda detalle-texto\">Escudo. Fabricaci\u00f3n propia de acero F-522 y 62 Rockwell (HRC) de dureza. <\/div>\n<\/p><\/div>\n<\/p><\/div>\n<div> <\/div>\n<div> <\/div>\n<div> <\/div>\n<div class=\"detalle-contenedor\">\n<div class=\"detalle-fila\">\n<div class=\"detalle-celda detalle-mini\">\n                <a href=\"https:\/\/www.cabma.es\/imagenes\/premium3c\/05-premium-3c.jpg\" rel=\"lightbox\"><br \/>\n                  <img decoding=\"async\" class=\"alignleft\" src=\"https:\/\/www.cabma.es\/imagenes\/premium3c\/05-premium-3c-mini.png\" alt=\"Detalhe\"><br \/>\n                <\/a>\n              <\/div>\n<div class=\"detalle-celda detalle-texto\">L\u00e2mpada el\u00e9trica. Para uma porta realizada com tecnologia inovadora escolhemos a l\u00e2mpada master KESO 8000. <\/div>\n<\/p><\/div>\n<\/p><\/div>\n<div> <\/div>\n<div> <\/div>\n<div> <\/div>\n<div class=\"detalle-contenedor\">\n<div class=\"detalle-fila\">\n<div class=\"detalle-celda detalle-mini\">\n                <a href=\"https:\/\/www.cabma.es\/wp-content\/uploads\/2022\/02\/Thor-20-Plus-grado-4-bisagra-regulable-3D_Medio.jpg\" rel=\"lightbox\"><br \/>\n                  <img decoding=\"async\" class=\"alignleft\" src=\"https:\/\/www.cabma.es\/wp-content\/uploads\/2022\/02\/Thor-20-Plus-grado-4-bisagra-regulable-3D_Medio.jpg\" alt=\"Detalhe\" width=\"85\" height=\"114\"><br \/>\n                <\/a>\n              <\/div>\n<div class=\"detalle-celda detalle-texto\">Dobradi\u00e7as. 3 dobradi\u00e7as em a\u00e7o tratado, com rolamentos e ajust\u00e1veis em 3D. <\/div>\n<\/p><\/div>\n<\/p><\/div>\n<div> <\/div>\n<div> <\/div>\n<div> <\/div>\n<div> <\/div>\n<div> <\/div>\n<div class=\"detalle-contenedor\">\n<div class=\"detalle-fila\">\n<div class=\"detalle-celda detalle-mini\">\n                <a href=\"https:\/\/www.cabma.es\/wp-content\/uploads\/2022\/02\/Thor-20-Plus-grado-4-antipalancas_Medio.jpg\" rel=\"lightbox\"><br \/>\n                  <img decoding=\"async\" class=\"alignleft\" src=\"https:\/\/www.cabma.es\/wp-content\/uploads\/2022\/02\/Thor-20-Plus-grado-4-antipalancas_Medio.jpg\" alt=\"Detalhe\" width=\"81\" height=\"108\"><br \/>\n                <\/a>\n              <\/div>\n<div class=\"detalle-celda detalle-texto\">Anti-alavancas. As dobradi\u00e7as s\u00e3o acompanhadas por 8 anti-alavancas para refor\u00e7ar ainda mais um sistema de seguran\u00e7a m\u00e1xima <\/div>\n<\/p><\/div>\n<\/p><\/div>\n<div> <\/div>\n<div> <\/div>\n<div> <\/div>\n<div> <\/div>\n<div class=\"detalle-contenedor\">\n<div class=\"detalle-fila\">\n<div class=\"detalle-celda detalle-mini\">\n                <a href=\"https:\/\/www.cabma.es\/wp-content\/uploads\/2022\/07\/Desviadores-antiretroceso.jpg\" rel=\"lightbox\"><br \/>\n                  <img loading=\"lazy\" decoding=\"async\" class=\"alignleft\" src=\"https:\/\/www.cabma.es\/wp-content\/uploads\/2022\/07\/Desviadores-antiretroceso.jpg\" alt=\"Detalhe\" width=\"89\" height=\"106\"><br \/>\n                <\/a>\n              <\/div>\n<div class=\"detalle-celda detalle-texto\">4 desviadores com dois parafusos cada (8 pontos de fechamento adicionais) com sistema de travamento anti-reverso.<\/div>\n<\/p><\/div>\n<\/p><\/div>\n<div> <\/div>\n<div> <\/div>\n<div> <\/div>\n<div> <\/div>\n<div class=\"detalle-contenedor\">\n<div class=\"detalle-fila\">\n<div class=\"detalle-celda detalle-mini\">\n                <a href=\"https:\/\/www.cabma.es\/wp-content\/uploads\/2022\/02\/Thor-20-Plus-grado-4-regulador-resbalon_Medio.jpg\" rel=\"lightbox\"><br \/>\n                  <img loading=\"lazy\" decoding=\"async\" class=\"alignleft\" src=\"https:\/\/www.cabma.es\/wp-content\/uploads\/2022\/02\/Thor-20-Plus-grado-4-regulador-resbalon_Medio.jpg\" alt=\"Detalhe\" width=\"92\" height=\"123\"><br \/>\n                <\/a>\n              <\/div>\n<div class=\"detalle-celda detalle-texto\">regulador de deslizamento<\/div>\n<\/p><\/div>\n<\/p><\/div>\n<div> <\/div>\n<div> <\/div>\n<div> <\/div>\n<div> <\/div>\n<div> <\/div>\n<div class=\"detalle-contenedor\">\n<div class=\"detalle-fila\">\n<div class=\"detalle-celda detalle-mini\">\n                <a href=\"https:\/\/www.cabma.es\/imagenes\/premium3c\/10-premium-3c.jpg\" rel=\"lightbox\"><br \/>\n                  <img decoding=\"async\" class=\"alignleft\" src=\"https:\/\/www.cabma.es\/imagenes\/premium3c\/10-premium-3c-mini.png\" alt=\"Detalhe\"><br \/>\n                <\/a>\n              <\/div>\n<div class=\"detalle-celda detalle-texto\">Cobrir. Consiste em uma placa estabilizadora <\/div>\n<\/p><\/div>\n<\/p><\/div>\n\t\t\t\t\t\t\t\t<\/div>\n\t\t\t\t<\/div>\n\t\t\t\t\t<\/div>\n\t\t<\/div>\n\t\t\t\t\t<\/div>\n\t\t<\/section>\n\t\t\t\t\t<\/div>\n\t\t<\/div>\n\t\t\t\t<div class=\"elementor-column elementor-col-50 elementor-top-column elementor-element elementor-element-4d81a695 bs-sidebar dynamic-sidebar\" data-id=\"4d81a695\" data-element_type=\"column\">\n\t\t\t<div class=\"elementor-widget-wrap elementor-element-populated\">\n\t\t\t\t\t\t<section class=\"elementor-section elementor-inner-section elementor-element elementor-element-6f0e51b4 elementor-section-boxed elementor-section-height-default elementor-section-height-default\" data-id=\"6f0e51b4\" data-element_type=\"section\">\n\t\t\t\t\t\t<div class=\"elementor-container elementor-column-gap-default\">\n\t\t\t\t\t<div class=\"elementor-column elementor-col-100 elementor-inner-column elementor-element elementor-element-57293eb\" data-id=\"57293eb\" data-element_type=\"column\" data-settings=\"{&quot;background_background&quot;:&quot;classic&quot;}\">\n\t\t\t<div class=\"elementor-widget-wrap elementor-element-populated\">\n\t\t\t\t\t\t<div class=\"elementor-element elementor-element-7d68fc58 phones elementor-widget elementor-widget-rs-contact-box\" data-id=\"7d68fc58\" data-element_type=\"widget\" data-widget_type=\"rs-contact-box.default\">\n\t\t\t\t<div class=\"elementor-widget-container\">\n\t\t\t\t\t\t\t\r\n\r\n\t\t<!-- Style 1 Start -->\r\n\t\t<div class=\"rs-contact-box\">\r\n\r\n\t\t\t\t\t\t<div class=\"address-item vertical boxstyle1\">\r\n\r\n\t\t\t\t\t\t\t            <div class=\"address-icon\">\r\n\t\t            \t\t\t            \t\t<i class=\"fa fa-phone\"><\/i>\r\n\t\t            \t\t\t            <\/div>\r\n\t\t            \r\n\t\t            <div class=\"address-text\">\r\n\t\t            \t\r\n\r\n\t\t            \t\r\n\r\n\t\t            \t\t\t            <\/div>\r\n\t\t        <\/div>\r\n\t\t\t\t\t<\/div>\r\n\r\n\t<!-- Style 1 End -->\t\r\n\t\t\r\n\t\t\t\t\t<\/div>\n\t\t\t\t<\/div>\n\t\t\t\t<div class=\"elementor-element elementor-element-28d6c29e elementor-widget elementor-widget-heading\" data-id=\"28d6c29e\" data-element_type=\"widget\" data-widget_type=\"heading.default\">\n\t\t\t\t<div class=\"elementor-widget-container\">\n\t\t\t\t\t<h2 class=\"elementor-heading-title elementor-size-default\">Voc\u00ea tem alguma d\u00favida? Ligue para n\u00f3s <\/h2>\t\t\t\t<\/div>\n\t\t\t\t<\/div>\n\t\t\t\t<div class=\"elementor-element elementor-element-7f9fdc68 elementor-widget elementor-widget-heading\" data-id=\"7f9fdc68\" data-element_type=\"widget\" data-widget_type=\"heading.default\">\n\t\t\t\t<div class=\"elementor-widget-container\">\n\t\t\t\t\t<h2 class=\"elementor-heading-title elementor-size-default\">(+34) 924 916 278<\/h2>\t\t\t\t<\/div>\n\t\t\t\t<\/div>\n\t\t\t\t\t<\/div>\n\t\t<\/div>\n\t\t\t\t\t<\/div>\n\t\t<\/section>\n\t\t\t\t\t<\/div>\n\t\t<\/div>\n\t\t\t\t\t<\/div>\n\t\t<\/section>\n\t\t<div class=\"elementor-element elementor-element-5ad81d4b e-flex e-con-boxed e-con e-parent\" data-id=\"5ad81d4b\" data-element_type=\"container\">\n\t\t\t\t\t<div class=\"e-con-inner\">\n\t\t\t\t\t<\/div>\n\t\t\t\t<\/div>\n\t\t\t\t<\/div>\n\t\t","protected":false},"excerpt":{"rendered":"<p>Premium 3C n\u00e3o \u00e9 apenas uma porta, \u00e9 tranquilidade para voc\u00ea e para os seus. A \u00fanica porta 3C do mercado Recursos e op\u00e7\u00f5es A Premium 3C \u00e9 a porta de seguran\u00e7a mais adequada para clientes que valorizam a resist\u00eancia,aprova\u00e7\u00e3o e pre\u00e7o justo. Combinamos o Grau Europeu 3 do regulamento UNE \u2013 EN 1627-2011, com&#8230;<\/p>\n","protected":false},"author":1,"featured_media":0,"parent":0,"menu_order":0,"comment_status":"closed","ping_status":"closed","template":"","meta":{"footnotes":""},"class_list":["post-15053","page","type-page","status-publish","hentry"],"yoast_head":"<!-- This site is optimized with the Yoast SEO plugin v25.0 - https:\/\/yoast.com\/wordpress\/plugins\/seo\/ -->\n<title>Portas premium 3C - PuertaAcorazada.es<\/title>\n<meta name=\"robots\" content=\"index, follow, max-snippet:-1, max-image-preview:large, max-video-preview:-1\" \/>\n<link rel=\"canonical\" href=\"https:\/\/www.puertaacorazada.es\/puertas-acorazadas\/puertas-premium-3c\/\" \/>\n<meta property=\"og:locale\" content=\"pt_PT\" \/>\n<meta property=\"og:type\" content=\"article\" \/>\n<meta property=\"og:title\" content=\"Portas premium 3C - PuertaAcorazada.es\" \/>\n<meta property=\"og:description\" content=\"Premium 3C n\u00e3o \u00e9 apenas uma porta, \u00e9 tranquilidade para voc\u00ea e para os seus. A \u00fanica porta 3C do mercado Recursos e op\u00e7\u00f5es A Premium 3C \u00e9 a porta de seguran\u00e7a mais adequada para clientes que valorizam a resist\u00eancia,aprova\u00e7\u00e3o e pre\u00e7o justo. Combinamos o Grau Europeu 3 do regulamento UNE \u2013 EN 1627-2011, com...\" \/>\n<meta property=\"og:url\" content=\"https:\/\/www.puertaacorazada.es\/puertas-acorazadas\/puertas-premium-3c\/\" \/>\n<meta property=\"og:site_name\" content=\"PuertaAcorazada.es\" \/>\n<meta property=\"article:modified_time\" content=\"2024-09-23T16:25:12+00:00\" \/>\n<meta property=\"og:image\" content=\"https:\/\/www.puertaacorazada.es\/wp-content\/uploads\/2024\/08\/cabecera-premium3c.jpg\" \/>\n\t<meta property=\"og:image:width\" content=\"1120\" \/>\n\t<meta property=\"og:image:height\" content=\"250\" \/>\n\t<meta property=\"og:image:type\" content=\"image\/jpeg\" \/>\n<meta name=\"twitter:card\" content=\"summary_large_image\" \/>\n<meta name=\"twitter:label1\" content=\"Tempo estimado de leitura\" \/>\n\t<meta name=\"twitter:data1\" content=\"1 minuto\" \/>\n<script type=\"application\/ld+json\" class=\"yoast-schema-graph\">{\"@context\":\"https:\/\/schema.org\",\"@graph\":[{\"@type\":\"WebPage\",\"@id\":\"https:\/\/www.puertaacorazada.es\/puertas-acorazadas\/puertas-premium-3c\/\",\"url\":\"https:\/\/www.puertaacorazada.es\/puertas-acorazadas\/puertas-premium-3c\/\",\"name\":\"Portas premium 3C - PuertaAcorazada.es\",\"isPartOf\":{\"@id\":\"https:\/\/www.puertaacorazada.es\/#website\"},\"primaryImageOfPage\":{\"@id\":\"https:\/\/www.puertaacorazada.es\/puertas-acorazadas\/puertas-premium-3c\/#primaryimage\"},\"image\":{\"@id\":\"https:\/\/www.puertaacorazada.es\/puertas-acorazadas\/puertas-premium-3c\/#primaryimage\"},\"thumbnailUrl\":\"https:\/\/www.puertaacorazada.es\/wp-content\/uploads\/2024\/08\/cabecera-premium3c.jpg\",\"datePublished\":\"2023-07-18T19:14:18+00:00\",\"dateModified\":\"2024-09-23T16:25:12+00:00\",\"breadcrumb\":{\"@id\":\"https:\/\/www.puertaacorazada.es\/puertas-acorazadas\/puertas-premium-3c\/#breadcrumb\"},\"inLanguage\":\"pt-PT\",\"potentialAction\":[{\"@type\":\"ReadAction\",\"target\":[\"https:\/\/www.puertaacorazada.es\/puertas-acorazadas\/puertas-premium-3c\/\"]}]},{\"@type\":\"ImageObject\",\"inLanguage\":\"pt-PT\",\"@id\":\"https:\/\/www.puertaacorazada.es\/puertas-acorazadas\/puertas-premium-3c\/#primaryimage\",\"url\":\"https:\/\/www.puertaacorazada.es\/wp-content\/uploads\/2024\/08\/cabecera-premium3c.jpg\",\"contentUrl\":\"https:\/\/www.puertaacorazada.es\/wp-content\/uploads\/2024\/08\/cabecera-premium3c.jpg\"},{\"@type\":\"BreadcrumbList\",\"@id\":\"https:\/\/www.puertaacorazada.es\/puertas-acorazadas\/puertas-premium-3c\/#breadcrumb\",\"itemListElement\":[{\"@type\":\"ListItem\",\"position\":1,\"name\":\"Portada\",\"item\":\"https:\/\/www.puertaacorazada.es\/\"},{\"@type\":\"ListItem\",\"position\":2,\"name\":\"Portas premium 3C\"}]},{\"@type\":\"WebSite\",\"@id\":\"https:\/\/www.puertaacorazada.es\/#website\",\"url\":\"https:\/\/www.puertaacorazada.es\/\",\"name\":\"PuertaAcorazada.es\",\"description\":\"Puertas acorazadas para la m\u00e1xima seguridad\",\"publisher\":{\"@id\":\"https:\/\/www.puertaacorazada.es\/#organization\"},\"potentialAction\":[{\"@type\":\"SearchAction\",\"target\":{\"@type\":\"EntryPoint\",\"urlTemplate\":\"https:\/\/www.puertaacorazada.es\/?s={search_term_string}\"},\"query-input\":{\"@type\":\"PropertyValueSpecification\",\"valueRequired\":true,\"valueName\":\"search_term_string\"}}],\"inLanguage\":\"pt-PT\"},{\"@type\":\"Organization\",\"@id\":\"https:\/\/www.puertaacorazada.es\/#organization\",\"name\":\"PuertaAcorazada.es\",\"url\":\"https:\/\/www.puertaacorazada.es\/\",\"logo\":{\"@type\":\"ImageObject\",\"inLanguage\":\"pt-PT\",\"@id\":\"https:\/\/www.puertaacorazada.es\/#\/schema\/logo\/image\/\",\"url\":\"https:\/\/www.puertaacorazada.es\/wp-content\/uploads\/2024\/08\/cropped-favicon1.png\",\"contentUrl\":\"https:\/\/www.puertaacorazada.es\/wp-content\/uploads\/2024\/08\/cropped-favicon1.png\",\"width\":512,\"height\":512,\"caption\":\"PuertaAcorazada.es\"},\"image\":{\"@id\":\"https:\/\/www.puertaacorazada.es\/#\/schema\/logo\/image\/\"}}]}<\/script>\n<!-- \/ Yoast SEO plugin. -->","yoast_head_json":{"title":"Portas premium 3C - PuertaAcorazada.es","robots":{"index":"index","follow":"follow","max-snippet":"max-snippet:-1","max-image-preview":"max-image-preview:large","max-video-preview":"max-video-preview:-1"},"canonical":"https:\/\/www.puertaacorazada.es\/puertas-acorazadas\/puertas-premium-3c\/","og_locale":"pt_PT","og_type":"article","og_title":"Portas premium 3C - PuertaAcorazada.es","og_description":"Premium 3C n\u00e3o \u00e9 apenas uma porta, \u00e9 tranquilidade para voc\u00ea e para os seus. A \u00fanica porta 3C do mercado Recursos e op\u00e7\u00f5es A Premium 3C \u00e9 a porta de seguran\u00e7a mais adequada para clientes que valorizam a resist\u00eancia,aprova\u00e7\u00e3o e pre\u00e7o justo. Combinamos o Grau Europeu 3 do regulamento UNE \u2013 EN 1627-2011, com...","og_url":"https:\/\/www.puertaacorazada.es\/puertas-acorazadas\/puertas-premium-3c\/","og_site_name":"PuertaAcorazada.es","article_modified_time":"2024-09-23T16:25:12+00:00","og_image":[{"width":1120,"height":250,"url":"https:\/\/www.puertaacorazada.es\/wp-content\/uploads\/2024\/08\/cabecera-premium3c.jpg","type":"image\/jpeg"}],"twitter_card":"summary_large_image","twitter_misc":{"Tempo estimado de leitura":"1 minuto"},"schema":{"@context":"https:\/\/schema.org","@graph":[{"@type":"WebPage","@id":"https:\/\/www.puertaacorazada.es\/puertas-acorazadas\/puertas-premium-3c\/","url":"https:\/\/www.puertaacorazada.es\/puertas-acorazadas\/puertas-premium-3c\/","name":"Portas premium 3C - PuertaAcorazada.es","isPartOf":{"@id":"https:\/\/www.puertaacorazada.es\/#website"},"primaryImageOfPage":{"@id":"https:\/\/www.puertaacorazada.es\/puertas-acorazadas\/puertas-premium-3c\/#primaryimage"},"image":{"@id":"https:\/\/www.puertaacorazada.es\/puertas-acorazadas\/puertas-premium-3c\/#primaryimage"},"thumbnailUrl":"https:\/\/www.puertaacorazada.es\/wp-content\/uploads\/2024\/08\/cabecera-premium3c.jpg","datePublished":"2023-07-18T19:14:18+00:00","dateModified":"2024-09-23T16:25:12+00:00","breadcrumb":{"@id":"https:\/\/www.puertaacorazada.es\/puertas-acorazadas\/puertas-premium-3c\/#breadcrumb"},"inLanguage":"pt-PT","potentialAction":[{"@type":"ReadAction","target":["https:\/\/www.puertaacorazada.es\/puertas-acorazadas\/puertas-premium-3c\/"]}]},{"@type":"ImageObject","inLanguage":"pt-PT","@id":"https:\/\/www.puertaacorazada.es\/puertas-acorazadas\/puertas-premium-3c\/#primaryimage","url":"https:\/\/www.puertaacorazada.es\/wp-content\/uploads\/2024\/08\/cabecera-premium3c.jpg","contentUrl":"https:\/\/www.puertaacorazada.es\/wp-content\/uploads\/2024\/08\/cabecera-premium3c.jpg"},{"@type":"BreadcrumbList","@id":"https:\/\/www.puertaacorazada.es\/puertas-acorazadas\/puertas-premium-3c\/#breadcrumb","itemListElement":[{"@type":"ListItem","position":1,"name":"Portada","item":"https:\/\/www.puertaacorazada.es\/"},{"@type":"ListItem","position":2,"name":"Portas premium 3C"}]},{"@type":"WebSite","@id":"https:\/\/www.puertaacorazada.es\/#website","url":"https:\/\/www.puertaacorazada.es\/","name":"PuertaAcorazada.es","description":"Puertas acorazadas para la m\u00e1xima seguridad","publisher":{"@id":"https:\/\/www.puertaacorazada.es\/#organization"},"potentialAction":[{"@type":"SearchAction","target":{"@type":"EntryPoint","urlTemplate":"https:\/\/www.puertaacorazada.es\/?s={search_term_string}"},"query-input":{"@type":"PropertyValueSpecification","valueRequired":true,"valueName":"search_term_string"}}],"inLanguage":"pt-PT"},{"@type":"Organization","@id":"https:\/\/www.puertaacorazada.es\/#organization","name":"PuertaAcorazada.es","url":"https:\/\/www.puertaacorazada.es\/","logo":{"@type":"ImageObject","inLanguage":"pt-PT","@id":"https:\/\/www.puertaacorazada.es\/#\/schema\/logo\/image\/","url":"https:\/\/www.puertaacorazada.es\/wp-content\/uploads\/2024\/08\/cropped-favicon1.png","contentUrl":"https:\/\/www.puertaacorazada.es\/wp-content\/uploads\/2024\/08\/cropped-favicon1.png","width":512,"height":512,"caption":"PuertaAcorazada.es"},"image":{"@id":"https:\/\/www.puertaacorazada.es\/#\/schema\/logo\/image\/"}}]}},"_links":{"self":[{"href":"https:\/\/www.puertaacorazada.es\/pt-pt\/wp-json\/wp\/v2\/pages\/15053","targetHints":{"allow":["GET"]}}],"collection":[{"href":"https:\/\/www.puertaacorazada.es\/pt-pt\/wp-json\/wp\/v2\/pages"}],"about":[{"href":"https:\/\/www.puertaacorazada.es\/pt-pt\/wp-json\/wp\/v2\/types\/page"}],"author":[{"embeddable":true,"href":"https:\/\/www.puertaacorazada.es\/pt-pt\/wp-json\/wp\/v2\/users\/1"}],"replies":[{"embeddable":true,"href":"https:\/\/www.puertaacorazada.es\/pt-pt\/wp-json\/wp\/v2\/comments?post=15053"}],"version-history":[{"count":1,"href":"https:\/\/www.puertaacorazada.es\/pt-pt\/wp-json\/wp\/v2\/pages\/15053\/revisions"}],"predecessor-version":[{"id":15054,"href":"https:\/\/www.puertaacorazada.es\/pt-pt\/wp-json\/wp\/v2\/pages\/15053\/revisions\/15054"}],"wp:attachment":[{"href":"https:\/\/www.puertaacorazada.es\/pt-pt\/wp-json\/wp\/v2\/media?parent=15053"}],"curies":[{"name":"wp","href":"https:\/\/api.w.org\/{rel}","templated":true}]}}