{"id":15077,"date":"2024-08-05T17:55:53","date_gmt":"2024-08-05T15:55:53","guid":{"rendered":"https:\/\/www.puertaacorazada.es\/porta-blindada-segur-t\/"},"modified":"2024-09-23T19:19:39","modified_gmt":"2024-09-23T17:19:39","slug":"porta-blindada-segur-t","status":"publish","type":"page","link":"https:\/\/www.puertaacorazada.es\/pt-pt\/porta-blindada-segur-t\/","title":{"rendered":"Porta blindada Segur-T"},"content":{"rendered":"\t\t<div data-elementor-type=\"wp-page\" data-elementor-id=\"15077\" class=\"elementor elementor-15077\">\n\t\t\t\t\t\t<section class=\"elementor-section elementor-top-section elementor-element elementor-element-c2f85ec elementor-section-boxed elementor-section-height-default elementor-section-height-default\" data-id=\"c2f85ec\" data-element_type=\"section\">\n\t\t\t\t\t\t<div class=\"elementor-container elementor-column-gap-default\">\n\t\t\t\t\t<div class=\"elementor-column elementor-col-50 elementor-top-column elementor-element elementor-element-1eb622a\" data-id=\"1eb622a\" data-element_type=\"column\">\n\t\t\t<div class=\"elementor-widget-wrap elementor-element-populated\">\n\t\t\t\t\t\t<div class=\"elementor-element elementor-element-b99058a elementor-widget elementor-widget-image\" data-id=\"b99058a\" data-element_type=\"widget\" data-widget_type=\"image.default\">\n\t\t\t\t<div class=\"elementor-widget-container\">\n\t\t\t\t\t\t\t\t\t\t\t\t\t\t\t<img fetchpriority=\"high\" decoding=\"async\" width=\"1120\" height=\"250\" src=\"https:\/\/www.puertaacorazada.es\/wp-content\/uploads\/2024\/08\/cabecera-segur-t.jpg\" class=\"attachment-full size-full wp-image-14868\" alt=\"\" srcset=\"https:\/\/www.puertaacorazada.es\/wp-content\/uploads\/2024\/08\/cabecera-segur-t.jpg 1120w, https:\/\/www.puertaacorazada.es\/wp-content\/uploads\/2024\/08\/cabecera-segur-t-300x67.jpg 300w, https:\/\/www.puertaacorazada.es\/wp-content\/uploads\/2024\/08\/cabecera-segur-t-1024x229.jpg 1024w, https:\/\/www.puertaacorazada.es\/wp-content\/uploads\/2024\/08\/cabecera-segur-t-768x171.jpg 768w, https:\/\/www.puertaacorazada.es\/wp-content\/uploads\/2024\/08\/cabecera-segur-t-600x134.jpg 600w\" sizes=\"(max-width: 1120px) 100vw, 1120px\" \/>\t\t\t\t\t\t\t\t\t\t\t\t\t\t\t<\/div>\n\t\t\t\t<\/div>\n\t\t\t\t<div class=\"elementor-element elementor-element-cfcf2ff elementor-widget elementor-widget-rs-heading\" data-id=\"cfcf2ff\" data-element_type=\"widget\" data-widget_type=\"rs-heading.default\">\n\t\t\t\t<div class=\"elementor-widget-container\">\n\t\t\t\t\t        <div class=\"rs-heading default  \">\r\n        \t<div class=\"title-inner\">\r\n        \t\t      \t\t\r\n\t            <span class=\"sub-text \">Puertaacorazada.es<\/span><h2 class=\"title\"><span class=\"watermark\"><\/span>Porta blindada Segur-T<\/h2>\t        <\/div>\r\n\t                <\/div>\r\n\r\n        \t\t\t\t<\/div>\n\t\t\t\t<\/div>\n\t\t\t\t<div class=\"elementor-element elementor-element-60445d5 elementor-widget elementor-widget-text-editor\" data-id=\"60445d5\" data-element_type=\"widget\" data-widget_type=\"text-editor.default\">\n\t\t\t\t<div class=\"elementor-widget-container\">\n\t\t\t\t\t\t\t\t\t<h3 class=\"encabezado-ficha\">Recursos e op\u00e7\u00f5es<\/h3>\n<p>Uma porta blindada muito completa em termos de seguran\u00e7a e acess\u00f3rios, ideal para remodela\u00e7\u00f5es de apartamentos, que apresenta os mais elevados requisitos de seguran\u00e7a. Comandos de abertura parcial com resist\u00eancia suficiente aos impulsos. V\u00e1rias anti-alavancas na parte da dobradi\u00e7a que tornam ambos os lados da porta 100% refor\u00e7ados.  <\/p>\n<ul class=\"listado-flecha\">\n<li>Chapa galvanizada anticorrosiva<\/li>\n<\/ul>\n<div class=\"detalle-contenedor\">\n<div class=\"detalle-fila\">\n<div class=\"detalle-celda detalle-mini\">\n                <a href=\"https:\/\/www.cabma.es\/imagenes\/segur-t\/01-segur-t.jpg\" rel=\"lightbox\"><br \/>\n                  <img decoding=\"async\" class=\"alignleft\" src=\"https:\/\/www.cabma.es\/imagenes\/segur-t\/01-segur-t-mini.png\" alt=\"Detalhe\"><br \/>\n                <\/a>\n              <\/div>\n<div class=\"detalle-celda detalle-texto detalle-texto-first\">Anti-queda. Este sistema evita que a porta caia quando fechada, uma vez que o rolamento assenta numa flange do aro <\/div>\n<\/p><\/div>\n<\/p><\/div>\n<div> <\/div>\n<div> <\/div>\n<div> <\/div>\n<div class=\"detalle-contenedor\">\n<div class=\"detalle-fila\">\n<div class=\"detalle-celda detalle-mini\">\n                <a href=\"https:\/\/www.cabma.es\/imagenes\/segur-t\/02-segur-t.jpg\" rel=\"lightbox\"><br \/>\n                  <img decoding=\"async\" class=\"alignleft\" src=\"https:\/\/www.cabma.es\/imagenes\/segur-t\/02-segur-t-mini.png\" alt=\"Detalhe\"><br \/>\n                <\/a>\n              <\/div>\n<div class=\"detalle-celda detalle-texto\">Fixa\u00e7\u00e3o do caixilho: Duas formas de coloca\u00e7\u00e3o do caixilho, uma com buj\u00e3o de expans\u00e3o diretamente na divis\u00f3ria e outra com garras de constru\u00e7\u00e3o para gesso e esparto, diretamente na divis\u00f3ria<\/div>\n<div> <\/div>\n<\/p><\/div>\n<\/p><\/div>\n<div class=\"detalle-contenedor\">\n<div class=\"detalle-fila\">\n<div class=\"detalle-celda detalle-mini\">\n                <a href=\"https:\/\/www.cabma.es\/imagenes\/segur-t\/04-segur-t.jpg\" rel=\"lightbox\"><br \/>\n                  <img decoding=\"async\" class=\"alignleft\" src=\"https:\/\/www.cabma.es\/imagenes\/segur-t\/04-segur-t-mini.png\" alt=\"Detalhe\"><br \/>\n                <\/a>\n              <\/div>\n<div class=\"detalle-celda detalle-texto\">Fechadura equipada com parafusos de a\u00e7o de alta resist\u00eancia. (UNI EN 12209:05 ICIM 70R029) <\/div>\n<\/p><\/div>\n<\/p><\/div>\n<div> <\/div>\n<div> <\/div>\n<div> <\/div>\n<div class=\"detalle-contenedor\">\n<div class=\"detalle-fila\">\n<div class=\"detalle-celda detalle-mini\">\n                <a href=\"https:\/\/www.cabma.es\/imagenes\/segur-t\/05-segur-t.jpg\" rel=\"lightbox\"><br \/>\n                  <img decoding=\"async\" class=\"alignleft\" src=\"https:\/\/www.cabma.es\/imagenes\/segur-t\/05-segur-t-mini.png\" alt=\"Detalhe\"><br \/>\n                <\/a>\n              <\/div>\n<div class=\"detalle-celda detalle-texto\">Fechadura de cilindro duplo<\/div>\n<\/p><\/div>\n<\/p><\/div>\n<div> <\/div>\n<div> <\/div>\n<div> <\/div>\n<div> <\/div>\n<div class=\"detalle-contenedor\">\n<div class=\"detalle-fila\">\n<div class=\"detalle-celda detalle-mini\">\n                <a href=\"https:\/\/www.cabma.es\/imagenes\/segur-t\/06-segur-t.jpg\" rel=\"lightbox\"><br \/>\n                  <img decoding=\"async\" class=\"alignleft\" src=\"https:\/\/www.cabma.es\/imagenes\/segur-t\/06-segur-t-mini.png\" alt=\"Detalhe\"><br \/>\n                <\/a>\n              <\/div>\n<div class=\"detalle-celda detalle-texto\">Escudo e bloqueio. Escudo de alta qualidade, fabricado internamente e com resist\u00eancia comprovada <\/div>\n<\/p><\/div>\n<\/p><\/div>\n<div> <\/div>\n<div> <\/div>\n<div> <\/div>\n<div class=\"detalle-contenedor\">\n<div class=\"detalle-fila\">\n<div class=\"detalle-celda detalle-mini\">\n                <a href=\"https:\/\/www.cabma.es\/wp-content\/uploads\/2022\/07\/Desviadores-antiretroceso.jpg\" rel=\"lightbox\"><br \/>\n                  <img decoding=\"async\" class=\"alignleft\" src=\"https:\/\/www.cabma.es\/wp-content\/uploads\/2022\/07\/Desviadores-antiretroceso.jpg\" alt=\"Detalhe\" width=\"65\" height=\"77\"><br \/>\n                <\/a>\n              <\/div>\n<div class=\"detalle-celda detalle-texto\">Desviadores. Dois desviadores de dois parafusos com sistema anti-reverso <\/div>\n<\/p><\/div>\n<\/p><\/div>\n<div> <\/div>\n<div> <\/div>\n<div> <\/div>\n<div> <\/div>\n<div class=\"detalle-contenedor\">\n<div class=\"detalle-fila\">\n<div class=\"detalle-celda detalle-mini\">\n                <a href=\"https:\/\/www.cabma.es\/imagenes\/segur-t\/08-segur-t.jpg\" rel=\"lightbox\"><br \/>\n                  <img decoding=\"async\" class=\"alignleft\" src=\"https:\/\/www.cabma.es\/imagenes\/segur-t\/08-segur-t-mini.png\" alt=\"Detalhe\"><br \/>\n                <\/a>\n              <\/div>\n<div class=\"detalle-celda detalle-texto\">Fechadura com quatro parafusos de a\u00e7o altamente resistentes<\/div>\n<\/p><\/div>\n<\/p><\/div>\n<div> <\/div>\n<div> <\/div>\n<div> <\/div>\n<div class=\"detalle-contenedor\">\n<div class=\"detalle-fila\">\n<div class=\"detalle-celda detalle-mini\">\n                <a href=\"https:\/\/www.cabma.es\/imagenes\/thor20\/04-thor-20.jpg\" rel=\"lightbox\"><br \/>\n                  <img decoding=\"async\" class=\"alignleft\" src=\"https:\/\/www.cabma.es\/imagenes\/thor20\/04-thor-20-mini.png\" alt=\"Detalhe\"><br \/>\n                <\/a>\n              <\/div>\n<div class=\"detalle-celda detalle-texto\">L\u00e2mpada Mauer Elite 2 Red Line, anti-perfura\u00e7\u00e3o \/ anti-colis\u00e3o \/ anti-extra\u00e7\u00e3o<\/div>\n<div> <\/div>\n<\/p><\/div>\n<\/p><\/div>\n<div> <\/div>\n<div> <\/div>\n<div class=\"detalle-contenedor\">\n<div class=\"detalle-fila\">\n<div class=\"detalle-celda detalle-mini\">\n                <a href=\"https:\/\/www.cabma.es\/imagenes\/segur-t\/10-segur-t.jpg\" rel=\"lightbox\"><br \/>\n                  <img decoding=\"async\" class=\"alignleft\" src=\"https:\/\/www.cabma.es\/imagenes\/segur-t\/10-segur-t-mini.png\" alt=\"Detalhe\"><br \/>\n                <\/a>\n              <\/div>\n<div class=\"detalle-celda detalle-texto\">regulador deslizante<\/div>\n<\/p><\/div>\n<\/p><\/div>\n<div> <\/div>\n<div> <\/div>\n<div> <\/div>\n<div> <\/div>\n<div class=\"detalle-contenedor\">\n<div class=\"detalle-fila\">\n<div class=\"detalle-celda detalle-mini\">\n                <a href=\"https:\/\/www.cabma.es\/imagenes\/segur-t\/11-segur-t.jpg\" rel=\"lightbox\"><br \/>\n                  <img decoding=\"async\" class=\"alignleft\" src=\"https:\/\/www.cabma.es\/imagenes\/segur-t\/11-segur-t-mini.png\" alt=\"Detalhe\"><br \/>\n                <\/a>\n              <\/div>\n<div class=\"detalle-celda detalle-texto\">Dobradi\u00e7as e anti-alavancas. Tr\u00eas dobradi\u00e7as ajust\u00e1veis em 3D, com rolamentos nas duas extremidades, anti-alavanca no rebordo da porta com acabamentos no aro <\/div>\n<div> <\/div>\n<div> <\/div>\n<\/p><\/div>\n<\/p><\/div>\n<div class=\"detalle-contenedor\">\n<div class=\"detalle-fila\">\n<div class=\"detalle-celda detalle-mini\">\n                <a href=\"https:\/\/www.cabma.es\/imagenes\/segur-t\/12-segur-t.jpg\" rel=\"lightbox\"><br \/>\n                  <img decoding=\"async\" class=\"alignleft\" src=\"https:\/\/www.cabma.es\/imagenes\/segur-t\/12-segur-t-mini.png\" alt=\"Detalhe\"><br \/>\n                <\/a>\n              <\/div>\n<div class=\"detalle-celda detalle-texto\">Retentor. Retentor de abertura parcial <\/div>\n<\/p><\/div>\n<\/p><\/div>\n<div> <\/div>\n<div> <\/div>\n<div> <\/div>\n<div class=\"detalle-contenedor\">\n<div class=\"detalle-fila\">\n<div class=\"detalle-celda detalle-mini\">\n                <a href=\"https:\/\/www.cabma.es\/imagenes\/segur-t\/13-segur-t.jpg\" rel=\"lightbox\"><br \/>\n                  <img decoding=\"async\" class=\"alignleft\" src=\"https:\/\/www.cabma.es\/imagenes\/segur-t\/13-segur-t-mini.png\" alt=\"Detalhe\"><br \/>\n                <\/a>\n              <\/div>\n<div class=\"detalle-celda detalle-texto\">Cobertura de piso remov\u00edvel<\/div>\n<\/p><\/div>\n<\/p><\/div>\n<div> <\/div>\n<div> <\/div>\n<div> <\/div>\n<div class=\"detalle-contenedor\">\n<div class=\"detalle-fila\">\n<div class=\"detalle-celda detalle-mini\">\n                <a href=\"https:\/\/www.cabma.es\/imagenes\/segur-t\/14-segur-t.jpg\" rel=\"lightbox\"><br \/>\n                  <img decoding=\"async\" class=\"alignleft\" src=\"https:\/\/www.cabma.es\/imagenes\/segur-t\/14-segur-t-mini.png\" alt=\"Detalhe\"><br \/>\n                <\/a>\n              <\/div>\n<div class=\"detalle-celda detalle-texto\">Escova quebra-vento. Autom\u00e1tico e ajust\u00e1vel <\/div>\n<\/p><\/div>\n<\/p><\/div>\n\t\t\t\t\t\t\t\t<\/div>\n\t\t\t\t<\/div>\n\t\t\t\t\t<\/div>\n\t\t<\/div>\n\t\t\t\t<div class=\"elementor-column elementor-col-50 elementor-top-column elementor-element elementor-element-d235636 bs-sidebar dynamic-sidebar\" data-id=\"d235636\" data-element_type=\"column\">\n\t\t\t<div class=\"elementor-widget-wrap elementor-element-populated\">\n\t\t\t\t\t\t<section class=\"elementor-section elementor-inner-section elementor-element elementor-element-8c1e022 elementor-section-boxed elementor-section-height-default elementor-section-height-default\" data-id=\"8c1e022\" data-element_type=\"section\">\n\t\t\t\t\t\t<div class=\"elementor-container elementor-column-gap-default\">\n\t\t\t\t\t<div class=\"elementor-column elementor-col-100 elementor-inner-column elementor-element elementor-element-fc7c1a0\" data-id=\"fc7c1a0\" data-element_type=\"column\" data-settings=\"{&quot;background_background&quot;:&quot;classic&quot;}\">\n\t\t\t<div class=\"elementor-widget-wrap elementor-element-populated\">\n\t\t\t\t\t\t<div class=\"elementor-element elementor-element-5f8846b phones elementor-widget elementor-widget-rs-contact-box\" data-id=\"5f8846b\" data-element_type=\"widget\" data-widget_type=\"rs-contact-box.default\">\n\t\t\t\t<div class=\"elementor-widget-container\">\n\t\t\t\t\t\t\t\r\n\r\n\t\t<!-- Style 1 Start -->\r\n\t\t<div class=\"rs-contact-box\">\r\n\r\n\t\t\t\t\t\t<div class=\"address-item vertical boxstyle1\">\r\n\r\n\t\t\t\t\t\t\t            <div class=\"address-icon\">\r\n\t\t            \t\t\t            \t\t<i class=\"fa fa-phone\"><\/i>\r\n\t\t            \t\t\t            <\/div>\r\n\t\t            \r\n\t\t            <div class=\"address-text\">\r\n\t\t            \t\r\n\r\n\t\t            \t\r\n\r\n\t\t            \t\t\t            <\/div>\r\n\t\t        <\/div>\r\n\t\t\t\t\t<\/div>\r\n\r\n\t<!-- Style 1 End -->\t\r\n\t\t\r\n\t\t\t\t\t<\/div>\n\t\t\t\t<\/div>\n\t\t\t\t<div class=\"elementor-element elementor-element-5f238dd elementor-widget elementor-widget-heading\" data-id=\"5f238dd\" data-element_type=\"widget\" data-widget_type=\"heading.default\">\n\t\t\t\t<div class=\"elementor-widget-container\">\n\t\t\t\t\t<h2 class=\"elementor-heading-title elementor-size-default\">Voc\u00ea tem alguma d\u00favida? Ligue para n\u00f3s <\/h2>\t\t\t\t<\/div>\n\t\t\t\t<\/div>\n\t\t\t\t<div class=\"elementor-element elementor-element-5a87149 elementor-widget elementor-widget-heading\" data-id=\"5a87149\" data-element_type=\"widget\" data-widget_type=\"heading.default\">\n\t\t\t\t<div class=\"elementor-widget-container\">\n\t\t\t\t\t<h2 class=\"elementor-heading-title elementor-size-default\">(+34) 924 916 278<\/h2>\t\t\t\t<\/div>\n\t\t\t\t<\/div>\n\t\t\t\t\t<\/div>\n\t\t<\/div>\n\t\t\t\t\t<\/div>\n\t\t<\/section>\n\t\t\t\t\t<\/div>\n\t\t<\/div>\n\t\t\t\t\t<\/div>\n\t\t<\/section>\n\t\t<div class=\"elementor-element elementor-element-785eb11c e-flex e-con-boxed e-con e-parent\" data-id=\"785eb11c\" data-element_type=\"container\">\n\t\t\t\t\t<div class=\"e-con-inner\">\n\t\t\t\t\t<\/div>\n\t\t\t\t<\/div>\n\t\t\t\t<\/div>\n\t\t","protected":false},"excerpt":{"rendered":"<p>Puertaacorazada.es Porta blindada Segur-T Recursos e op\u00e7\u00f5es Uma porta blindada muito completa em termos de seguran\u00e7a e acess\u00f3rios, ideal para remodela\u00e7\u00f5es de apartamentos, que apresenta os mais elevados requisitos de seguran\u00e7a. Comandos de abertura parcial com resist\u00eancia suficiente aos impulsos. V\u00e1rias anti-alavancas na parte da dobradi\u00e7a que tornam ambos os lados da porta 100% refor\u00e7ados&#8230;.<\/p>\n","protected":false},"author":1,"featured_media":0,"parent":0,"menu_order":0,"comment_status":"closed","ping_status":"closed","template":"","meta":{"footnotes":""},"class_list":["post-15077","page","type-page","status-publish","hentry"],"yoast_head":"<!-- This site is optimized with the Yoast SEO plugin v25.0 - https:\/\/yoast.com\/wordpress\/plugins\/seo\/ -->\n<title>Porta blindada Segur-T - PuertaAcorazada.es<\/title>\n<meta name=\"robots\" content=\"index, follow, max-snippet:-1, max-image-preview:large, max-video-preview:-1\" \/>\n<link rel=\"canonical\" href=\"https:\/\/www.puertaacorazada.es\/puertas-acorazadas\/segur-t-puerta-acorazada\/\" \/>\n<meta property=\"og:locale\" content=\"pt_PT\" \/>\n<meta property=\"og:type\" content=\"article\" \/>\n<meta property=\"og:title\" content=\"Porta blindada Segur-T - PuertaAcorazada.es\" \/>\n<meta property=\"og:description\" content=\"Puertaacorazada.es Porta blindada Segur-T Recursos e op\u00e7\u00f5es Uma porta blindada muito completa em termos de seguran\u00e7a e acess\u00f3rios, ideal para remodela\u00e7\u00f5es de apartamentos, que apresenta os mais elevados requisitos de seguran\u00e7a. Comandos de abertura parcial com resist\u00eancia suficiente aos impulsos. V\u00e1rias anti-alavancas na parte da dobradi\u00e7a que tornam ambos os lados da porta 100% refor\u00e7ados....\" \/>\n<meta property=\"og:url\" content=\"https:\/\/www.puertaacorazada.es\/puertas-acorazadas\/segur-t-puerta-acorazada\/\" \/>\n<meta property=\"og:site_name\" content=\"PuertaAcorazada.es\" \/>\n<meta property=\"article:modified_time\" content=\"2024-09-23T17:19:39+00:00\" \/>\n<meta property=\"og:image\" content=\"https:\/\/www.puertaacorazada.es\/wp-content\/uploads\/2024\/08\/cabecera-segur-t.jpg\" \/>\n\t<meta property=\"og:image:width\" content=\"1120\" \/>\n\t<meta property=\"og:image:height\" content=\"250\" \/>\n\t<meta property=\"og:image:type\" content=\"image\/jpeg\" \/>\n<meta name=\"twitter:card\" content=\"summary_large_image\" \/>\n<meta name=\"twitter:label1\" content=\"Tempo estimado de leitura\" \/>\n\t<meta name=\"twitter:data1\" content=\"1 minuto\" \/>\n<script type=\"application\/ld+json\" class=\"yoast-schema-graph\">{\"@context\":\"https:\/\/schema.org\",\"@graph\":[{\"@type\":\"WebPage\",\"@id\":\"https:\/\/www.puertaacorazada.es\/puertas-acorazadas\/segur-t-puerta-acorazada\/\",\"url\":\"https:\/\/www.puertaacorazada.es\/puertas-acorazadas\/segur-t-puerta-acorazada\/\",\"name\":\"Porta blindada Segur-T - PuertaAcorazada.es\",\"isPartOf\":{\"@id\":\"https:\/\/www.puertaacorazada.es\/#website\"},\"primaryImageOfPage\":{\"@id\":\"https:\/\/www.puertaacorazada.es\/puertas-acorazadas\/segur-t-puerta-acorazada\/#primaryimage\"},\"image\":{\"@id\":\"https:\/\/www.puertaacorazada.es\/puertas-acorazadas\/segur-t-puerta-acorazada\/#primaryimage\"},\"thumbnailUrl\":\"https:\/\/www.puertaacorazada.es\/wp-content\/uploads\/2024\/08\/cabecera-segur-t.jpg\",\"datePublished\":\"2024-08-05T15:55:53+00:00\",\"dateModified\":\"2024-09-23T17:19:39+00:00\",\"breadcrumb\":{\"@id\":\"https:\/\/www.puertaacorazada.es\/puertas-acorazadas\/segur-t-puerta-acorazada\/#breadcrumb\"},\"inLanguage\":\"pt-PT\",\"potentialAction\":[{\"@type\":\"ReadAction\",\"target\":[\"https:\/\/www.puertaacorazada.es\/puertas-acorazadas\/segur-t-puerta-acorazada\/\"]}]},{\"@type\":\"ImageObject\",\"inLanguage\":\"pt-PT\",\"@id\":\"https:\/\/www.puertaacorazada.es\/puertas-acorazadas\/segur-t-puerta-acorazada\/#primaryimage\",\"url\":\"https:\/\/www.puertaacorazada.es\/wp-content\/uploads\/2024\/08\/cabecera-segur-t.jpg\",\"contentUrl\":\"https:\/\/www.puertaacorazada.es\/wp-content\/uploads\/2024\/08\/cabecera-segur-t.jpg\"},{\"@type\":\"BreadcrumbList\",\"@id\":\"https:\/\/www.puertaacorazada.es\/puertas-acorazadas\/segur-t-puerta-acorazada\/#breadcrumb\",\"itemListElement\":[{\"@type\":\"ListItem\",\"position\":1,\"name\":\"Portada\",\"item\":\"https:\/\/www.puertaacorazada.es\/\"},{\"@type\":\"ListItem\",\"position\":2,\"name\":\"Porta blindada Segur-T\"}]},{\"@type\":\"WebSite\",\"@id\":\"https:\/\/www.puertaacorazada.es\/#website\",\"url\":\"https:\/\/www.puertaacorazada.es\/\",\"name\":\"PuertaAcorazada.es\",\"description\":\"Puertas acorazadas para la m\u00e1xima seguridad\",\"publisher\":{\"@id\":\"https:\/\/www.puertaacorazada.es\/#organization\"},\"potentialAction\":[{\"@type\":\"SearchAction\",\"target\":{\"@type\":\"EntryPoint\",\"urlTemplate\":\"https:\/\/www.puertaacorazada.es\/?s={search_term_string}\"},\"query-input\":{\"@type\":\"PropertyValueSpecification\",\"valueRequired\":true,\"valueName\":\"search_term_string\"}}],\"inLanguage\":\"pt-PT\"},{\"@type\":\"Organization\",\"@id\":\"https:\/\/www.puertaacorazada.es\/#organization\",\"name\":\"PuertaAcorazada.es\",\"url\":\"https:\/\/www.puertaacorazada.es\/\",\"logo\":{\"@type\":\"ImageObject\",\"inLanguage\":\"pt-PT\",\"@id\":\"https:\/\/www.puertaacorazada.es\/#\/schema\/logo\/image\/\",\"url\":\"https:\/\/www.puertaacorazada.es\/wp-content\/uploads\/2024\/08\/cropped-favicon1.png\",\"contentUrl\":\"https:\/\/www.puertaacorazada.es\/wp-content\/uploads\/2024\/08\/cropped-favicon1.png\",\"width\":512,\"height\":512,\"caption\":\"PuertaAcorazada.es\"},\"image\":{\"@id\":\"https:\/\/www.puertaacorazada.es\/#\/schema\/logo\/image\/\"}}]}<\/script>\n<!-- \/ Yoast SEO plugin. -->","yoast_head_json":{"title":"Porta blindada Segur-T - PuertaAcorazada.es","robots":{"index":"index","follow":"follow","max-snippet":"max-snippet:-1","max-image-preview":"max-image-preview:large","max-video-preview":"max-video-preview:-1"},"canonical":"https:\/\/www.puertaacorazada.es\/puertas-acorazadas\/segur-t-puerta-acorazada\/","og_locale":"pt_PT","og_type":"article","og_title":"Porta blindada Segur-T - PuertaAcorazada.es","og_description":"Puertaacorazada.es Porta blindada Segur-T Recursos e op\u00e7\u00f5es Uma porta blindada muito completa em termos de seguran\u00e7a e acess\u00f3rios, ideal para remodela\u00e7\u00f5es de apartamentos, que apresenta os mais elevados requisitos de seguran\u00e7a. Comandos de abertura parcial com resist\u00eancia suficiente aos impulsos. V\u00e1rias anti-alavancas na parte da dobradi\u00e7a que tornam ambos os lados da porta 100% refor\u00e7ados....","og_url":"https:\/\/www.puertaacorazada.es\/puertas-acorazadas\/segur-t-puerta-acorazada\/","og_site_name":"PuertaAcorazada.es","article_modified_time":"2024-09-23T17:19:39+00:00","og_image":[{"width":1120,"height":250,"url":"https:\/\/www.puertaacorazada.es\/wp-content\/uploads\/2024\/08\/cabecera-segur-t.jpg","type":"image\/jpeg"}],"twitter_card":"summary_large_image","twitter_misc":{"Tempo estimado de leitura":"1 minuto"},"schema":{"@context":"https:\/\/schema.org","@graph":[{"@type":"WebPage","@id":"https:\/\/www.puertaacorazada.es\/puertas-acorazadas\/segur-t-puerta-acorazada\/","url":"https:\/\/www.puertaacorazada.es\/puertas-acorazadas\/segur-t-puerta-acorazada\/","name":"Porta blindada Segur-T - PuertaAcorazada.es","isPartOf":{"@id":"https:\/\/www.puertaacorazada.es\/#website"},"primaryImageOfPage":{"@id":"https:\/\/www.puertaacorazada.es\/puertas-acorazadas\/segur-t-puerta-acorazada\/#primaryimage"},"image":{"@id":"https:\/\/www.puertaacorazada.es\/puertas-acorazadas\/segur-t-puerta-acorazada\/#primaryimage"},"thumbnailUrl":"https:\/\/www.puertaacorazada.es\/wp-content\/uploads\/2024\/08\/cabecera-segur-t.jpg","datePublished":"2024-08-05T15:55:53+00:00","dateModified":"2024-09-23T17:19:39+00:00","breadcrumb":{"@id":"https:\/\/www.puertaacorazada.es\/puertas-acorazadas\/segur-t-puerta-acorazada\/#breadcrumb"},"inLanguage":"pt-PT","potentialAction":[{"@type":"ReadAction","target":["https:\/\/www.puertaacorazada.es\/puertas-acorazadas\/segur-t-puerta-acorazada\/"]}]},{"@type":"ImageObject","inLanguage":"pt-PT","@id":"https:\/\/www.puertaacorazada.es\/puertas-acorazadas\/segur-t-puerta-acorazada\/#primaryimage","url":"https:\/\/www.puertaacorazada.es\/wp-content\/uploads\/2024\/08\/cabecera-segur-t.jpg","contentUrl":"https:\/\/www.puertaacorazada.es\/wp-content\/uploads\/2024\/08\/cabecera-segur-t.jpg"},{"@type":"BreadcrumbList","@id":"https:\/\/www.puertaacorazada.es\/puertas-acorazadas\/segur-t-puerta-acorazada\/#breadcrumb","itemListElement":[{"@type":"ListItem","position":1,"name":"Portada","item":"https:\/\/www.puertaacorazada.es\/"},{"@type":"ListItem","position":2,"name":"Porta blindada Segur-T"}]},{"@type":"WebSite","@id":"https:\/\/www.puertaacorazada.es\/#website","url":"https:\/\/www.puertaacorazada.es\/","name":"PuertaAcorazada.es","description":"Puertas acorazadas para la m\u00e1xima seguridad","publisher":{"@id":"https:\/\/www.puertaacorazada.es\/#organization"},"potentialAction":[{"@type":"SearchAction","target":{"@type":"EntryPoint","urlTemplate":"https:\/\/www.puertaacorazada.es\/?s={search_term_string}"},"query-input":{"@type":"PropertyValueSpecification","valueRequired":true,"valueName":"search_term_string"}}],"inLanguage":"pt-PT"},{"@type":"Organization","@id":"https:\/\/www.puertaacorazada.es\/#organization","name":"PuertaAcorazada.es","url":"https:\/\/www.puertaacorazada.es\/","logo":{"@type":"ImageObject","inLanguage":"pt-PT","@id":"https:\/\/www.puertaacorazada.es\/#\/schema\/logo\/image\/","url":"https:\/\/www.puertaacorazada.es\/wp-content\/uploads\/2024\/08\/cropped-favicon1.png","contentUrl":"https:\/\/www.puertaacorazada.es\/wp-content\/uploads\/2024\/08\/cropped-favicon1.png","width":512,"height":512,"caption":"PuertaAcorazada.es"},"image":{"@id":"https:\/\/www.puertaacorazada.es\/#\/schema\/logo\/image\/"}}]}},"_links":{"self":[{"href":"https:\/\/www.puertaacorazada.es\/pt-pt\/wp-json\/wp\/v2\/pages\/15077","targetHints":{"allow":["GET"]}}],"collection":[{"href":"https:\/\/www.puertaacorazada.es\/pt-pt\/wp-json\/wp\/v2\/pages"}],"about":[{"href":"https:\/\/www.puertaacorazada.es\/pt-pt\/wp-json\/wp\/v2\/types\/page"}],"author":[{"embeddable":true,"href":"https:\/\/www.puertaacorazada.es\/pt-pt\/wp-json\/wp\/v2\/users\/1"}],"replies":[{"embeddable":true,"href":"https:\/\/www.puertaacorazada.es\/pt-pt\/wp-json\/wp\/v2\/comments?post=15077"}],"version-history":[{"count":1,"href":"https:\/\/www.puertaacorazada.es\/pt-pt\/wp-json\/wp\/v2\/pages\/15077\/revisions"}],"predecessor-version":[{"id":15078,"href":"https:\/\/www.puertaacorazada.es\/pt-pt\/wp-json\/wp\/v2\/pages\/15077\/revisions\/15078"}],"wp:attachment":[{"href":"https:\/\/www.puertaacorazada.es\/pt-pt\/wp-json\/wp\/v2\/media?parent=15077"}],"curies":[{"name":"wp","href":"https:\/\/api.w.org\/{rel}","templated":true}]}}